{"id":1163,"date":"2018-04-16T13:41:26","date_gmt":"2018-04-16T13:41:26","guid":{"rendered":"https:\/\/www.ivanacalciano.com\/services\/"},"modified":"2020-03-12T16:44:19","modified_gmt":"2020-03-12T16:44:19","slug":"leistungen","status":"publish","type":"page","link":"https:\/\/www.ivanacalciano.com\/de\/leistungen\/","title":{"rendered":"Leistungen"},"content":{"rendered":"<p><div class=\"fat-fullwidth fat-row-wrap fat-row-shrink\" ><div class=\"row  has-bg-color has-bg-overlay\"  id=\"fat-pb-1561855d-6efc-1362-cad3-c7a0c4aa2966\" data-animation=\"none\" data-animation-delay=\"0\"  data-stellar-background-ratio=\"0.5\" data-mute=\"1\" ><div class=\"lk-bg-overlay\"><\/div> <div class=\"fat-container\"> <div class=\"fat-col col-md-12 col-xs-12 col-sm-12\" data-animation=\"none\" data-animation-delay=\"0\" id=\"fat-pb-a3c8b9e3-59b0-adaa-c89b-dd65cd8a3851\"  data-mute=\"1\" data-fit-to-bg=\"0\"> <section class=\"page-title-container max-width-800 page-title-left\" id=\"fat-pb-49eed80c-12f1-81a0-3358-0ed140c4e5c9\">\n        <div class=\"container\">\n        <div class=\"row\">\n            <div class=\"col-md-12 lk-no-lh\">\n                <div class=\"page-title-inner\">\n                    <h1 class=\"page-title-heading fw-regular\">\n                        Leistungen                    <\/h1>\n                                        <div class=\"breadcrumbs\">\n                        <div class=\"breadcrumbs-inner\"><span class=\"breadcrumbs-part\"><a rel=\"prev\" href=\"https:\/\/www.ivanacalciano.com\/de\/\">Home<\/a><\/span> \/ <span class=\"current\">Seite<\/span><\/div>                    <\/div>\n                <\/div>\n            <\/div>\n        <\/div>\n    <\/div>\n<\/section>\n<\/div> <\/div><\/div><\/div><div class=\"container\" ><div  class=\"row  has-bg-color\"  id=\"fat-pb-8d27eeb0-b4ac-dc82-7908-71ffadd20696\" data-animation=\"none\" data-animation-delay=\"0\"  data-mute=\"1\" > <div class=\"fat-col col-md-12 col-xs-12 col-sm-12\" data-animation=\"none\" data-animation-delay=\"0\" id=\"fat-pb-0a08affc-febe-ce04-6637-59868c134326\"  data-mute=\"1\" data-fit-to-bg=\"0\"> <div class=\"lk-service-container lk-service-01 has-box-shadow mg-top-40 mg-bottom-40 four-services-s\" id=\"fat-pb-141dfe60-31b7-1437-63b9-e9590ef79af6\" ><div class=\"row\"><div class=\"col-md-3 col-sm-6 col-xs-12\">\n    <div class=\"lk-service-item\">\n                    <div class=\"lk-service-thumb\">\n                <img src=\"https:\/\/www.ivanacalciano.com\/wp-content\/uploads\/2018\/04\/marketing.jpg\" width=\"370\" alt=\"Marketing\u00fcbersetzungen &amp; Transkreation\"\n                     height=\"270\">\n            <\/div>\n                <div class=\"lk-service-content\">\n            <h4 class=\"lk-service-title fs-22 fw-bold lk-lsp-0\">Marketing\u00fcbersetzungen &amp; Transkreation<\/h4>\n            <div class=\"lk-service-description\">\n                Gestalten Sie das Image Ihres Unternehmens und steigern Sie den Absatz im italienischsprachigen Markt mit attraktiven und ansprechenden Inhalten.            <\/div>\n                            <div class=\"lk-service-read-more mg-top-15\">\n                    <a class=\"text-upper fs-11 fw-extra lk-lsp-005 c-dark\" href=\"https:\/\/www.ivanacalciano.com\/de\/leistungen\/uebersetzungen-fuer-business-marketing\/\"\n                       target=\"_self\"\n                       title=\"Weiterlesen\">\n                        Weiterlesen<i class=\"fa fa-arrow-right pd-left-15\"><\/i>\n                    <\/a>\n                <\/div>\n                    <\/div>\n    <\/div>\n<\/div><div class=\"col-md-3 col-sm-6 col-xs-12\">\n    <div class=\"lk-service-item\">\n                    <div class=\"lk-service-thumb\">\n                <img src=\"https:\/\/www.ivanacalciano.com\/wp-content\/uploads\/2018\/07\/olu-eletu-38649-unsplash-1.jpg\" width=\"370\" alt=\"Gesch\u00e4fts\u00fcbersetzungen\"\n                     height=\"270\">\n            <\/div>\n                <div class=\"lk-service-content\">\n            <h4 class=\"lk-service-title fs-22 fw-bold lk-lsp-0\">Gesch\u00e4fts\u00fcbersetzungen<\/h4>\n            <div class=\"lk-service-description\">\n                Binden Sie Ihre italienischsprachigen MitarbeiterInnen in Ihr Unternehmen ein und halten Sie Ihre Partner \u00fcber Ihre Gesch\u00e4ftsaktivit\u00e4ten und Ergebnisse auf dem Laufenden - mit klaren und professionell formulierten Inhalten, die Ihr Image im Ausland st\u00e4rken und sichern.            <\/div>\n                            <div class=\"lk-service-read-more mg-top-15\">\n                    <a class=\"text-upper fs-11 fw-extra lk-lsp-005 c-dark\" href=\"https:\/\/www.ivanacalciano.com\/de\/leistungen\/uebersetzungen-fuer-business-marketing\/\"\n                       target=\"_self\"\n                       title=\"Weiterlesen\">\n                        Weiterlesen<i class=\"fa fa-arrow-right pd-left-15\"><\/i>\n                    <\/a>\n                <\/div>\n                    <\/div>\n    <\/div>\n<\/div><div class=\"col-md-3 col-sm-6 col-xs-12\">\n    <div class=\"lk-service-item\">\n                    <div class=\"lk-service-thumb\">\n                <img src=\"https:\/\/www.ivanacalciano.com\/wp-content\/uploads\/2018\/09\/Depositphotos_145123801_l-2015-1.jpg\" width=\"370\" alt=\"Versicherungs\u00fcbersetzungen f\u00fcr die Schweiz und Italien\"\n                     height=\"270\">\n            <\/div>\n                <div class=\"lk-service-content\">\n            <h4 class=\"lk-service-title fs-22 fw-bold lk-lsp-0\">Versicherungs\u00fcbersetzungen f\u00fcr die Schweiz und Italien<\/h4>\n            <div class=\"lk-service-description\">\n                Zeigen Sie Ihren italienischsprachigen Versicherten, dass ihr Verm\u00f6gen Ihnen wirklich am Herzen liegt und st\u00e4rken Sie die Kundenbindung mit verst\u00e4ndlichen und klaren Texten.            <\/div>\n                            <div class=\"lk-service-read-more mg-top-15\">\n                    <a class=\"text-upper fs-11 fw-extra lk-lsp-005 c-dark\" href=\"https:\/\/www.ivanacalciano.com\/de\/leistungen\/versicherungsuebersetzungen-fuer-die-schweiz\/\"\n                       target=\"_self\"\n                       title=\"Weiterlesen\">\n                        Weiterlesen<i class=\"fa fa-arrow-right pd-left-15\"><\/i>\n                    <\/a>\n                <\/div>\n                    <\/div>\n    <\/div>\n<\/div><div class=\"col-md-3 col-sm-6 col-xs-12\">\n    <div class=\"lk-service-item\">\n                    <div class=\"lk-service-thumb\">\n                <img src=\"https:\/\/www.ivanacalciano.com\/wp-content\/uploads\/2018\/07\/eberhard-grossgasteiger-604878-unsplash-1.jpg\" width=\"370\" alt=\"\u00dcbersetzungen f\u00fcr den Schweizer Markt\"\n                     height=\"270\">\n            <\/div>\n                <div class=\"lk-service-content\">\n            <h4 class=\"lk-service-title fs-22 fw-bold lk-lsp-0\">\u00dcbersetzungen f\u00fcr den Schweizer Markt<\/h4>\n            <div class=\"lk-service-description\">\n                Erweitern Sie Ihre Gesch\u00e4ftsbasis in der Schweiz und betreten Sie neues Terrain im eigenen Land - mit pr\u00e4zisen und ansprechenden \u00dcbersetzungen ins Schweizer Italienisch.            <\/div>\n                            <div class=\"lk-service-read-more mg-top-15\">\n                    <a class=\"text-upper fs-11 fw-extra lk-lsp-005 c-dark\" href=\"https:\/\/www.ivanacalciano.com\/de\/leistungen\/market-targeting-fuer-die-schweiz\/\"\n                       target=\"_self\"\n                       title=\"Weiterlesen\">\n                        Weiterlesen<i class=\"fa fa-arrow-right pd-left-15\"><\/i>\n                    <\/a>\n                <\/div>\n                    <\/div>\n    <\/div>\n<\/div><\/div><\/div><div class=\"lk-service-container lk-service-01 has-box-shadow three-services-s\" id=\"fat-pb-aa35bd70-8db6-aae0-80fc-adb3f5c919d6\" ><div class=\"row\"><div class=\"col-md-4 col-sm-6 col-xs-12\">\n    <div class=\"lk-service-item\">\n                    <div class=\"lk-service-thumb\">\n                <img src=\"https:\/\/www.ivanacalciano.com\/wp-content\/uploads\/2018\/04\/Natural-cosmetics-1.jpg\" width=\"370\" alt=\"\u00dcbersetzungen f\u00fcr die Naturkosmetikbranche\"\n                     height=\"270\">\n            <\/div>\n                <div class=\"lk-service-content\">\n            <h4 class=\"lk-service-title fs-22 fw-bold lk-lsp-0\">\u00dcbersetzungen f\u00fcr die Naturkosmetikbranche<\/h4>\n            <div class=\"lk-service-description\">\n                Wer in der Naturkosmetikbranche gesch\u00e4ftlich t\u00e4tig ist, legt in der Regel Wert auf umweltbewusste Produktionsphilosophien, eine sorgsame Auswahl der Inhaltsstoffe und Verpackungen und oft auch auf einen gesunden und bewussten Lebensstil. Schenken Sie Ihrer Unternehmensvision und Ihren hochwertigen Produkten eine gepflegte \u00dcbersetzung ins Italienische!            <\/div>\n                            <div class=\"lk-service-read-more mg-top-15\">\n                    <a class=\"text-upper fs-11 fw-extra lk-lsp-005 c-dark\" href=\"https:\/\/www.ivanacalciano.com\/de\/leistungen\/naturkosmetik\/\"\n                       target=\"_self\"\n                       title=\"Weiterlesen\">\n                        Weiterlesen<i class=\"fa fa-arrow-right pd-left-15\"><\/i>\n                    <\/a>\n                <\/div>\n                    <\/div>\n    <\/div>\n<\/div><div class=\"col-md-4 col-sm-6 col-xs-12\">\n    <div class=\"lk-service-item\">\n                    <div class=\"lk-service-thumb\">\n                <img src=\"https:\/\/www.ivanacalciano.com\/wp-content\/uploads\/2018\/09\/Depositphotos_116912296_l-2015s.jpg\" width=\"370\" alt=\"Lektorat &amp; Korrektorat\"\n                     height=\"270\">\n            <\/div>\n                <div class=\"lk-service-content\">\n            <h4 class=\"lk-service-title fs-22 fw-bold lk-lsp-0\">Lektorat &amp; Korrektorat<\/h4>\n            <div class=\"lk-service-description\">\n                Rechtschreib-, Grammatik- und Interpunktionsfehler schleichen sich immer mal in einen Text. Von einer zweiten \u00dcberpr\u00fcfung profitieren in der Regel auch Inhalt, Terminologie, Stil und Lesbarkeit. Denn wie hei\u00dft es so sch\u00f6n? - Vier Augen sehen mehr als zwei! Vertrauen Sie dabei auf die Professionalit\u00e4t Ihres Sprachdienstleisters: Ich pr\u00fcfe Ihre Texte und sorge bei Ihrer Pr\u00e4sentation oder Rede, den Inhalten Ihrer Webseite oder den Brief Ihres Vorstandsvorsitzenden vor der Ver\u00f6ffentlichung f\u00fcr den sprachlichen Feinschliff.            <\/div>\n                            <div class=\"lk-service-read-more mg-top-15\">\n                    <a class=\"text-upper fs-11 fw-extra lk-lsp-005 c-dark\" href=\"https:\/\/www.ivanacalciano.com\/de\/leistungen\/lektorat-korrektorat\/\"\n                       target=\"_self\"\n                       title=\"Weiterlesen\">\n                        Weiterlesen<i class=\"fa fa-arrow-right pd-left-15\"><\/i>\n                    <\/a>\n                <\/div>\n                    <\/div>\n    <\/div>\n<\/div><div class=\"col-md-4 col-sm-6 col-xs-12\">\n    <div class=\"lk-service-item\">\n                    <div class=\"lk-service-thumb\">\n                <img src=\"https:\/\/www.ivanacalciano.com\/wp-content\/uploads\/2018\/09\/Depositphotos_95720322_l-2015s.jpg\" width=\"370\" alt=\"Dolmetschen &amp; externes Kommunikationsmanagement\"\n                     height=\"270\">\n            <\/div>\n                <div class=\"lk-service-content\">\n            <h4 class=\"lk-service-title fs-22 fw-bold lk-lsp-0\">Dolmetschen &amp; externes Kommunikationsmanagement<\/h4>\n            <div class=\"lk-service-description\">\n                Vor, w\u00e4hrend und nach Ihren Treffen mit italienischen Kunden und Lieferanten stelle ich sicher, dass Ihre Kommunikation unter Ber\u00fccksichtigung sprachlicher, wirtschaftlicher und interkultureller Aspekte reibungslos verl\u00e4uft. Legen Sie auf Messen und in gesch\u00e4ftlichen Meetings einen professionellen Auftritt hin - und sprechen Sie die Sprache Ihrer Kunden und Lieferanten! So bleiben Sie mit Ihrer Zielgruppe und potenziellen Gesch\u00e4ftspartnern in Ihrem Zielland problemlos im Dialog.            <\/div>\n                            <div class=\"lk-service-read-more mg-top-15\">\n                    <a class=\"text-upper fs-11 fw-extra lk-lsp-005 c-dark\" href=\"https:\/\/www.ivanacalciano.com\/de\/leistungen\/italienisch-dolmetschen\/\"\n                       target=\"_self\"\n                       title=\"Weiterlesen\">\n                        Weiterlesen<i class=\"fa fa-arrow-right pd-left-15\"><\/i>\n                    <\/a>\n                <\/div>\n                    <\/div>\n    <\/div>\n<\/div><\/div><\/div><\/div> <\/div><\/div><div class=\"fat-fullwidth fat-row-wrap\"><div class=\"row \" id=\"fat-pb-d64d0fd1-b3c4-f74d-c5cf-f04e5aa75654\" data-animation=\"none\" data-animation-delay=\"0\"  data-column-equal-height=\"1\" > <div class=\"fat-col col-md-6 col-xs-12 col-sm-12 hide-on-mobile\" data-animation=\"none\" data-animation-delay=\"0\" id=\"fat-pb-8860cc2b-af6f-84da-8e1b-e4f84165c81a\" > <\/div><div class=\"fat-col col-md-6 col-xs-12 col-sm-12\" data-animation=\"none\" data-animation-delay=\"0\" id=\"fat-pb-43c93bbe-fb4d-0a69-bb31-8630c085d28f\" > <div class=\"lk-title-heading lk-heading-title-excerpt text-left lk-heading-dark  lk-heading-medium\" id=\"fat-pb-e85a3898-6662-06a4-bb7a-0d02e3ead9c0\">\n    <h2 class=\"lk-title  c-dark lk-lsp-005 mg-bottom-0 \" data-animation=\"none\" data-animation-delay=\"0\">\n        Ich freue mich darauf, <em>Ihr Projekt und Ihre Ziele<\/em> auf Italienisch &amp; Schweizer Italienisch zum Leben zu erwecken            <\/h2>\n            <div class=\"lk-excerpt-heading \" data-animation=\"none\" data-animation-delay=\"150\">\n            Ich m\u00f6chte:        <\/div>\n    <\/div><div class=\"lk-contact-form-container lk-cf-default mg-top-20 \" data-animation=\"none\" data-animation-delay=\"0\"><div role=\"form\" class=\"wpcf7\" id=\"wpcf7-f1222-o1\" lang=\"en-US\" dir=\"ltr\">\n<div class=\"screen-reader-response\"><p role=\"status\" aria-live=\"polite\" aria-atomic=\"true\"><\/p> <ul><\/ul><\/div>\n<form action=\"\/de\/wp-json\/wp\/v2\/pages\/1163#wpcf7-f1222-o1\" method=\"post\" class=\"wpcf7-form init\" novalidate=\"novalidate\" data-status=\"init\">\n<div style=\"display: none;\">\n<input type=\"hidden\" name=\"_wpcf7\" value=\"1222\" \/>\n<input type=\"hidden\" name=\"_wpcf7_version\" value=\"5.4.2\" \/>\n<input type=\"hidden\" name=\"_wpcf7_locale\" value=\"en_US\" \/>\n<input type=\"hidden\" name=\"_wpcf7_unit_tag\" value=\"wpcf7-f1222-o1\" \/>\n<input type=\"hidden\" name=\"_wpcf7_container_post\" value=\"0\" \/>\n<input type=\"hidden\" name=\"_wpcf7_posted_data_hash\" value=\"\" \/>\n<input type=\"hidden\" name=\"_wpcf7_recaptcha_response\" value=\"\" \/>\n<\/div>\n<div class=\"cronus-contact-form contact-style-01\">\n<div class=\"lk-full-size\">\n<span class=\"wpcf7-form-control-wrap menu-490\"><select name=\"menu-490\" class=\"wpcf7-form-control wpcf7-select\" aria-invalid=\"false\"><option value=\"Marketing\u00fcbersetzungen &amp; Transkreation\">Marketing\u00fcbersetzungen &amp; Transkreation<\/option><option value=\"Gesch\u00e4fts\u00fcbersetzungen\">Gesch\u00e4fts\u00fcbersetzungen<\/option><option value=\"Versicherungs\u00fcbersetzungen f\u00fcr die Schweiz und Italien\">Versicherungs\u00fcbersetzungen f\u00fcr die Schweiz und Italien<\/option><option value=\"\u00dcbersetzungen f\u00fcr den Schweizer Markt\">\u00dcbersetzungen f\u00fcr den Schweizer Markt<\/option><option value=\"\u00dcbersetzungen f\u00fcr Naturkosmetikmarken\">\u00dcbersetzungen f\u00fcr Naturkosmetikmarken<\/option><option value=\"Lektorat &amp; Korrektorat\">Lektorat &amp; Korrektorat<\/option><option value=\"Gesch\u00e4ftsdolmetschen &amp; externes Kommunikationsmanagement\">Gesch\u00e4ftsdolmetschen &amp; externes Kommunikationsmanagement<\/option><\/select><\/span>\n<\/div>\n<div class=\"lk-full-size\">\n<span class=\"wpcf7-form-control-wrap your-name\"><input type=\"text\" name=\"your-name\" value=\"\" size=\"40\" class=\"wpcf7-form-control wpcf7-text wpcf7-validates-as-required\" aria-required=\"true\" aria-invalid=\"false\" placeholder=\"Ihr Name\" \/><\/span>\n<\/div>\n<div class=\"lk-half-size\">\n<span class=\"wpcf7-form-control-wrap your-phone\"><input type=\"text\" name=\"your-phone\" value=\"\" size=\"40\" class=\"wpcf7-form-control wpcf7-text wpcf7-validates-as-required\" aria-required=\"true\" aria-invalid=\"false\" placeholder=\"Telefonnummer\" \/><\/span>\n<\/div>\n<div class=\"lk-half-size\">\n<span class=\"wpcf7-form-control-wrap your-email\"><input type=\"email\" name=\"your-email\" value=\"\" size=\"40\" class=\"wpcf7-form-control wpcf7-text wpcf7-email wpcf7-validates-as-required wpcf7-validates-as-email\" aria-required=\"true\" aria-invalid=\"false\" placeholder=\"E-Mail\" \/><\/span>\n<\/div>\n<div class=\"lk-full-size\">\n<input type=\"submit\" value=\"Senden\" class=\"wpcf7-form-control wpcf7-submit bt-bg-second\" \/>\n<\/div>\n<\/div>\n<div class=\"wpcf7-response-output\" aria-hidden=\"true\"><\/div><\/form><\/div><\/div><\/div><\/div><\/div><\/p>\n","protected":false},"excerpt":{"rendered":"","protected":false},"author":1,"featured_media":0,"parent":0,"menu_order":0,"comment_status":"closed","ping_status":"closed","template":"page-templates\/page-163.php","meta":[],"yoast_head":"<!-- This site is optimized with the Yoast SEO plugin v16.7 - https:\/\/yoast.com\/wordpress\/plugins\/seo\/ -->\n<title>Marketing- und Gesch\u00e4fts\u00fcbersetzungen auf Italienisch<\/title>\n<meta name=\"description\" content=\"\u00dcbersetzerin f\u00fcr Marketing, Versicherungen und Unternehmenskommunikation aus dem Englischen und Deutschen ins (Schweizerische) Italienische. Fragen?\" \/>\n<meta name=\"robots\" content=\"index, follow, max-snippet:-1, max-image-preview:large, max-video-preview:-1\" \/>\n<link rel=\"canonical\" href=\"https:\/\/www.ivanacalciano.com\/de\/leistungen\/\" \/>\n<meta property=\"og:locale\" content=\"de_DE\" \/>\n<meta property=\"og:type\" content=\"article\" \/>\n<meta property=\"og:title\" content=\"Marketing- und Gesch\u00e4fts\u00fcbersetzungen auf Italienisch\" \/>\n<meta property=\"og:description\" content=\"\u00dcbersetzerin f\u00fcr Marketing, Versicherungen und Unternehmenskommunikation aus dem Englischen und Deutschen ins (Schweizerische) Italienische. Fragen?\" \/>\n<meta property=\"og:url\" content=\"https:\/\/www.ivanacalciano.com\/de\/leistungen\/\" \/>\n<meta property=\"og:site_name\" content=\"(Swiss) Italian Translations\" \/>\n<meta property=\"article:modified_time\" content=\"2020-03-12T16:44:19+00:00\" \/>\n<meta name=\"twitter:card\" content=\"summary_large_image\" \/>\n<meta name=\"twitter:label1\" content=\"Gesch\u00e4tzte Lesezeit\" \/>\n\t<meta name=\"twitter:data1\" content=\"10\u00a0Minuten\" \/>\n<script type=\"application\/ld+json\" class=\"yoast-schema-graph\">{\"@context\":\"https:\/\/schema.org\",\"@graph\":[{\"@type\":\"WebSite\",\"@id\":\"https:\/\/www.ivanacalciano.com\/#website\",\"url\":\"https:\/\/www.ivanacalciano.com\/\",\"name\":\"(Swiss) Italian Translations\",\"description\":\"\",\"potentialAction\":[{\"@type\":\"SearchAction\",\"target\":{\"@type\":\"EntryPoint\",\"urlTemplate\":\"https:\/\/www.ivanacalciano.com\/?s={search_term_string}\"},\"query-input\":\"required name=search_term_string\"}],\"inLanguage\":\"de\"},{\"@type\":\"WebPage\",\"@id\":\"https:\/\/www.ivanacalciano.com\/de\/leistungen\/#webpage\",\"url\":\"https:\/\/www.ivanacalciano.com\/de\/leistungen\/\",\"name\":\"Marketing- und Gesch\\u00e4fts\\u00fcbersetzungen auf Italienisch\",\"isPartOf\":{\"@id\":\"https:\/\/www.ivanacalciano.com\/#website\"},\"datePublished\":\"2018-04-16T13:41:26+00:00\",\"dateModified\":\"2020-03-12T16:44:19+00:00\",\"description\":\"\\u00dcbersetzerin f\\u00fcr Marketing, Versicherungen und Unternehmenskommunikation aus dem Englischen und Deutschen ins (Schweizerische) Italienische. Fragen?\",\"breadcrumb\":{\"@id\":\"https:\/\/www.ivanacalciano.com\/de\/leistungen\/#breadcrumb\"},\"inLanguage\":\"de\",\"potentialAction\":[{\"@type\":\"ReadAction\",\"target\":[\"https:\/\/www.ivanacalciano.com\/de\/leistungen\/\"]}]},{\"@type\":\"BreadcrumbList\",\"@id\":\"https:\/\/www.ivanacalciano.com\/de\/leistungen\/#breadcrumb\",\"itemListElement\":[{\"@type\":\"ListItem\",\"position\":1,\"name\":\"Home\",\"item\":\"https:\/\/www.ivanacalciano.com\/de\/\"},{\"@type\":\"ListItem\",\"position\":2,\"name\":\"Leistungen\"}]}]}<\/script>\n<!-- \/ Yoast SEO plugin. -->","yoast_head_json":{"title":"Marketing- und Gesch\u00e4fts\u00fcbersetzungen auf Italienisch","description":"\u00dcbersetzerin f\u00fcr Marketing, Versicherungen und Unternehmenskommunikation aus dem Englischen und Deutschen ins (Schweizerische) Italienische. Fragen?","robots":{"index":"index","follow":"follow","max-snippet":"max-snippet:-1","max-image-preview":"max-image-preview:large","max-video-preview":"max-video-preview:-1"},"canonical":"https:\/\/www.ivanacalciano.com\/de\/leistungen\/","og_locale":"de_DE","og_type":"article","og_title":"Marketing- und Gesch\u00e4fts\u00fcbersetzungen auf Italienisch","og_description":"\u00dcbersetzerin f\u00fcr Marketing, Versicherungen und Unternehmenskommunikation aus dem Englischen und Deutschen ins (Schweizerische) Italienische. Fragen?","og_url":"https:\/\/www.ivanacalciano.com\/de\/leistungen\/","og_site_name":"(Swiss) Italian Translations","article_modified_time":"2020-03-12T16:44:19+00:00","twitter_card":"summary_large_image","twitter_misc":{"Gesch\u00e4tzte Lesezeit":"10\u00a0Minuten"},"schema":{"@context":"https:\/\/schema.org","@graph":[{"@type":"WebSite","@id":"https:\/\/www.ivanacalciano.com\/#website","url":"https:\/\/www.ivanacalciano.com\/","name":"(Swiss) Italian Translations","description":"","potentialAction":[{"@type":"SearchAction","target":{"@type":"EntryPoint","urlTemplate":"https:\/\/www.ivanacalciano.com\/?s={search_term_string}"},"query-input":"required name=search_term_string"}],"inLanguage":"de"},{"@type":"WebPage","@id":"https:\/\/www.ivanacalciano.com\/de\/leistungen\/#webpage","url":"https:\/\/www.ivanacalciano.com\/de\/leistungen\/","name":"Marketing- und Gesch\u00e4fts\u00fcbersetzungen auf Italienisch","isPartOf":{"@id":"https:\/\/www.ivanacalciano.com\/#website"},"datePublished":"2018-04-16T13:41:26+00:00","dateModified":"2020-03-12T16:44:19+00:00","description":"\u00dcbersetzerin f\u00fcr Marketing, Versicherungen und Unternehmenskommunikation aus dem Englischen und Deutschen ins (Schweizerische) Italienische. Fragen?","breadcrumb":{"@id":"https:\/\/www.ivanacalciano.com\/de\/leistungen\/#breadcrumb"},"inLanguage":"de","potentialAction":[{"@type":"ReadAction","target":["https:\/\/www.ivanacalciano.com\/de\/leistungen\/"]}]},{"@type":"BreadcrumbList","@id":"https:\/\/www.ivanacalciano.com\/de\/leistungen\/#breadcrumb","itemListElement":[{"@type":"ListItem","position":1,"name":"Home","item":"https:\/\/www.ivanacalciano.com\/de\/"},{"@type":"ListItem","position":2,"name":"Leistungen"}]}]}},"_links":{"self":[{"href":"https:\/\/www.ivanacalciano.com\/de\/wp-json\/wp\/v2\/pages\/1163"}],"collection":[{"href":"https:\/\/www.ivanacalciano.com\/de\/wp-json\/wp\/v2\/pages"}],"about":[{"href":"https:\/\/www.ivanacalciano.com\/de\/wp-json\/wp\/v2\/types\/page"}],"author":[{"embeddable":true,"href":"https:\/\/www.ivanacalciano.com\/de\/wp-json\/wp\/v2\/users\/1"}],"replies":[{"embeddable":true,"href":"https:\/\/www.ivanacalciano.com\/de\/wp-json\/wp\/v2\/comments?post=1163"}],"version-history":[{"count":12,"href":"https:\/\/www.ivanacalciano.com\/de\/wp-json\/wp\/v2\/pages\/1163\/revisions"}],"predecessor-version":[{"id":1488,"href":"https:\/\/www.ivanacalciano.com\/de\/wp-json\/wp\/v2\/pages\/1163\/revisions\/1488"}],"wp:attachment":[{"href":"https:\/\/www.ivanacalciano.com\/de\/wp-json\/wp\/v2\/media?parent=1163"}],"curies":[{"name":"wp","href":"https:\/\/api.w.org\/{rel}","templated":true}]}}