{"id":1165,"date":"2018-07-18T08:51:11","date_gmt":"2018-07-18T08:51:11","guid":{"rendered":"https:\/\/www.ivanacalciano.com\/services\/business-marketing-translation\/"},"modified":"2019-11-13T13:06:53","modified_gmt":"2019-11-13T13:06:53","slug":"uebersetzungen-fuer-business-marketing","status":"publish","type":"page","link":"https:\/\/www.ivanacalciano.com\/de\/leistungen\/uebersetzungen-fuer-business-marketing\/","title":{"rendered":"\u00dcbersetzungen f\u00fcr Business &#038; Marketing"},"content":{"rendered":"<p><div class=\"fat-fullwidth fat-row-wrap fat-row-shrink\" ><div class=\"row bcg-fix has-bg-color has-bg-overlay\"  id=\"fat-pb-1561855d-6efc-1362-cad3-c7a0c4aa2966\" data-animation=\"none\" data-animation-delay=\"0\"  data-mute=\"1\" ><div class=\"lk-bg-overlay\"><\/div> <div class=\"fat-container\"> <div class=\"fat-col col-md-12 col-xs-12 col-sm-12\" data-animation=\"none\" data-animation-delay=\"0\" id=\"fat-pb-a3c8b9e3-59b0-adaa-c89b-dd65cd8a3851\"  data-mute=\"1\" data-fit-to-bg=\"0\"> <section class=\"page-title-container max-width-800 page-title-left\" id=\"fat-pb-49eed80c-12f1-81a0-3358-0ed140c4e5c9\">\n        <div class=\"container\">\n        <div class=\"row\">\n            <div class=\"col-md-12 lk-no-lh\">\n                <div class=\"page-title-inner\">\n                    <h1 class=\"page-title-heading fw-regular\">\n                        \u00dcbersetzungen f\u00fcr Business &#038; Marketing                    <\/h1>\n                                        <div class=\"breadcrumbs\">\n                        <div class=\"breadcrumbs-inner\"><span class=\"breadcrumbs-part\"><a rel=\"prev\" href=\"https:\/\/www.ivanacalciano.com\/de\/\">Home<\/a><\/span> \/ <span class=\"current\">Seite<\/span><\/div>                    <\/div>\n                <\/div>\n            <\/div>\n        <\/div>\n    <\/div>\n<\/section>\n<\/div> <\/div><\/div><\/div><div class=\"fat-fullwidth fat-row-wrap fat-row-shrink\" ><div class=\"row  has-bg-color\"  id=\"fat-pb-cbcb535a-18bc-4c5b-07a2-35da0a4537e8\" data-animation=\"none\" data-animation-delay=\"0\"  data-mute=\"1\" > <div class=\"fat-container\"> <div class=\"fat-col col-md-6 col-xs-12 col-sm-12\" data-animation=\"none\" data-animation-delay=\"0\" id=\"fat-pb-06ab5ecf-b1ec-6585-e125-2c0c9b29898c\"  data-mute=\"1\" data-fit-to-bg=\"0\"> \n<div class=\"lk-title-heading lk-heading-subtitle-title-excerpt text-left lk-heading-custom  lk-heading-medium \" id=\"fat-pb-2645b9c2-46d1-0945-fe06-ea29807cda60\">\n    <div class=\"\" data-animation=\"none\" data-animation-delay=\"0\">\n            <div class=\"lk-subtitle-heading fs-13 fw-bold c-main lk-lsp-005 text-upper\">\n            \u00dcbersetzungen f\u00fcr Business &amp; Marketing und Transkreation aus dem Deutschen und Englischen ins Italienische        <\/div>\n        <h2 class=\"lk-title c-dark lk-lsp-005 mg-bottom-0\">\n        \u00dcbersetzungen, die Ihre Botschaft auf den Punkt bringen.            <\/h2>\n    <\/div>\n            <div class=\"lk-excerpt-heading \" data-animation=\"none\" data-animation-delay=\"150\">\n            <em>Denn schlie\u00dflich geht es um die Identit\u00e4t Ihrer Marke<\/em>        <\/div>\n    <\/div><div class=\"fat-text mg-top-20 ff-main fw-regular\" id=\"fat-pb-725f20ee-dc47-6eea-11a1-23f2ed4ced12\" style=\"font-size:16px;color:inherit\" data-animation=\"none\" data-animation-delay=\"0\"><p>Die \u00dcbersetzung ist der Schl\u00fcssel zu Ihrem Image bei Ihrer Zielgruppe und Ihren Lieferanten, Kunden und Stakeholdern und\/oder Ihren eigenen MitarbeiterInnen im Ausland. Ob sie mit Ihnen arbeiten oder mit Ihnen Gesch\u00e4fte machen wollen, entscheiden die Menschen aufgrund des Eindrucks, den sie von Ihrem Unternehmen haben.<\/p>\n<p>&nbsp;<\/p>\n<p>&nbsp;<\/p>\n<div class=\"lk-title-heading lk-heading-subtitle-title-excerpt text-left lk-heading-custom lk-heading-medium \">\n<div class=\"lk-excerpt-heading \" data-animation=\"none\" data-animation-delay=\"150\"><em>Was z\u00e4hlt, ist wie Sie wahrgenommen werden &#8211; die \u00dcbersetzung Ihrer Inhalte ist dabei das A und O.<\/em><\/div>\n<\/div>\n<p>\n<\/div><\/div><div class=\"fat-col col-md-6 col-xs-12 col-sm-12\" data-animation=\"none\" data-animation-delay=\"0\" id=\"fat-pb-0dcea590-5c69-d05b-37eb-908e65f261a4\"  data-mute=\"1\"> <div class=\"fat-text mg-top-20 ff-main fw-regular\" id=\"fat-pb-6c434110-6a70-4f1a-c8f4-18219c8de7af\" style=\"font-size:16px;color:inherit\" data-animation=\"none\" data-animation-delay=\"0\"><p><em>Einige Beispiele f\u00fcr Gesch\u00e4fts- und Marketingtexte, die ich f\u00fcr meine Kunden \u00fcbersetze: interne Mitteilungen und Berichte, Inhalte rund um Ihre Unternehmensstrategie, Vertr\u00e4ge und Vereinbarungen, Unternehmensrichtlinien und -verfahren, Gesch\u00e4ftsberichte, Personal-, Schulungs- und Corporate Responsibility-Dokumente, Webseiten, Brosch\u00fcren, Unternehmenspr\u00e4sentationen, Pressemitteilungen, Newsletter, Blogs, Flyer und vieles mehr.<\/em><\/p>\n<\/div><\/div> <\/div><\/div><\/div><div class=\"fat-fullwidth fat-row-wrap\"><div class=\"row  has-bg-color\" id=\"fat-pb-98b0eb2a-2801-e029-bbc0-79b515e318a7\" data-animation=\"none\" data-animation-delay=\"0\"  data-column-equal-height=\"1\" data-mute=\"1\" > <div class=\"fat-col col-md-6 col-xs-12 col-sm-12\" data-animation=\"none\" data-animation-delay=\"0\" id=\"fat-pb-9c6252e5-747d-ea37-6d7d-e1fb0a50bc1b\"  data-mute=\"1\"> \n<div class=\"lk-title-heading lk-heading-subtitle-title text-left lk-heading-custom  lk-heading-small \" id=\"fat-pb-c59224ba-9946-c7cf-03a2-1074bcf454da\" data-animation=\"none\" data-animation-delay=\"0\">\n        <h2 class=\"lk-title c-dark lk-lsp-005 mg-bottom-0\">\n        Wenn Sie mit mir zusammenarbeiten, erwartet Sie:            <\/h2>\n<\/div><div class=\"fat-list lk-list-inline\"><ul class=\"no-list-style\"><li class=\"has-icon\"><span class=\"lk-list-icon\"><i style=\"color:#11223c;\" class=\"fa fa-check\"><\/i><\/span><span class=\"lk-list-title\" style=\"font-size:16px;font-weight:400;\">Ein aussagekr\u00e4ftiger und authentischer Schreibstil<\/span><\/li><li class=\"has-icon\"><span class=\"lk-list-icon\"><i style=\"color:#11223c;\" class=\"fa fa-check\"><\/i><\/span><span class=\"lk-list-title\" style=\"font-size:16px;font-weight:400;\">Flexibilit\u00e4t und Anpassungsf\u00e4higkeit<\/span><\/li><li class=\"has-icon\"><span class=\"lk-list-icon\"><i style=\"color:#11223c;\" class=\"fa fa-check\"><\/i><\/span><span class=\"lk-list-title\" style=\"font-size:16px;font-weight:400;\">Ein offenes Ohr f\u00fcr Ihre W\u00fcnsche<\/span><\/li><\/ul><\/div>\n<div class=\"lk-title-heading lk-heading-subtitle-title text-left lk-heading-custom mg-top-20  lk-heading-small \" id=\"fat-pb-205ba7c4-a4e7-43b4-4bfa-69c3964a0614\" data-animation=\"none\" data-animation-delay=\"0\">\n        <h2 class=\"lk-title c-dark lk-lsp-005 mg-bottom-0\">\n        Ich arbeite mit Ihnen, damit:            <\/h2>\n<\/div><div class=\"fat-list lk-list-inline\"><ul class=\"no-list-style\"><li class=\"has-icon\"><span class=\"lk-list-icon\"><i style=\"color:#11223c;\" class=\"fa fa-check\"><\/i><\/span><span class=\"lk-list-title\" style=\"font-size:16px;font-weight:400;\">Ihre Marketingbotschaft die Zielgruppe erreicht <\/span><\/li><li class=\"has-icon\"><span class=\"lk-list-icon\"><i style=\"color:#11223c;\" class=\"fa fa-check\"><\/i><\/span><span class=\"lk-list-title\" style=\"font-size:16px;font-weight:400;\">Sie lebendige und klare italienische Texte erhalten, genau und gr\u00fcndlich recherchiert, die ein zuverl\u00e4ssiges und professionelles Bild Ihres Unternehmens vermitteln. Nat\u00fcrlich passe ich den Ton an die Sprache der Zielgruppe an - egal, ob sie sich an die G\u00e4ste von luxuri\u00f6sen Seniorenheimen oder die LeserInnen von Vice wenden, die's gerne auch mal etwas provokativer m\u00f6gen<\/span><\/li><li class=\"has-icon\"><span class=\"lk-list-icon\"><i style=\"color:#11223c;\" class=\"fa fa-check\"><\/i><\/span><span class=\"lk-list-title\" style=\"font-size:16px;font-weight:400;\">kulturspezifische Aspekte, die immer wieder zu Missverst\u00e4ndnissen f\u00fchren k\u00f6nnen, bei der \u00dcbersetzung nicht verloren gehen \u2013 und Sie sich weiter sicher auf dem gesch\u00e4ftlichen Parkett bewegen<\/span><\/li><li class=\"has-icon\"><span class=\"lk-list-icon\"><i style=\"color:#11223c;\" class=\"fa fa-check\"><\/i><\/span><span class=\"lk-list-title\" style=\"font-size:16px;font-weight:400;\">Sie immer auf meine Hilfe oder meinen Rat z\u00e4hlen k\u00f6nnen, wenn Sie Fragen zur italienischen Lokalisierung Ihrer Texte haben <\/span><\/li><\/ul><\/div><\/div><div class=\"fat-col col-md-6 col-xs-12 col-sm-12\" data-animation=\"none\" data-animation-delay=\"0\" id=\"fat-pb-90f479e7-b95e-2235-5f9e-61d2487c8cd3\"  data-mute=\"1\"> <\/div><\/div><\/div><div class=\"fat-fullwidth fat-row-wrap fat-row-shrink\" ><div class=\"row  has-bg-color\"  id=\"fat-pb-802cb17b-6d5a-d4de-4981-d0ea2c476fb5\" data-animation=\"none\" data-animation-delay=\"0\"  data-mute=\"1\" > <div class=\"fat-container\"> <div class=\"fat-col col-md-12 col-xs-12 col-sm-12\" data-animation=\"none\" data-animation-delay=\"0\" id=\"fat-pb-e1e9062a-7c08-81b3-4ce9-51d2b390f7d8\"  data-mute=\"1\"> \n<div class=\"lk-title-heading lk-heading-subtitle-title text-center lk-heading-custom  lk-heading-medium vertical-line\" id=\"fat-pb-0894a5da-b52e-b168-2d75-6fa5f34c1bd5\" data-animation=\"none\" data-animation-delay=\"0\">\n        <h2 class=\"lk-title c-dark lk-lsp-005 mg-bottom-0\">\n        Das sagen meine Kunden \u00fcber mich            <\/h2>\n<\/div><div class=\"lk-testimonial-container owl-carousel lk-bg-transparent lk-testimonial-style-03 text-center\" data-animation=\"none\" data-animation-delay=\"150\" data-owl-options='{\"items\":\"1\",\"margin\":0,\"loop\":true,\"dots\":false,\"nav\":true,\"autoHeight\":\"true\",\"autoplay\":true,\"autoplayTimeout\":15000,\"rtl\":false}' ><div class=\"lk-testimonial-item text-center\">\n    <div class=\"lk-testimonial-message fs-30 lk-italic fw-bold\" style=\"color:#282828\">\n        \u201cIhre Italienisch\u00fcbersetzungen sind stilistisch absolut top, sie stachen bereits bei den ersten Tests hervor. Vor allem sch\u00e4tzen wir Ihre ausgepr\u00e4gte Flexibilit\u00e4t, denn wir arbeiten in einem hektischen Umfeld und haben es daher oft mit kurzen Lieferfristen zu tun. Es ist nicht einfach, unter Zeitdruck stilistisch Hochwertiges zu liefern \u2013 dass Sie es k\u00f6nnen, haben Sie uns wiederholt bewiesen.\u201d\n    <\/div>\n            <div class=\"lk-testimonial-customer-avatar text-center\">\n            <img class=\"lk-small-avatar\" alt=\"Herr Z.\" src=\"\" width=\"100\" height=\"100\">\n        <\/div>\n        <div class=\"lk-testimonial-customer\">\n        <h4 class=\"text-upper lk-testimonial-customer-name fs-14 fw-semi lk-lsp-0 mg-bottom-0 mg-top-35\"\n            style=\"color:#282828\"\n        >Herr Z.<\/h4>\n        <span class=\"lk-testimonial-department fs-14 ff-second lk-italic lk-lsp-0\" style=\"color:#4edfb3\">\u00dcbersetzungsagentur, Schweiz<\/span>\n    <\/div>\n<\/div><div class=\"lk-testimonial-item text-center\">\n    <div class=\"lk-testimonial-message fs-30 lk-italic fw-bold\" style=\"color:#282828\">\n        \u201cFrau Calciano ist eine vielseitige und motivierte Mitarbeiterin. Sie hat mehrheitlich Texte im Bereich Marketing, Wirtschaft\/Finanzen, Tourismus und Recht zu unserer vollen Zufriedenheit \u00fcbersetzt und korrigiert.<br \/>\nSie war von Beginn weg sehr engagiert und verf\u00fcgte \u00fcber hervorragende stilistische F\u00e4higkeiten. P\u00fcnktlichkeit und Sorgfalt zeichnen sie aus.<\/p>\n<p>Auch bei schwierigen Auftr\u00e4gen lieferte Frau Calciano ein gutes Produkt, welches auch unsere Kunden zufrieden stellte. Die Arbeit von Frau Calciano wird intern wie auch extern sehr gesch\u00e4tzt.\u201d\n    <\/div>\n            <div class=\"lk-testimonial-customer-avatar text-center\">\n            <img class=\"lk-small-avatar\" alt=\"Dalibor Damjanovic,\" src=\"\" width=\"100\" height=\"100\">\n        <\/div>\n        <div class=\"lk-testimonial-customer\">\n        <h4 class=\"text-upper lk-testimonial-customer-name fs-14 fw-semi lk-lsp-0 mg-bottom-0 mg-top-35\"\n            style=\"color:#282828\"\n        >Dalibor Damjanovic,<\/h4>\n        <span class=\"lk-testimonial-department fs-14 ff-second lk-italic lk-lsp-0\" style=\"color:#4edfb3\">Leiter Quality Management, Translation Probst AG<\/span>\n    <\/div>\n<\/div><div class=\"lk-testimonial-item text-center\">\n    <div class=\"lk-testimonial-message fs-30 lk-italic fw-bold\" style=\"color:#282828\">\n        \u201cFrau Calciano \u00fcbersetzt f\u00fcr mich Texte aus den Bereichen Versicherungsrecht, Marketing und Sprachwissenschaft. Dazu geh\u00f6ren unter anderem E-Learning-Kurse, Produktpr\u00e4sentationen, Werbematerial sowie Beitr\u00e4ge aus sprachwissenschaftlichen Abhandlungen. Die von Frau Calciano angefertigten \u00dcbersetzungen werden von meinen Kunden aufgrund ihres hohen Grads an Idiomatik, Pr\u00e4zision und Sachkunde sehr gesch\u00e4tzt. Ich beauftrage Frau Calciano meinerseits gerne aufgrund der von ihr an den Tag gelegten Sorgfalt, Zuverl\u00e4ssigkeit und P\u00fcnktlichkeit. Somit kann ich meinen Kunden dank Frau Calcianos Hilfe stets qualitativ hochwertige \u00dcbersetzungen garantieren. Frau Calciano ist bei einer entsprechenden Anfrage immer die erste \u00dcbersetzerin, die ich f\u00fcr mein Anliegen kontaktiere.\u201d\n    <\/div>\n            <div class=\"lk-testimonial-customer-avatar text-center\">\n            <img class=\"lk-small-avatar\" alt=\"Alessandra Savastano,\" src=\"\" width=\"100\" height=\"100\">\n        <\/div>\n        <div class=\"lk-testimonial-customer\">\n        <h4 class=\"text-upper lk-testimonial-customer-name fs-14 fw-semi lk-lsp-0 mg-bottom-0 mg-top-35\"\n            style=\"color:#282828\"\n        >Alessandra Savastano,<\/h4>\n        <span class=\"lk-testimonial-department fs-14 ff-second lk-italic lk-lsp-0\" style=\"color:#4edfb3\">Savastano \u00dcbersetzungsdienst<\/span>\n    <\/div>\n<\/div><div class=\"lk-testimonial-item text-center\">\n    <div class=\"lk-testimonial-message fs-30 lk-italic fw-bold\" style=\"color:#282828\">\n        \u201cFrau Calciano ist eine sehr zuverl\u00e4ssige Freelancerin, sie arbeitet stets professionell und hat sehr gute Kenntnisse der deutschen, englischen und italienischen Sprache. Die Deadlines h\u00e4lt sie immer ein und legt dabei grosse zeitliche Flexibilit\u00e4t an den Tag. Die Zusammenarbeit ist sehr angenehm und l\u00f6sungsorientiert. Die Texte sind meistens aus den Fachgebieten Marketing, Bildung, Industrie, Kommunikation, Tourismus, Energie und Mode. Die Auftr\u00e4ge wurden stets p\u00fcnktlich geliefert und zu unserer vollsten Zufriedenheit bearbeitet.\u201d\n    <\/div>\n            <div class=\"lk-testimonial-customer-avatar text-center\">\n            <img class=\"lk-small-avatar\" alt=\"Monica Grasso,\" src=\"\" width=\"100\" height=\"100\">\n        <\/div>\n        <div class=\"lk-testimonial-customer\">\n        <h4 class=\"text-upper lk-testimonial-customer-name fs-14 fw-semi lk-lsp-0 mg-bottom-0 mg-top-35\"\n            style=\"color:#282828\"\n        >Monica Grasso,<\/h4>\n        <span class=\"lk-testimonial-department fs-14 ff-second lk-italic lk-lsp-0\" style=\"color:#4edfb3\">Sprachmanagerin, Supertext Deutschland GmbH<\/span>\n    <\/div>\n<\/div><div class=\"lk-testimonial-item text-center\">\n    <div class=\"lk-testimonial-message fs-30 lk-italic fw-bold\" style=\"color:#282828\">\n        \u201cDer \u00dcbersetzungsdienst der Allianz Suisse freut sich sehr, auf die sprachliche Kompetenz von Frau Calciano z\u00e4hlen zu k\u00f6nnen, die qualitativ hochwertige \u00dcbersetzungen liefert und immer sehr flexibel ist. Wir sind sehr zufrieden mit dieser fruchtbaren Zusammenarbeit. \u201d\n    <\/div>\n            <div class=\"lk-testimonial-customer-avatar text-center\">\n            <img class=\"lk-small-avatar\" alt=\"T. Questier,\" src=\"\" width=\"100\" height=\"100\">\n        <\/div>\n        <div class=\"lk-testimonial-customer\">\n        <h4 class=\"text-upper lk-testimonial-customer-name fs-14 fw-semi lk-lsp-0 mg-bottom-0 mg-top-35\"\n            style=\"color:#282828\"\n        >T. Questier,<\/h4>\n        <span class=\"lk-testimonial-department fs-14 ff-second lk-italic lk-lsp-0\" style=\"color:#4edfb3\">Leiter \u00dcbersetzungsdienst der Allianz Suisse <\/span>\n    <\/div>\n<\/div><\/div><\/div> <\/div><\/div><\/div><div class=\"fat-fullwidth fat-row-wrap fat-row-shrink\" ><div class=\"row  has-bg-color\"  id=\"fat-pb-eb288101-ce0d-24f6-8aa3-17ac9190592d\" data-animation=\"none\" data-animation-delay=\"0\"  data-mute=\"1\" > <div class=\"fat-container\"> <div class=\"fat-col col-md-12 col-xs-12 col-sm-12\" data-animation=\"none\" data-animation-delay=\"0\" id=\"fat-pb-10dac990-1113-b74c-6bc8-ac0777584ff4\"  data-mute=\"1\" data-fit-to-bg=\"0\"> \n<div class=\"lk-title-heading lk-heading-subtitle-title text-center lk-heading-custom  lk-heading-medium vertical-line\" id=\"fat-pb-6ac3a7c7-724d-e00f-f809-15afa1ead604\" data-animation=\"none\" data-animation-delay=\"0\">\n        <h2 class=\"lk-title c-dark lk-lsp-005 mg-bottom-0\">\n        Transkreation ... nur ein weiteres Modewort?            <\/h2>\n<\/div><div class=\"fat-text mg-top-20 ff-main fw-regular\" id=\"fat-pb-a1290b83-41a4-26d6-12bb-18b513504568\" style=\"font-size:16px;color:inherit\" data-animation=\"none\" data-animation-delay=\"0\"><\/p>\n<p style=\"text-align: center; color: #fff;\">Jein! Die g\u00e4ngige Definition von Transkreation als einer nicht-w\u00f6rtlichen, idiomatischen und auf die Zielkultur ausgerichteten \u00dcbersetzung teile ich zwar nicht &#8211; denn eine w\u00f6rtliche und unidiomatische \u00dcbersetzung ist einfach eine schlechte \u00dcbersetzung! Trotzdem muss f\u00fcr die \u00dcbersetzung einer Marketingbotschaft manchmal tiefgreifend in einen Text eingegriffen werden, damit sie f\u00fcr die fremdsprachlichen Zielgruppe relevant und einpr\u00e4gsam wird &#8211; und damit peinliche interkulturelle Fehler vermieden werden. Wenn Sie Ihren Text nicht sofort wiedererkennen, nicht gleich erschrecken! Ihre Idee l\u00e4sst sich manchmal<\/p>\n<p>\n<\/div><\/div> <\/div><\/div><\/div><\/p>\n","protected":false},"excerpt":{"rendered":"","protected":false},"author":1,"featured_media":0,"parent":1163,"menu_order":0,"comment_status":"closed","ping_status":"closed","template":"page-templates\/page-163.php","meta":[],"yoast_head":"<!-- This site is optimized with the Yoast SEO plugin v16.7 - https:\/\/yoast.com\/wordpress\/plugins\/seo\/ -->\n<title>\u00dcbersetzungen f\u00fcr Business &amp; Marketing - (Swiss) Italian Translations<\/title>\n<meta name=\"robots\" content=\"index, follow, max-snippet:-1, max-image-preview:large, max-video-preview:-1\" \/>\n<link rel=\"canonical\" href=\"https:\/\/www.ivanacalciano.com\/de\/leistungen\/uebersetzungen-fuer-business-marketing\/\" \/>\n<meta property=\"og:locale\" content=\"de_DE\" \/>\n<meta property=\"og:type\" content=\"article\" \/>\n<meta property=\"og:title\" content=\"\u00dcbersetzungen f\u00fcr Business &amp; Marketing - (Swiss) Italian Translations\" \/>\n<meta property=\"og:url\" content=\"https:\/\/www.ivanacalciano.com\/de\/leistungen\/uebersetzungen-fuer-business-marketing\/\" \/>\n<meta property=\"og:site_name\" content=\"(Swiss) Italian Translations\" \/>\n<meta property=\"article:modified_time\" content=\"2019-11-13T13:06:53+00:00\" \/>\n<meta name=\"twitter:card\" content=\"summary_large_image\" \/>\n<meta name=\"twitter:label1\" content=\"Gesch\u00e4tzte Lesezeit\" \/>\n\t<meta name=\"twitter:data1\" content=\"17\u00a0Minuten\" \/>\n<script type=\"application\/ld+json\" class=\"yoast-schema-graph\">{\"@context\":\"https:\/\/schema.org\",\"@graph\":[{\"@type\":\"WebSite\",\"@id\":\"https:\/\/www.ivanacalciano.com\/#website\",\"url\":\"https:\/\/www.ivanacalciano.com\/\",\"name\":\"(Swiss) Italian Translations\",\"description\":\"\",\"potentialAction\":[{\"@type\":\"SearchAction\",\"target\":{\"@type\":\"EntryPoint\",\"urlTemplate\":\"https:\/\/www.ivanacalciano.com\/?s={search_term_string}\"},\"query-input\":\"required name=search_term_string\"}],\"inLanguage\":\"de\"},{\"@type\":\"WebPage\",\"@id\":\"https:\/\/www.ivanacalciano.com\/de\/leistungen\/uebersetzungen-fuer-business-marketing\/#webpage\",\"url\":\"https:\/\/www.ivanacalciano.com\/de\/leistungen\/uebersetzungen-fuer-business-marketing\/\",\"name\":\"\\u00dcbersetzungen f\\u00fcr Business & Marketing - (Swiss) Italian Translations\",\"isPartOf\":{\"@id\":\"https:\/\/www.ivanacalciano.com\/#website\"},\"datePublished\":\"2018-07-18T08:51:11+00:00\",\"dateModified\":\"2019-11-13T13:06:53+00:00\",\"breadcrumb\":{\"@id\":\"https:\/\/www.ivanacalciano.com\/de\/leistungen\/uebersetzungen-fuer-business-marketing\/#breadcrumb\"},\"inLanguage\":\"de\",\"potentialAction\":[{\"@type\":\"ReadAction\",\"target\":[\"https:\/\/www.ivanacalciano.com\/de\/leistungen\/uebersetzungen-fuer-business-marketing\/\"]}]},{\"@type\":\"BreadcrumbList\",\"@id\":\"https:\/\/www.ivanacalciano.com\/de\/leistungen\/uebersetzungen-fuer-business-marketing\/#breadcrumb\",\"itemListElement\":[{\"@type\":\"ListItem\",\"position\":1,\"name\":\"Home\",\"item\":\"https:\/\/www.ivanacalciano.com\/de\/\"},{\"@type\":\"ListItem\",\"position\":2,\"name\":\"Leistungen\",\"item\":\"https:\/\/www.ivanacalciano.com\/de\/leistungen\/\"},{\"@type\":\"ListItem\",\"position\":3,\"name\":\"\\u00dcbersetzungen f\\u00fcr Business &#038; Marketing\"}]}]}<\/script>\n<!-- \/ Yoast SEO plugin. -->","yoast_head_json":{"title":"\u00dcbersetzungen f\u00fcr Business & Marketing - (Swiss) Italian Translations","robots":{"index":"index","follow":"follow","max-snippet":"max-snippet:-1","max-image-preview":"max-image-preview:large","max-video-preview":"max-video-preview:-1"},"canonical":"https:\/\/www.ivanacalciano.com\/de\/leistungen\/uebersetzungen-fuer-business-marketing\/","og_locale":"de_DE","og_type":"article","og_title":"\u00dcbersetzungen f\u00fcr Business & Marketing - (Swiss) Italian Translations","og_url":"https:\/\/www.ivanacalciano.com\/de\/leistungen\/uebersetzungen-fuer-business-marketing\/","og_site_name":"(Swiss) Italian Translations","article_modified_time":"2019-11-13T13:06:53+00:00","twitter_card":"summary_large_image","twitter_misc":{"Gesch\u00e4tzte Lesezeit":"17\u00a0Minuten"},"schema":{"@context":"https:\/\/schema.org","@graph":[{"@type":"WebSite","@id":"https:\/\/www.ivanacalciano.com\/#website","url":"https:\/\/www.ivanacalciano.com\/","name":"(Swiss) Italian Translations","description":"","potentialAction":[{"@type":"SearchAction","target":{"@type":"EntryPoint","urlTemplate":"https:\/\/www.ivanacalciano.com\/?s={search_term_string}"},"query-input":"required name=search_term_string"}],"inLanguage":"de"},{"@type":"WebPage","@id":"https:\/\/www.ivanacalciano.com\/de\/leistungen\/uebersetzungen-fuer-business-marketing\/#webpage","url":"https:\/\/www.ivanacalciano.com\/de\/leistungen\/uebersetzungen-fuer-business-marketing\/","name":"\u00dcbersetzungen f\u00fcr Business & Marketing - (Swiss) Italian Translations","isPartOf":{"@id":"https:\/\/www.ivanacalciano.com\/#website"},"datePublished":"2018-07-18T08:51:11+00:00","dateModified":"2019-11-13T13:06:53+00:00","breadcrumb":{"@id":"https:\/\/www.ivanacalciano.com\/de\/leistungen\/uebersetzungen-fuer-business-marketing\/#breadcrumb"},"inLanguage":"de","potentialAction":[{"@type":"ReadAction","target":["https:\/\/www.ivanacalciano.com\/de\/leistungen\/uebersetzungen-fuer-business-marketing\/"]}]},{"@type":"BreadcrumbList","@id":"https:\/\/www.ivanacalciano.com\/de\/leistungen\/uebersetzungen-fuer-business-marketing\/#breadcrumb","itemListElement":[{"@type":"ListItem","position":1,"name":"Home","item":"https:\/\/www.ivanacalciano.com\/de\/"},{"@type":"ListItem","position":2,"name":"Leistungen","item":"https:\/\/www.ivanacalciano.com\/de\/leistungen\/"},{"@type":"ListItem","position":3,"name":"\u00dcbersetzungen f\u00fcr Business &#038; Marketing"}]}]}},"_links":{"self":[{"href":"https:\/\/www.ivanacalciano.com\/de\/wp-json\/wp\/v2\/pages\/1165"}],"collection":[{"href":"https:\/\/www.ivanacalciano.com\/de\/wp-json\/wp\/v2\/pages"}],"about":[{"href":"https:\/\/www.ivanacalciano.com\/de\/wp-json\/wp\/v2\/types\/page"}],"author":[{"embeddable":true,"href":"https:\/\/www.ivanacalciano.com\/de\/wp-json\/wp\/v2\/users\/1"}],"replies":[{"embeddable":true,"href":"https:\/\/www.ivanacalciano.com\/de\/wp-json\/wp\/v2\/comments?post=1165"}],"version-history":[{"count":12,"href":"https:\/\/www.ivanacalciano.com\/de\/wp-json\/wp\/v2\/pages\/1165\/revisions"}],"predecessor-version":[{"id":1483,"href":"https:\/\/www.ivanacalciano.com\/de\/wp-json\/wp\/v2\/pages\/1165\/revisions\/1483"}],"up":[{"embeddable":true,"href":"https:\/\/www.ivanacalciano.com\/de\/wp-json\/wp\/v2\/pages\/1163"}],"wp:attachment":[{"href":"https:\/\/www.ivanacalciano.com\/de\/wp-json\/wp\/v2\/media?parent=1165"}],"curies":[{"name":"wp","href":"https:\/\/api.w.org\/{rel}","templated":true}]}}