{"id":1167,"date":"2018-07-18T08:52:35","date_gmt":"2018-07-18T08:52:35","guid":{"rendered":"https:\/\/www.ivanacalciano.com\/services\/editing-proofreading\/"},"modified":"2019-02-21T12:01:09","modified_gmt":"2019-02-21T12:01:09","slug":"lektorat-korrektorat","status":"publish","type":"page","link":"https:\/\/www.ivanacalciano.com\/de\/leistungen\/lektorat-korrektorat\/","title":{"rendered":"Lektorat &#038; Korrektorat"},"content":{"rendered":"<p><div class=\"fat-fullwidth fat-row-wrap fat-row-shrink\" ><div class=\"row \"  id=\"fat-pb-1561855d-6efc-1362-cad3-c7a0c4aa2966\" data-animation=\"none\" data-animation-delay=\"0\"  data-stellar-background-ratio=\"0.5\" data-mute=\"1\" > <div class=\"fat-container\"> <div class=\"fat-col col-md-12 col-xs-12 col-sm-12\" data-animation=\"none\" data-animation-delay=\"0\" id=\"fat-pb-a3c8b9e3-59b0-adaa-c89b-dd65cd8a3851\"  data-mute=\"1\" data-fit-to-bg=\"0\"> <section class=\"page-title-container max-width-800 page-title-left\" id=\"fat-pb-49eed80c-12f1-81a0-3358-0ed140c4e5c9\">\n        <div class=\"container\">\n        <div class=\"row\">\n            <div class=\"col-md-12 lk-no-lh\">\n                <div class=\"page-title-inner\">\n                    <h1 class=\"page-title-heading fw-regular\">\n                        Lektorat &#038; Korrektorat                    <\/h1>\n                                        <div class=\"breadcrumbs\">\n                        <div class=\"breadcrumbs-inner\"><span class=\"breadcrumbs-part\"><a rel=\"prev\" href=\"https:\/\/www.ivanacalciano.com\/de\/\">Home<\/a><\/span> \/ <span class=\"current\">Seite<\/span><\/div>                    <\/div>\n                <\/div>\n            <\/div>\n        <\/div>\n    <\/div>\n<\/section>\n<\/div> <\/div><\/div><\/div><div class=\"fat-fullwidth fat-row-wrap fat-row-shrink\" ><div class=\"row  has-bg-color\"  id=\"fat-pb-cbcb535a-18bc-4c5b-07a2-35da0a4537e8\" data-animation=\"none\" data-animation-delay=\"0\"  data-mute=\"1\" > <div class=\"fat-container\"> <div class=\"fat-col col-md-8 col-xs-12 col-sm-12\" data-animation=\"none\" data-animation-delay=\"0\" id=\"fat-pb-06ab5ecf-b1ec-6585-e125-2c0c9b29898c\"  data-mute=\"1\" data-fit-to-bg=\"0\"> \n<div class=\"lk-title-heading lk-heading-subtitle-title-excerpt text-left lk-heading-custom  lk-heading-medium \" id=\"fat-pb-2645b9c2-46d1-0945-fe06-ea29807cda60\">\n    <div class=\"\" data-animation=\"none\" data-animation-delay=\"0\">\n        <h2 class=\"lk-title c-dark lk-lsp-005 mg-bottom-0\">\n        Texte ohne Fehler und ohne holprige Formulierungen!            <\/h2>\n    <\/div>\n    <\/div><div class=\"fat-text mg-top-20 ff-main fw-regular\" id=\"fat-pb-725f20ee-dc47-6eea-11a1-23f2ed4ced12\" style=\"font-size:16px;color:inherit\" data-animation=\"none\" data-animation-delay=\"0\"><p>Rechtschreib-, Grammatik- und Interpunktionsfehler schleichen sich immer mal in einen Text. Von einer zweiten \u00dcberpr\u00fcfung profitieren in der Regel auch Inhalt, Terminologie, Stil und Lesbarkeit. Denn wie hei\u00dft es so sch\u00f6n? &#8211; Vier Augen sehen mehr als zwei! Vertrauen Sie dabei auf die Professionalit\u00e4t Ihres Sprachdienstleisters: Ich pr\u00fcfe Ihre Texte und sorge bei Ihrer Pr\u00e4sentation oder Rede, den Inhalten Ihrer Webseite oder den Brief Ihres Vorstandsvorsitzenden vor der Ver\u00f6ffentlichung f\u00fcr den sprachlichen Feinschliff.<\/p>\n<\/div><a data-animation=\"none\" data-animation-delay=\"0\"\n   href=\"https:\/\/www.ivanacalciano.com\/de\/kontakt\/\" target=\"_self\" class=\"fat-bt fat-bt-medium mg-top-25 mg-bottom-80 fat-bt-no-border\" id=\"fat-pb-86475e17-5a16-954e-a627-ab5c95772903\">\n   <span class=\"fat-bt-text\">Gerne beantworte ich Ihre Fragen!<\/span>\n<\/a>\n<\/div><div class=\"fat-col col-md-4 col-xs-12 col-sm-12\" data-animation=\"none\" data-animation-delay=\"0\" id=\"fat-pb-0dcea590-5c69-d05b-37eb-908e65f261a4\"  data-mute=\"1\"> \n<div class=\"lk-title-heading lk-heading-subtitle-title text-left lk-heading-custom  lk-heading-small \" id=\"fat-pb-b35150e3-da61-8ba2-90f8-74d4ccc70dfe\" data-animation=\"none\" data-animation-delay=\"0\">\n        <h2 class=\"lk-title c-dark lk-lsp-005 mg-bottom-0\">\n        Ich korrigiere und lektoriere nur Texte in meiner Muttersprache <b>Italienisch<\/b>. Sie k\u00f6nnen mir Ihre italienischen Texte oder \u00dcbersetzungen schicken. Ich \u00fcberpr\u00fcfe sie dann gerne auf Fehler bei:            <\/h2>\n<\/div><div class=\"fat-list lk-list-inline\"><ul class=\"no-list-style\"><li class=\"has-icon\"><span class=\"lk-list-icon\"><i style=\"color:#11223c;\" class=\"fa fa-check\"><\/i><\/span><span class=\"lk-list-title\" style=\"font-size:16px;font-weight:400;\">Rechtschreibung,<\/span><\/li><li class=\"has-icon\"><span class=\"lk-list-icon\"><i style=\"color:#11223c;\" class=\"fa fa-check\"><\/i><\/span><span class=\"lk-list-title\" style=\"font-size:16px;font-weight:400;\">Grammatik und<\/span><\/li><li class=\"has-icon\"><span class=\"lk-list-icon\"><i style=\"color:#11223c;\" class=\"fa fa-check\"><\/i><\/span><span class=\"lk-list-title\" style=\"font-size:16px;font-weight:400;\">Interpunktion<\/span><\/li><\/ul><\/div><div class=\"fat-text mg-top-20 ff-main fw-regular\" id=\"fat-pb-eb987168-a78c-a474-45aa-9a80deef78ce\" style=\"font-size:16px;color:inherit\" data-animation=\"none\" data-animation-delay=\"0\"><p>und lese sie Korrektur. Oder ich kontrolliere<\/p>\n<\/div><div class=\"fat-list lk-list-inline\"><ul class=\"no-list-style\"><li class=\"has-icon\"><span class=\"lk-list-icon\"><i style=\"color:#11223c;\" class=\"fa fa-check\"><\/i><\/span><span class=\"lk-list-title\" style=\"font-size:16px;font-weight:400;\">Inhalt,<\/span><\/li><li class=\"has-icon\"><span class=\"lk-list-icon\"><i style=\"color:#11223c;\" class=\"fa fa-check\"><\/i><\/span><span class=\"lk-list-title\" style=\"font-size:16px;font-weight:400;\">Terminologie,<\/span><\/li><li class=\"has-icon\"><span class=\"lk-list-icon\"><i style=\"color:#11223c;\" class=\"fa fa-check\"><\/i><\/span><span class=\"lk-list-title\" style=\"font-size:16px;font-weight:400;\">Stil und Lesbarkeit<\/span><\/li><\/ul><\/div><div class=\"fat-text mg-top-20 mg-bottom-80 ff-main fw-regular\" id=\"fat-pb-abe38b64-fb80-cc5c-b483-a15951d66910\" style=\"font-size:16px;color:inherit\" data-animation=\"none\" data-animation-delay=\"0\"><p>und lektoriere Ihre Texte.<\/p>\n<\/div><\/div> <\/div><\/div><\/div><div class=\"fat-fullwidth fat-row-wrap fat-row-shrink\" ><div class=\"row  has-bg-color\"  id=\"fat-pb-eb288101-ce0d-24f6-8aa3-17ac9190592d\" data-animation=\"none\" data-animation-delay=\"0\"  data-stellar-background-ratio=\"0.5\" data-mute=\"1\" > <div class=\"fat-container\"> <div class=\"fat-col col-md-12 col-xs-12 col-sm-12\" data-animation=\"none\" data-animation-delay=\"0\" id=\"fat-pb-10dac990-1113-b74c-6bc8-ac0777584ff4\"  data-mute=\"1\" data-fit-to-bg=\"0\"> \n<div class=\"lk-title-heading lk-heading-subtitle-title text-center lk-heading-custom  lk-heading-medium \" id=\"fat-pb-6ac3a7c7-724d-e00f-f809-15afa1ead604\" data-animation=\"none\" data-animation-delay=\"0\">\n        <h2 class=\"lk-title c-dark lk-lsp-005 mg-bottom-0\">\n        Mein Tipp f\u00fcr Sie: Die Zusammenarbeit mit einem professionellen Korrekturleser hilft Ihnen, Ihre Gesch\u00e4ftsunterlagen zu optimieren. F\u00fcr ein tadelloses Ergebnis empfehle ich meinen Kunden auch f\u00fcr meine \u00dcbersetzungen das Vier-Augen-Prinzip, bei dem eine Kollegin oder ein Kollege meine Texte mit frischem Blick korrigiert oder lektoriert. Dabei arbeite ich immer gerne Hand in Hand mit anderen Sprachprofis.            <\/h2>\n<\/div><\/div> <\/div><\/div><\/div><\/p>\n","protected":false},"excerpt":{"rendered":"","protected":false},"author":1,"featured_media":0,"parent":1163,"menu_order":0,"comment_status":"closed","ping_status":"closed","template":"page-templates\/page-163.php","meta":[],"yoast_head":"<!-- This site is optimized with the Yoast SEO plugin v16.7 - https:\/\/yoast.com\/wordpress\/plugins\/seo\/ -->\n<title>Lektorat &amp; Korrektorat - (Swiss) Italian Translations<\/title>\n<meta name=\"robots\" content=\"index, follow, max-snippet:-1, max-image-preview:large, max-video-preview:-1\" \/>\n<link rel=\"canonical\" href=\"https:\/\/www.ivanacalciano.com\/de\/leistungen\/lektorat-korrektorat\/\" \/>\n<meta property=\"og:locale\" content=\"de_DE\" \/>\n<meta property=\"og:type\" content=\"article\" \/>\n<meta property=\"og:title\" content=\"Lektorat &amp; Korrektorat - (Swiss) Italian Translations\" \/>\n<meta property=\"og:url\" content=\"https:\/\/www.ivanacalciano.com\/de\/leistungen\/lektorat-korrektorat\/\" \/>\n<meta property=\"og:site_name\" content=\"(Swiss) Italian Translations\" \/>\n<meta property=\"article:modified_time\" content=\"2019-02-21T12:01:09+00:00\" \/>\n<meta name=\"twitter:card\" content=\"summary_large_image\" \/>\n<meta name=\"twitter:label1\" content=\"Gesch\u00e4tzte Lesezeit\" \/>\n\t<meta name=\"twitter:data1\" content=\"9\u00a0Minuten\" \/>\n<script type=\"application\/ld+json\" class=\"yoast-schema-graph\">{\"@context\":\"https:\/\/schema.org\",\"@graph\":[{\"@type\":\"WebSite\",\"@id\":\"https:\/\/www.ivanacalciano.com\/#website\",\"url\":\"https:\/\/www.ivanacalciano.com\/\",\"name\":\"(Swiss) Italian Translations\",\"description\":\"\",\"potentialAction\":[{\"@type\":\"SearchAction\",\"target\":{\"@type\":\"EntryPoint\",\"urlTemplate\":\"https:\/\/www.ivanacalciano.com\/?s={search_term_string}\"},\"query-input\":\"required name=search_term_string\"}],\"inLanguage\":\"de\"},{\"@type\":\"WebPage\",\"@id\":\"https:\/\/www.ivanacalciano.com\/de\/leistungen\/lektorat-korrektorat\/#webpage\",\"url\":\"https:\/\/www.ivanacalciano.com\/de\/leistungen\/lektorat-korrektorat\/\",\"name\":\"Lektorat & Korrektorat - (Swiss) Italian Translations\",\"isPartOf\":{\"@id\":\"https:\/\/www.ivanacalciano.com\/#website\"},\"datePublished\":\"2018-07-18T08:52:35+00:00\",\"dateModified\":\"2019-02-21T12:01:09+00:00\",\"breadcrumb\":{\"@id\":\"https:\/\/www.ivanacalciano.com\/de\/leistungen\/lektorat-korrektorat\/#breadcrumb\"},\"inLanguage\":\"de\",\"potentialAction\":[{\"@type\":\"ReadAction\",\"target\":[\"https:\/\/www.ivanacalciano.com\/de\/leistungen\/lektorat-korrektorat\/\"]}]},{\"@type\":\"BreadcrumbList\",\"@id\":\"https:\/\/www.ivanacalciano.com\/de\/leistungen\/lektorat-korrektorat\/#breadcrumb\",\"itemListElement\":[{\"@type\":\"ListItem\",\"position\":1,\"name\":\"Home\",\"item\":\"https:\/\/www.ivanacalciano.com\/de\/\"},{\"@type\":\"ListItem\",\"position\":2,\"name\":\"Leistungen\",\"item\":\"https:\/\/www.ivanacalciano.com\/de\/leistungen\/\"},{\"@type\":\"ListItem\",\"position\":3,\"name\":\"Lektorat &#038; Korrektorat\"}]}]}<\/script>\n<!-- \/ Yoast SEO plugin. -->","yoast_head_json":{"title":"Lektorat & Korrektorat - (Swiss) Italian Translations","robots":{"index":"index","follow":"follow","max-snippet":"max-snippet:-1","max-image-preview":"max-image-preview:large","max-video-preview":"max-video-preview:-1"},"canonical":"https:\/\/www.ivanacalciano.com\/de\/leistungen\/lektorat-korrektorat\/","og_locale":"de_DE","og_type":"article","og_title":"Lektorat & Korrektorat - (Swiss) Italian Translations","og_url":"https:\/\/www.ivanacalciano.com\/de\/leistungen\/lektorat-korrektorat\/","og_site_name":"(Swiss) Italian Translations","article_modified_time":"2019-02-21T12:01:09+00:00","twitter_card":"summary_large_image","twitter_misc":{"Gesch\u00e4tzte Lesezeit":"9\u00a0Minuten"},"schema":{"@context":"https:\/\/schema.org","@graph":[{"@type":"WebSite","@id":"https:\/\/www.ivanacalciano.com\/#website","url":"https:\/\/www.ivanacalciano.com\/","name":"(Swiss) Italian Translations","description":"","potentialAction":[{"@type":"SearchAction","target":{"@type":"EntryPoint","urlTemplate":"https:\/\/www.ivanacalciano.com\/?s={search_term_string}"},"query-input":"required name=search_term_string"}],"inLanguage":"de"},{"@type":"WebPage","@id":"https:\/\/www.ivanacalciano.com\/de\/leistungen\/lektorat-korrektorat\/#webpage","url":"https:\/\/www.ivanacalciano.com\/de\/leistungen\/lektorat-korrektorat\/","name":"Lektorat & Korrektorat - (Swiss) Italian Translations","isPartOf":{"@id":"https:\/\/www.ivanacalciano.com\/#website"},"datePublished":"2018-07-18T08:52:35+00:00","dateModified":"2019-02-21T12:01:09+00:00","breadcrumb":{"@id":"https:\/\/www.ivanacalciano.com\/de\/leistungen\/lektorat-korrektorat\/#breadcrumb"},"inLanguage":"de","potentialAction":[{"@type":"ReadAction","target":["https:\/\/www.ivanacalciano.com\/de\/leistungen\/lektorat-korrektorat\/"]}]},{"@type":"BreadcrumbList","@id":"https:\/\/www.ivanacalciano.com\/de\/leistungen\/lektorat-korrektorat\/#breadcrumb","itemListElement":[{"@type":"ListItem","position":1,"name":"Home","item":"https:\/\/www.ivanacalciano.com\/de\/"},{"@type":"ListItem","position":2,"name":"Leistungen","item":"https:\/\/www.ivanacalciano.com\/de\/leistungen\/"},{"@type":"ListItem","position":3,"name":"Lektorat &#038; Korrektorat"}]}]}},"_links":{"self":[{"href":"https:\/\/www.ivanacalciano.com\/de\/wp-json\/wp\/v2\/pages\/1167"}],"collection":[{"href":"https:\/\/www.ivanacalciano.com\/de\/wp-json\/wp\/v2\/pages"}],"about":[{"href":"https:\/\/www.ivanacalciano.com\/de\/wp-json\/wp\/v2\/types\/page"}],"author":[{"embeddable":true,"href":"https:\/\/www.ivanacalciano.com\/de\/wp-json\/wp\/v2\/users\/1"}],"replies":[{"embeddable":true,"href":"https:\/\/www.ivanacalciano.com\/de\/wp-json\/wp\/v2\/comments?post=1167"}],"version-history":[{"count":4,"href":"https:\/\/www.ivanacalciano.com\/de\/wp-json\/wp\/v2\/pages\/1167\/revisions"}],"predecessor-version":[{"id":1233,"href":"https:\/\/www.ivanacalciano.com\/de\/wp-json\/wp\/v2\/pages\/1167\/revisions\/1233"}],"up":[{"embeddable":true,"href":"https:\/\/www.ivanacalciano.com\/de\/wp-json\/wp\/v2\/pages\/1163"}],"wp:attachment":[{"href":"https:\/\/www.ivanacalciano.com\/de\/wp-json\/wp\/v2\/media?parent=1167"}],"curies":[{"name":"wp","href":"https:\/\/api.w.org\/{rel}","templated":true}]}}