{"id":1169,"date":"2018-07-18T08:52:50","date_gmt":"2018-07-18T08:52:50","guid":{"rendered":"https:\/\/www.ivanacalciano.com\/services\/italian-interpreting\/"},"modified":"2020-03-12T17:11:23","modified_gmt":"2020-03-12T17:11:23","slug":"italienisch-dolmetschen","status":"publish","type":"page","link":"https:\/\/www.ivanacalciano.com\/de\/leistungen\/italienisch-dolmetschen\/","title":{"rendered":"Italienisch Dolmetschen"},"content":{"rendered":"<p><div class=\"fat-fullwidth fat-row-wrap fat-row-shrink\" ><div class=\"row \"  id=\"fat-pb-1561855d-6efc-1362-cad3-c7a0c4aa2966\" data-animation=\"none\" data-animation-delay=\"0\"  data-stellar-background-ratio=\"0.5\" data-mute=\"1\" > <div class=\"fat-container\"> <div class=\"fat-col col-md-12 col-xs-12 col-sm-12\" data-animation=\"none\" data-animation-delay=\"0\" id=\"fat-pb-a3c8b9e3-59b0-adaa-c89b-dd65cd8a3851\"  data-mute=\"1\" data-fit-to-bg=\"0\"> <section class=\"page-title-container max-width-800 page-title-left\" id=\"fat-pb-49eed80c-12f1-81a0-3358-0ed140c4e5c9\">\n        <div class=\"container\">\n        <div class=\"row\">\n            <div class=\"col-md-12 lk-no-lh\">\n                <div class=\"page-title-inner\">\n                    <h1 class=\"page-title-heading fw-regular\">\n                        Italienisch Dolmetschen                    <\/h1>\n                                        <div class=\"breadcrumbs\">\n                        <div class=\"breadcrumbs-inner\"><span class=\"breadcrumbs-part\"><a rel=\"prev\" href=\"https:\/\/www.ivanacalciano.com\/de\/\">Home<\/a><\/span> \/ <span class=\"current\">Seite<\/span><\/div>                    <\/div>\n                <\/div>\n            <\/div>\n        <\/div>\n    <\/div>\n<\/section>\n<\/div> <\/div><\/div><\/div><div class=\"fat-fullwidth fat-row-wrap fat-row-shrink\" ><div class=\"row  has-bg-color\"  id=\"fat-pb-cbcb535a-18bc-4c5b-07a2-35da0a4537e8\" data-animation=\"none\" data-animation-delay=\"0\"  data-mute=\"1\" > <div class=\"fat-container\"> <div class=\"fat-col col-md-6 col-xs-12 col-sm-12\" data-animation=\"none\" data-animation-delay=\"0\" id=\"fat-pb-06ab5ecf-b1ec-6585-e125-2c0c9b29898c\"  data-mute=\"1\" data-fit-to-bg=\"0\"> \n<div class=\"lk-title-heading lk-heading-subtitle-title-excerpt text-left lk-heading-custom  lk-heading-medium \" id=\"fat-pb-2645b9c2-46d1-0945-fe06-ea29807cda60\">\n    <div class=\"\" data-animation=\"none\" data-animation-delay=\"0\">\n            <div class=\"lk-subtitle-heading fs-13 fw-bold c-main lk-lsp-005 text-upper\">\n            Gesch\u00e4ftsdolmetschen &amp; externes Kommunikationsmanagement        <\/div>\n        <h2 class=\"lk-title c-dark lk-lsp-005 mg-bottom-0\">\n        Die Face-to-Face-Kommunikation ist nach wie vor der effektivste Weg, um Ihre Ziele zu erreichen...            <\/h2>\n    <\/div>\n    <\/div><div class=\"fat-text mg-top-20 ff-main fw-regular\" id=\"fat-pb-725f20ee-dc47-6eea-11a1-23f2ed4ced12\" style=\"font-size:16px;color:inherit\" data-animation=\"none\" data-animation-delay=\"0\"><p>Sie wollen in den italienischsprachigen Markt einsteigen, bestehende Gesch\u00e4ftsbeziehungen mit Ihren Partnern besprechen oder eine m\u00f6gliche Zusammenarbeit mit neuen Lieferanten aus Italien oder der Schweiz erkunden? Dann ben\u00f6tigen Sie mit Sicherheit einen Sprachprofi, der Sie bei Ihren Verhandlungen und w\u00e4hrend Gesch\u00e4ftsreisen und Messen unterst\u00fctzt. Ich stehe Ihnen mit meinen Sprachkenntnissen und mit meiner gesch\u00e4ftlichen und interkulturellen Kompetenz zur Seite, damit Ihr Meeting positiv verl\u00e4uft und Sie das gew\u00fcnschte Ergebnis erzielen.<\/p>\n<\/div><\/div><div class=\"fat-col col-md-6 col-xs-12 col-sm-12\" data-animation=\"none\" data-animation-delay=\"0\" id=\"fat-pb-2e331132-e5c4-0c94-5aa5-39e13b68b9c7\"  data-mute=\"1\" data-fit-to-bg=\"0\"> \n<div class=\"lk-title-heading lk-heading-subtitle-title text-left lk-heading-custom  lk-heading-medium \" id=\"fat-pb-a059df63-d109-183e-0758-ca6157c0cb07\" data-animation=\"none\" data-animation-delay=\"0\">\n        <h2 class=\"lk-title c-dark lk-lsp-005 mg-bottom-0\">\n        ... aber der Schl\u00fcssel zum langfristigen Erfolg ist Ihr Follow-up!            <\/h2>\n<\/div><div class=\"fat-text mg-top-20 ff-main fw-regular\" id=\"fat-pb-68f6eeeb-1ca0-3032-2099-c003b1250392\" style=\"font-size:16px;color:inherit\" data-animation=\"none\" data-animation-delay=\"0\"><p><em>Denn nach der Messe oder dem Meeting erwartet man von Ihnen, dass Sie mit Ihren Gespr\u00e4chspartnerInnen in Kontakt bleiben. Die Sprachbarriere steht aber weiter zwischen Ihnen und Ihrem Gegen\u00fcber. Besonders f\u00fcr kleinere Unternehmen ohne eigenes Personal, das in der Lage ist, mit fremdsprachlichen Kunden, Lieferanten oder Partnern zu kommunizieren, kann dies zu einem Problem werden. Ich kann Ihnen hier unter die Arme greifen und Ihre Kontakte in Ihrem Namen anschreiben oder anrufen. Dazu m\u00fcssen Sie mir nur alle notwendigen Details \u00fcber den aktuellen Stand Ihrer Gesch\u00e4ftsbeziehung mitteilen, damit ich diese Aufgabe f\u00fcr Sie bestm\u00f6glich erledigen kann.<\/em><\/p>\n<\/div><\/div> <\/div><\/div><\/div><div class=\"fat-fullwidth fat-row-wrap fat-row-shrink\" ><div class=\"row  has-bg-color\"  id=\"fat-pb-c44ff6cd-360d-3c1a-da21-b924fa08a852\" data-animation=\"none\" data-animation-delay=\"0\"  data-mute=\"1\" > <div class=\"fat-container\"> <div class=\"fat-col col-md-12 col-xs-12 col-sm-12\" data-animation=\"none\" data-animation-delay=\"0\" id=\"fat-pb-4b795dcc-182d-11b5-5583-04fad2ce9075\"  data-mute=\"1\" data-fit-to-bg=\"0\"> \n<div class=\"lk-title-heading lk-heading-subtitle-title text-center lk-heading-custom  lk-heading-medium \" id=\"fat-pb-51feb3d2-bae3-a74c-4b32-f0383d5e1cf5\" data-animation=\"none\" data-animation-delay=\"0\">\n        <h2 class=\"lk-title c-dark lk-lsp-005 mg-bottom-0\">\n        Und so l\u00e4uft alles ab ...            <\/h2>\n<\/div><\/div><div class=\"fat-col col-md-4 col-xs-12 col-sm-12\" data-animation=\"none\" data-animation-delay=\"0\" id=\"fat-pb-dd6db9ae-825f-197f-68ed-81e2a1e45e38\"  data-mute=\"1\" data-fit-to-bg=\"0\"> <div class=\"lk-number-box-container lk-number-box-03 has-box-shadow lk-number-box-col-1\" id=\"fat-pb-074fdeec-6300-094d-0e92-f8481ad6558e\" data-owl-options='{}'><div class=\"lk-number-box-item transition-03\" data-animation=\"none\"\n     data-animation-delay=\"0\">\n    <div class=\"lk-number-box-item-inner pg-bottom-15\">\n                    <div class=\"lk-number-box-numerical fs-60 fw-extra\" style=\"color: inherit\">\n                01            <\/div>\n                <div class=\"lk-number-box-info-container\">\n            <h4 class=\"lk-number-box-title fs-22 fw-extra mg-bottom-10\" style=\"color:#000\">\n                            <\/h4>\n            <div class=\"lk-number-box-description\" style=\"color: inherit\">\n                Sie setzen sich mit mir in Verbindung und informieren mich \u00fcber die Details des geplanten Treffens             <\/div>\n                    <\/div>\n    <\/div>\n<\/div><\/div><\/div><div class=\"fat-col col-md-4 col-xs-12 col-sm-12\" data-animation=\"none\" data-animation-delay=\"0\" id=\"fat-pb-0b24cd51-8e39-b586-f216-d580af0a0202\"  data-mute=\"1\" data-fit-to-bg=\"0\"> <div class=\"lk-number-box-container lk-number-box-03 has-box-shadow lk-number-box-col-1\" id=\"fat-pb-3b2e8a4a-0994-5526-6175-862f9d07e647\" data-owl-options='{}'><div class=\"lk-number-box-item transition-03\" data-animation=\"none\"\n     data-animation-delay=\"0\">\n    <div class=\"lk-number-box-item-inner pg-bottom-15\">\n                    <div class=\"lk-number-box-numerical fs-60 fw-extra\" style=\"color: inherit\">\n                02            <\/div>\n                <div class=\"lk-number-box-info-container\">\n            <h4 class=\"lk-number-box-title fs-22 fw-extra mg-bottom-10\" style=\"color:#000\">\n                            <\/h4>\n            <div class=\"lk-number-box-description\" style=\"color: inherit\">\n                Ich \u00fcberpr\u00fcfe Ihre Anfrage und melde mich mit meinem Angebot (mein Honorar sowie m\u00f6gliche Zusatzkosten f\u00fcr Anreise, Verpflegung, Unterkunft, usw.). Falls erforderlich, bitte ich Sie, mir eventuell vorhandenes Referenzmaterial zur Verf\u00fcgung zu stellen            <\/div>\n                    <\/div>\n    <\/div>\n<\/div><\/div><\/div><div class=\"fat-col col-md-4 col-xs-12 col-sm-12\" data-animation=\"none\" data-animation-delay=\"0\" id=\"fat-pb-9525374c-c236-6fb9-30d5-1104f6cf2856\"  data-mute=\"1\" data-fit-to-bg=\"0\"> <div class=\"lk-number-box-container lk-number-box-03 has-box-shadow lk-number-box-col-1\" id=\"fat-pb-fd9fb8d2-e9fe-bd79-a5c0-86f2b9a4f29e\" data-owl-options='{}'><div class=\"lk-number-box-item transition-03\" data-animation=\"none\"\n     data-animation-delay=\"0\">\n    <div class=\"lk-number-box-item-inner pg-bottom-15\">\n                    <div class=\"lk-number-box-numerical fs-60 fw-extra\" style=\"color: inherit\">\n                03            <\/div>\n                <div class=\"lk-number-box-info-container\">\n            <h4 class=\"lk-number-box-title fs-22 fw-extra mg-bottom-10\" style=\"color:#000\">\n                            <\/h4>\n            <div class=\"lk-number-box-description\" style=\"color: inherit\">\n                Ich bereite mich gem\u00e4\u00df Ihren Anforderungen auf den Dolmetscheinsatz vor            <\/div>\n                    <\/div>\n    <\/div>\n<\/div><\/div><\/div><div class=\"fat-col col-md-12 col-xs-12 col-sm-12 text-center\" data-animation=\"none\" data-animation-delay=\"0\" id=\"fat-pb-140fb07b-d749-b64f-5fff-67c02e36e39a\"  data-mute=\"1\"> <a data-animation=\"none\" data-animation-delay=\"0\"\n   href=\"https:\/\/www.ivanacalciano.com\/de\/kontakt\/\" target=\"_self\" class=\"fat-bt fat-bt-medium mg-top-25 fat-bt-no-border\" id=\"fat-pb-e7d2eb38-e6ec-2177-4541-92a0f6be68c5\">\n   <span class=\"fat-bt-text\">Sprechen Sie mit mir \u00fcber Ihr Projekt<\/span>\n<\/a>\n<\/div> <\/div><\/div><\/div><div class=\"fat-fullwidth fat-row-wrap fat-row-shrink\" ><div class=\"row  has-bg-color\"  id=\"fat-pb-d83a302c-a2dd-2256-0485-8519373c6d62\" data-animation=\"none\" data-animation-delay=\"0\"  data-mute=\"1\" > <div class=\"fat-container\"> <div class=\"fat-col col-md-12 col-xs-12 col-sm-12\" data-animation=\"none\" data-animation-delay=\"0\" id=\"fat-pb-8b62c061-ac01-d244-9440-5d1738f055b7\"  data-mute=\"1\"> \n<div class=\"lk-title-heading lk-heading-subtitle-title text-center lk-heading-custom  lk-heading-small \" id=\"fat-pb-987331d3-7adc-0cd6-e050-a26e12d6bd21\" data-animation=\"none\" data-animation-delay=\"0\">\n        <h2 class=\"lk-title c-dark lk-lsp-005 mg-bottom-0\">\n        Das sagen meine Kunden \u00fcber mich ...            <\/h2>\n<\/div><div class=\"lk-testimonial-container owl-carousel lk-bg-transparent lk-testimonial-style-03 max-width-800 text-center\" data-animation=\"none\" data-animation-delay=\"150\" data-owl-options='{\"items\":\"1\",\"margin\":0,\"loop\":true,\"dots\":false,\"nav\":true,\"autoHeight\":\"true\",\"autoplay\":true,\"autoplayTimeout\":15000,\"rtl\":false}' ><div class=\"lk-testimonial-item text-center\">\n    <div class=\"lk-testimonial-message fs-30 lk-italic fw-bold\" style=\"color:#282828\">\n        \u201cFrau Calciano betreut bereits seit Anfang 2013 unser Brillenunternehmen. Ihre Erfahrung als Dolmetscherin hat uns \u00fcberzeugt und so haben wir sie ausgew\u00e4hlt, uns auf zwei internationalen Branchenmessen zu unterst\u00fctzen. Ihre Sensibilit\u00e4t, Kompetenz und Expertise haben auch bei vielen unserer Messebesucher nachhaltig Eindruck hinterlassen. Mit ihrer Arbeit ist es ihr gelungen, eine vertrauensvolle Beziehung zu den ausl\u00e4ndischen Anbietern aufzubauen, was uns dazu bewogen hat, Ivana auch die Vor- und Nachbereitung der Messe anzuvertrauen, mit der die Voraussetzungen f\u00fcr die Gesch\u00e4ftsentwicklung geschaffen werden. Frau Calciano ist sehr versiert im Umgang mit den neuen digitalen Kommunikationsmitteln: Je nachdem, welche Kontaktaufnahme von ihren jeweiligen Ansprechpartnern gew\u00fcnscht wird, kommuniziert sie entweder schriftlich per Web oder im direkten Gespr\u00e4ch mit ihnen (Mail, Skype, SMS, direkter R\u00fcckruf \u00fcber Satellit, soziale Netzwerke). Mit ihrer Professionalit\u00e4t f\u00fcgt sie sich nahtlos in den Gesch\u00e4ftsbetrieb ein und es gelingt ihr, konstruktiv mit unseren Partnern zu kommunizieren. Dabei beschr\u00e4nkt sie sich nicht darauf, nur die mit dem Unternehmen vereinbarten Inhalte zu vermitteln. Im Dialog bringt sie ihre eigenen Ideen mit ein und schafft es so, mit viel Einf\u00fchlungsverm\u00f6gen und Respekt ganz nat\u00fcrlich mit Gespr\u00e4chspartnern aus unterschiedlichen L\u00e4ndern und Kulturen auf Englisch, Deutsch und Franz\u00f6sisch zu interagieren .\u201d\n    <\/div>\n            <div class=\"lk-testimonial-customer-avatar text-center\">\n            <img class=\"lk-small-avatar\" alt=\"Ugo Bianco\" src=\"\" width=\"100\" height=\"100\">\n        <\/div>\n        <div class=\"lk-testimonial-customer\">\n        <h4 class=\"text-upper lk-testimonial-customer-name fs-14 fw-semi lk-lsp-0 mg-bottom-0 mg-top-35\"\n            style=\"color:#282828\"\n        >Ugo Bianco<\/h4>\n        <span class=\"lk-testimonial-department fs-14 ff-second lk-italic lk-lsp-0\" style=\"color:#4edfb3\">Kommunikationsberater und Werbegrafiker, Alleiniger Gesch\u00e4ftsf\u00fchrer der Zaketak S.r.l.<\/span>\n    <\/div>\n<\/div><div class=\"lk-testimonial-item text-center\">\n    <div class=\"lk-testimonial-message fs-30 lk-italic fw-bold\" style=\"color:#282828\">\n        \u201cIvana ist eine hervorragende Dolmetscherin f\u00fcr Deutsch und Englisch. Wir sch\u00e4tzen ihr professionelles Auftreten und ihre Einsatzbereitschaft. Sie ist immer voll da und auf dem Punkt, sie f\u00fcgt sich sofort in ihre kaufm\u00e4nnische Rolle ein und beweist in k\u00fcrzester Zeit eine beneidenswerte technische Sachkenntnis. Alle Teilnehmer des Kurses PAPERWORLD 2013 haben ihre herzliche Art sehr gesch\u00e4tzt.\u201d\n    <\/div>\n            <div class=\"lk-testimonial-customer-avatar text-center\">\n            <img class=\"lk-small-avatar\" alt=\"Alessandro Ledda\" src=\"\" width=\"100\" height=\"100\">\n        <\/div>\n        <div class=\"lk-testimonial-customer\">\n        <h4 class=\"text-upper lk-testimonial-customer-name fs-14 fw-semi lk-lsp-0 mg-bottom-0 mg-top-35\"\n            style=\"color:#282828\"\n        >Alessandro Ledda<\/h4>\n        <span class=\"lk-testimonial-department fs-14 ff-second lk-italic lk-lsp-0\" style=\"color:#4edfb3\">Gesch\u00e4ftsf\u00fchrer und Projektmanager bei MENUMANIA - NaturalFile - BKAsystem<\/span>\n    <\/div>\n<\/div><div class=\"lk-testimonial-item text-center\">\n    <div class=\"lk-testimonial-message fs-30 lk-italic fw-bold\" style=\"color:#282828\">\n        \u201cWir haben mit Ivana Calciano auf der Frankfurter Musikmesse 2013 und 2014 zusammengearbeitet. Beide Male hat Ivana ihr hervorragendes Sprachtalent und ihre professionelle Kompetenz als Dolmetscherin unter Beweis gestellt. Mit ihrem engagierten Einsatz schaffte sie es mit Leichtigkeit, eine Beziehung zu unseren Kunden herzustellen.\u201d\n    <\/div>\n            <div class=\"lk-testimonial-customer-avatar text-center\">\n            <img class=\"lk-small-avatar\" alt=\"Prof. Orfeo Borgani, \" src=\"\" width=\"100\" height=\"100\">\n        <\/div>\n        <div class=\"lk-testimonial-customer\">\n        <h4 class=\"text-upper lk-testimonial-customer-name fs-14 fw-semi lk-lsp-0 mg-bottom-0 mg-top-35\"\n            style=\"color:#282828\"\n        >Prof. Orfeo Borgani, <\/h4>\n        <span class=\"lk-testimonial-department fs-14 ff-second lk-italic lk-lsp-0\" style=\"color:#4edfb3\">Gesch\u00e4ftsf\u00fchrer bei Borgani Sassofoni S.n.c.<\/span>\n    <\/div>\n<\/div><\/div><\/div> <\/div><\/div><\/div><\/p>\n","protected":false},"excerpt":{"rendered":"","protected":false},"author":1,"featured_media":0,"parent":1163,"menu_order":0,"comment_status":"closed","ping_status":"closed","template":"page-templates\/page-163.php","meta":[],"yoast_head":"<!-- This site is optimized with the Yoast SEO plugin v16.7 - https:\/\/yoast.com\/wordpress\/plugins\/seo\/ -->\n<title>Italienische Dolmetscherin auf Meetings, Messen und Gesch\u00e4ftsreisen.<\/title>\n<meta name=\"description\" content=\"Mit Ihren italienischsprachigen Kunden und Lieferanten sprechen Sie... Italienisch! Als Partner f\u00fcr Dolmetschen stehe ich gerne an Ihrer Seite.\" \/>\n<meta name=\"robots\" content=\"index, follow, max-snippet:-1, max-image-preview:large, max-video-preview:-1\" \/>\n<link rel=\"canonical\" href=\"https:\/\/www.ivanacalciano.com\/de\/leistungen\/italienisch-dolmetschen\/\" \/>\n<meta property=\"og:locale\" content=\"de_DE\" \/>\n<meta property=\"og:type\" content=\"article\" \/>\n<meta property=\"og:title\" content=\"Italienische Dolmetscherin auf Meetings, Messen und Gesch\u00e4ftsreisen.\" \/>\n<meta property=\"og:description\" content=\"Mit Ihren italienischsprachigen Kunden und Lieferanten sprechen Sie... Italienisch! Als Partner f\u00fcr Dolmetschen stehe ich gerne an Ihrer Seite.\" \/>\n<meta property=\"og:url\" content=\"https:\/\/www.ivanacalciano.com\/de\/leistungen\/italienisch-dolmetschen\/\" \/>\n<meta property=\"og:site_name\" content=\"(Swiss) Italian Translations\" \/>\n<meta property=\"article:modified_time\" content=\"2020-03-12T17:11:23+00:00\" \/>\n<meta name=\"twitter:card\" content=\"summary_large_image\" \/>\n<meta name=\"twitter:label1\" content=\"Gesch\u00e4tzte Lesezeit\" \/>\n\t<meta name=\"twitter:data1\" content=\"18\u00a0Minuten\" \/>\n<script type=\"application\/ld+json\" class=\"yoast-schema-graph\">{\"@context\":\"https:\/\/schema.org\",\"@graph\":[{\"@type\":\"WebSite\",\"@id\":\"https:\/\/www.ivanacalciano.com\/#website\",\"url\":\"https:\/\/www.ivanacalciano.com\/\",\"name\":\"(Swiss) Italian Translations\",\"description\":\"\",\"potentialAction\":[{\"@type\":\"SearchAction\",\"target\":{\"@type\":\"EntryPoint\",\"urlTemplate\":\"https:\/\/www.ivanacalciano.com\/?s={search_term_string}\"},\"query-input\":\"required name=search_term_string\"}],\"inLanguage\":\"de\"},{\"@type\":\"WebPage\",\"@id\":\"https:\/\/www.ivanacalciano.com\/de\/leistungen\/italienisch-dolmetschen\/#webpage\",\"url\":\"https:\/\/www.ivanacalciano.com\/de\/leistungen\/italienisch-dolmetschen\/\",\"name\":\"Italienische Dolmetscherin auf Meetings, Messen und Gesch\\u00e4ftsreisen.\",\"isPartOf\":{\"@id\":\"https:\/\/www.ivanacalciano.com\/#website\"},\"datePublished\":\"2018-07-18T08:52:50+00:00\",\"dateModified\":\"2020-03-12T17:11:23+00:00\",\"description\":\"Mit Ihren italienischsprachigen Kunden und Lieferanten sprechen Sie... Italienisch! Als Partner f\\u00fcr Dolmetschen stehe ich gerne an Ihrer Seite.\",\"breadcrumb\":{\"@id\":\"https:\/\/www.ivanacalciano.com\/de\/leistungen\/italienisch-dolmetschen\/#breadcrumb\"},\"inLanguage\":\"de\",\"potentialAction\":[{\"@type\":\"ReadAction\",\"target\":[\"https:\/\/www.ivanacalciano.com\/de\/leistungen\/italienisch-dolmetschen\/\"]}]},{\"@type\":\"BreadcrumbList\",\"@id\":\"https:\/\/www.ivanacalciano.com\/de\/leistungen\/italienisch-dolmetschen\/#breadcrumb\",\"itemListElement\":[{\"@type\":\"ListItem\",\"position\":1,\"name\":\"Home\",\"item\":\"https:\/\/www.ivanacalciano.com\/de\/\"},{\"@type\":\"ListItem\",\"position\":2,\"name\":\"Leistungen\",\"item\":\"https:\/\/www.ivanacalciano.com\/de\/leistungen\/\"},{\"@type\":\"ListItem\",\"position\":3,\"name\":\"Italienisch Dolmetschen\"}]}]}<\/script>\n<!-- \/ Yoast SEO plugin. -->","yoast_head_json":{"title":"Italienische Dolmetscherin auf Meetings, Messen und Gesch\u00e4ftsreisen.","description":"Mit Ihren italienischsprachigen Kunden und Lieferanten sprechen Sie... Italienisch! Als Partner f\u00fcr Dolmetschen stehe ich gerne an Ihrer Seite.","robots":{"index":"index","follow":"follow","max-snippet":"max-snippet:-1","max-image-preview":"max-image-preview:large","max-video-preview":"max-video-preview:-1"},"canonical":"https:\/\/www.ivanacalciano.com\/de\/leistungen\/italienisch-dolmetschen\/","og_locale":"de_DE","og_type":"article","og_title":"Italienische Dolmetscherin auf Meetings, Messen und Gesch\u00e4ftsreisen.","og_description":"Mit Ihren italienischsprachigen Kunden und Lieferanten sprechen Sie... Italienisch! Als Partner f\u00fcr Dolmetschen stehe ich gerne an Ihrer Seite.","og_url":"https:\/\/www.ivanacalciano.com\/de\/leistungen\/italienisch-dolmetschen\/","og_site_name":"(Swiss) Italian Translations","article_modified_time":"2020-03-12T17:11:23+00:00","twitter_card":"summary_large_image","twitter_misc":{"Gesch\u00e4tzte Lesezeit":"18\u00a0Minuten"},"schema":{"@context":"https:\/\/schema.org","@graph":[{"@type":"WebSite","@id":"https:\/\/www.ivanacalciano.com\/#website","url":"https:\/\/www.ivanacalciano.com\/","name":"(Swiss) Italian Translations","description":"","potentialAction":[{"@type":"SearchAction","target":{"@type":"EntryPoint","urlTemplate":"https:\/\/www.ivanacalciano.com\/?s={search_term_string}"},"query-input":"required name=search_term_string"}],"inLanguage":"de"},{"@type":"WebPage","@id":"https:\/\/www.ivanacalciano.com\/de\/leistungen\/italienisch-dolmetschen\/#webpage","url":"https:\/\/www.ivanacalciano.com\/de\/leistungen\/italienisch-dolmetschen\/","name":"Italienische Dolmetscherin auf Meetings, Messen und Gesch\u00e4ftsreisen.","isPartOf":{"@id":"https:\/\/www.ivanacalciano.com\/#website"},"datePublished":"2018-07-18T08:52:50+00:00","dateModified":"2020-03-12T17:11:23+00:00","description":"Mit Ihren italienischsprachigen Kunden und Lieferanten sprechen Sie... Italienisch! Als Partner f\u00fcr Dolmetschen stehe ich gerne an Ihrer Seite.","breadcrumb":{"@id":"https:\/\/www.ivanacalciano.com\/de\/leistungen\/italienisch-dolmetschen\/#breadcrumb"},"inLanguage":"de","potentialAction":[{"@type":"ReadAction","target":["https:\/\/www.ivanacalciano.com\/de\/leistungen\/italienisch-dolmetschen\/"]}]},{"@type":"BreadcrumbList","@id":"https:\/\/www.ivanacalciano.com\/de\/leistungen\/italienisch-dolmetschen\/#breadcrumb","itemListElement":[{"@type":"ListItem","position":1,"name":"Home","item":"https:\/\/www.ivanacalciano.com\/de\/"},{"@type":"ListItem","position":2,"name":"Leistungen","item":"https:\/\/www.ivanacalciano.com\/de\/leistungen\/"},{"@type":"ListItem","position":3,"name":"Italienisch Dolmetschen"}]}]}},"_links":{"self":[{"href":"https:\/\/www.ivanacalciano.com\/de\/wp-json\/wp\/v2\/pages\/1169"}],"collection":[{"href":"https:\/\/www.ivanacalciano.com\/de\/wp-json\/wp\/v2\/pages"}],"about":[{"href":"https:\/\/www.ivanacalciano.com\/de\/wp-json\/wp\/v2\/types\/page"}],"author":[{"embeddable":true,"href":"https:\/\/www.ivanacalciano.com\/de\/wp-json\/wp\/v2\/users\/1"}],"replies":[{"embeddable":true,"href":"https:\/\/www.ivanacalciano.com\/de\/wp-json\/wp\/v2\/comments?post=1169"}],"version-history":[{"count":4,"href":"https:\/\/www.ivanacalciano.com\/de\/wp-json\/wp\/v2\/pages\/1169\/revisions"}],"predecessor-version":[{"id":1332,"href":"https:\/\/www.ivanacalciano.com\/de\/wp-json\/wp\/v2\/pages\/1169\/revisions\/1332"}],"up":[{"embeddable":true,"href":"https:\/\/www.ivanacalciano.com\/de\/wp-json\/wp\/v2\/pages\/1163"}],"wp:attachment":[{"href":"https:\/\/www.ivanacalciano.com\/de\/wp-json\/wp\/v2\/media?parent=1169"}],"curies":[{"name":"wp","href":"https:\/\/api.w.org\/{rel}","templated":true}]}}