{"id":1171,"date":"2018-07-18T08:52:14","date_gmt":"2018-07-18T08:52:14","guid":{"rendered":"https:\/\/www.ivanacalciano.com\/services\/natural-cosmetics\/"},"modified":"2019-02-25T12:06:24","modified_gmt":"2019-02-25T12:06:24","slug":"naturkosmetik","status":"publish","type":"page","link":"https:\/\/www.ivanacalciano.com\/de\/leistungen\/naturkosmetik\/","title":{"rendered":"Naturkosmetik"},"content":{"rendered":"<p><div class=\"fat-fullwidth fat-row-wrap fat-row-shrink\" ><div class=\"row \"  id=\"fat-pb-1561855d-6efc-1362-cad3-c7a0c4aa2966\" data-animation=\"none\" data-animation-delay=\"0\"  data-stellar-background-ratio=\"0.5\" data-mute=\"1\" > <div class=\"fat-container\"> <div class=\"fat-col col-md-12 col-xs-12 col-sm-12\" data-animation=\"none\" data-animation-delay=\"0\" id=\"fat-pb-a3c8b9e3-59b0-adaa-c89b-dd65cd8a3851\"  data-mute=\"1\" data-fit-to-bg=\"0\"> <section class=\"page-title-container max-width-800 page-title-left\" id=\"fat-pb-49eed80c-12f1-81a0-3358-0ed140c4e5c9\">\n        <div class=\"container\">\n        <div class=\"row\">\n            <div class=\"col-md-12 lk-no-lh\">\n                <div class=\"page-title-inner\">\n                    <h1 class=\"page-title-heading fw-regular\">\n                        Naturkosmetik                    <\/h1>\n                                        <div class=\"breadcrumbs\">\n                        <div class=\"breadcrumbs-inner\"><span class=\"breadcrumbs-part\"><a rel=\"prev\" href=\"https:\/\/www.ivanacalciano.com\/de\/\">Home<\/a><\/span> \/ <span class=\"current\">Seite<\/span><\/div>                    <\/div>\n                <\/div>\n            <\/div>\n        <\/div>\n    <\/div>\n<\/section>\n<\/div> <\/div><\/div><\/div><div class=\"fat-fullwidth fat-row-wrap fat-row-shrink\" ><div class=\"row  has-bg-color\"  id=\"fat-pb-cbcb535a-18bc-4c5b-07a2-35da0a4537e8\" data-animation=\"none\" data-animation-delay=\"0\"  data-mute=\"1\" > <div class=\"fat-container\"> <div class=\"fat-col col-md-6 col-xs-12 col-sm-12\" data-animation=\"none\" data-animation-delay=\"0\" id=\"fat-pb-06ab5ecf-b1ec-6585-e125-2c0c9b29898c\"  data-mute=\"1\" data-fit-to-bg=\"0\"> \n<div class=\"lk-title-heading lk-heading-subtitle-title-excerpt text-left lk-heading-custom  lk-heading-medium \" id=\"fat-pb-2645b9c2-46d1-0945-fe06-ea29807cda60\">\n    <div class=\"\" data-animation=\"none\" data-animation-delay=\"0\">\n            <div class=\"lk-subtitle-heading fs-13 fw-bold c-main lk-lsp-005 text-upper\">\n            \u00dcbersetzungen f\u00fcr Naturkosmetikmarken        <\/div>\n        <h2 class=\"lk-title c-dark lk-lsp-005 mg-bottom-0\">\n        Inhalte mit Vision            <\/h2>\n    <\/div>\n    <\/div><div class=\"fat-text mg-top-20 ff-main fw-regular\" id=\"fat-pb-725f20ee-dc47-6eea-11a1-23f2ed4ced12\" style=\"font-size:16px;color:inherit\" data-animation=\"none\" data-animation-delay=\"0\"><\/p>\n<p style=\"font-size: 24px; line-height: 43px;\"><em style=\"font-size: 24px; line-height: 43px;\">Wer in der Naturkosmetikbranche gesch\u00e4ftlich t\u00e4tig ist, legt in der Regel Wert auf umweltbewusste Produktionsphilosophien, eine sorgsame Auswahl der Inhaltsstoffe und Verpackungen und oft auch auf einen gesunden und bewussten Lebensstil.<\/em><\/p>\n<p>\n<\/div><\/div><div class=\"fat-col col-md-6 col-xs-12 col-sm-12\" data-animation=\"none\" data-animation-delay=\"0\" id=\"fat-pb-0dcea590-5c69-d05b-37eb-908e65f261a4\"  data-mute=\"1\"> \n<div class=\"lk-title-heading lk-heading-subtitle-title text-left lk-heading-custom  lk-heading-small \" id=\"fat-pb-b5eca9c1-3d20-1639-e37b-82aff2f2ff60\" data-animation=\"none\" data-animation-delay=\"0\">\n        <h2 class=\"lk-title c-dark lk-lsp-005 mg-bottom-0\">\n        Ihre Vision und Ihre Begeisterung f\u00fcr Ihre Marke sind es wert, mit der Welt geteilt zu werden.             <\/h2>\n<\/div><div class=\"fat-text mg-top-20 ff-main fw-regular\" id=\"fat-pb-76b76ee5-4737-ff10-1c76-0d732d3950a7\" style=\"font-size:16px;color:inherit\" data-animation=\"none\" data-animation-delay=\"0\"><p>Engagiert und motiviert helfe ich Ihnen gerne bei der Umsetzung Ihrer Ideen f\u00fcr die KosmetikverbraucherInnen in Italien. Menschen, f\u00fcr die ihre Gesundheit, ihre Sch\u00f6nheit und ihr Aussehen aber auch die Umwelt wichtig sind \u2013 genau wie f\u00fcr Sie und mich! Dank Internet und sozialen Netzwerken als Marketinginstrumente war es noch nie so einfach, global zu agieren. Gerade kleine Unternehmen profitieren von der weltweit wachsenden Beliebtheit von Naturkosmetika bei den K\u00e4uferinnen und K\u00e4ufern \u2013 europaweit z\u00e4hlt Italien dabei zu den wichtigsten M\u00e4rkten.. Erz\u00e4hlen Sie den Menschen in Ihrer Zielgruppe Ihre Geschichte in ihrer Sprache und inspirieren Sie sie mit Ihrer Philosophie.<\/p>\n<\/div><a data-animation=\"none\" data-animation-delay=\"0\"\n   href=\"https:\/\/www.ivanacalciano.com\/de\/kontakt\/\" target=\"_self\" class=\"fat-bt fat-bt-medium mg-top-25 fat-bt-no-border\" id=\"fat-pb-74717242-f464-ed3f-baf4-63c34be709f6\">\n   <span class=\"fat-bt-text\">Gerne h\u00f6re ich mir Ihre Geschichte als Erste an.<\/span>\n<\/a>\n<\/div> <\/div><\/div><\/div><div class=\"fat-fullwidth fat-row-wrap\"><div class=\"row nc-icons has-bg-color\" id=\"fat-pb-1e6c5507-1e49-6151-1002-3743c813e51e\" data-animation=\"none\" data-animation-delay=\"0\"  data-mute=\"1\" > <div class=\"fat-col col-md-12 col-xs-12 col-sm-12\" data-animation=\"none\" data-animation-delay=\"0\" id=\"fat-pb-4c359198-ae74-5c72-60cf-3b64288213ea\"  data-mute=\"1\"> \n<div class=\"lk-title-heading lk-heading-subtitle-title text-center lk-heading-custom  lk-heading-medium \" id=\"fat-pb-333942b8-f61f-d44c-2d91-77b347ac8aec\" data-animation=\"none\" data-animation-delay=\"0\">\n        <h2 class=\"lk-title c-dark lk-lsp-005 mg-bottom-0\">\n        Wenn Sie mit mir zusammenarbeiten, erwartet Sie:            <\/h2>\n<\/div><\/div><div class=\"fat-col col-md-3 col-xs-12 col-sm-12\" data-animation=\"none\" data-animation-delay=\"0\" id=\"fat-pb-a5fd73ec-b30c-ae66-cdca-3893638764f4\"  data-mute=\"1\"> <div id=\"fat-pb-64a66b0e-3d1c-49b3-4539-45935252a881\" class=\"lk-icon-box icon-layout-02 lk-medium-icon    \"\n     data-animation=\"none\"\n     data-animation-delay=\"150\">\n    <div class=\"lk-icon-inner\">\n        <div class=\"lk-icon\">\n            <i class=\"fa fa-eye \"><\/i>\n        <\/div>\n        <div class=\"lk-icon-content-wrap\">\n            <div class=\"lk-icon-content\">\n                <h4 class=\"lk-icon-title lk-lsp-0 fw-extra\"><\/h4>\n                <div class=\"lk-icon-subtitle mg-top-5\"> Ein aussagekr\u00e4ftiger und authentischer Schreibstil<\/div>\n            <\/div>\n        <\/div>\n    <\/div>\n<\/div>\n<\/div><div class=\"fat-col col-md-3 col-xs-12 col-sm-12\" data-animation=\"none\" data-animation-delay=\"0\" id=\"fat-pb-c8fd93dc-6232-a323-b3e8-ae2c803a9f45\"  data-mute=\"1\"> <div id=\"fat-pb-9feaef23-764b-e3b2-5988-4994444cbbfc\" class=\"lk-icon-box icon-layout-02 lk-medium-icon    \"\n     data-animation=\"none\"\n     data-animation-delay=\"150\">\n    <div class=\"lk-icon-inner\">\n        <div class=\"lk-icon\">\n            <i class=\"fa fa-bullseye \"><\/i>\n        <\/div>\n        <div class=\"lk-icon-content-wrap\">\n            <div class=\"lk-icon-content\">\n                <h4 class=\"lk-icon-title lk-lsp-0 fw-extra\"><\/h4>\n                <div class=\"lk-icon-subtitle mg-top-5\"> Pr\u00e4zise und sachkundige \u00dcbersetzungen Ihrer Texte f\u00fcr Marketing und Management<\/div>\n            <\/div>\n        <\/div>\n    <\/div>\n<\/div>\n<\/div><div class=\"fat-col col-md-3 col-xs-12 col-sm-12\" data-animation=\"none\" data-animation-delay=\"0\" id=\"fat-pb-39af7073-f3c3-0e29-1194-3b115907e050\"  data-mute=\"1\"> <div id=\"fat-pb-27ddaaa7-73f7-94fa-6139-c4aaf5532cf3\" class=\"lk-icon-box icon-layout-02 lk-medium-icon    \"\n     data-animation=\"none\"\n     data-animation-delay=\"150\">\n    <div class=\"lk-icon-inner\">\n        <div class=\"lk-icon\">\n            <i class=\"icon icon-heart \"><\/i>\n        <\/div>\n        <div class=\"lk-icon-content-wrap\">\n            <div class=\"lk-icon-content\">\n                <h4 class=\"lk-icon-title lk-lsp-0 fw-extra\"><\/h4>\n                <div class=\"lk-icon-subtitle mg-top-5\"> Eine offene und engagierte Herangehensweise<\/div>\n            <\/div>\n        <\/div>\n    <\/div>\n<\/div>\n<\/div><div class=\"fat-col col-md-3 col-xs-12 col-sm-12\" data-animation=\"none\" data-animation-delay=\"0\" id=\"fat-pb-81b1674e-39c0-b205-9a80-69c65848db11\"  data-mute=\"1\"> <div id=\"fat-pb-171f2f43-7edc-c069-db46-407d6af6bc26\" class=\"lk-icon-box icon-layout-02 lk-medium-icon    \"\n     data-animation=\"none\"\n     data-animation-delay=\"150\">\n    <div class=\"lk-icon-inner\">\n        <div class=\"lk-icon\">\n            <i class=\"fa fa-eyedropper \"><\/i>\n        <\/div>\n        <div class=\"lk-icon-content-wrap\">\n            <div class=\"lk-icon-content\">\n                <h4 class=\"lk-icon-title lk-lsp-0 fw-extra\"><\/h4>\n                <div class=\"lk-icon-subtitle mg-top-5\"> Mein Mehrwert f\u00fcr Sie: Meine Kenntnisse des Naturkosmetikmarkts<\/div>\n            <\/div>\n        <\/div>\n    <\/div>\n<\/div>\n<\/div><div class=\"fat-col col-md-12 col-xs-12 col-sm-12\" data-animation=\"none\" data-animation-delay=\"0\" id=\"fat-pb-d6d222e1-fd05-6a96-8dc6-5e7b0851e460\"  data-mute=\"1\" data-fit-to-bg=\"0\"> \n<div class=\"lk-title-heading lk-heading-subtitle-title text-center lk-heading-custom mg-top-20 mg-bottom-20  lk-heading-medium \" id=\"fat-pb-20263db1-ad29-135b-b570-45b45e27b79c\" data-animation=\"none\" data-animation-delay=\"0\">\n        <h2 class=\"lk-title c-dark lk-lsp-005 mg-bottom-0\">\n        Ich arbeite mit Ihnen, damit:            <\/h2>\n<\/div><div class=\"fat-list lk-list-inline text-center list-second\"><ul class=\"no-list-style\"><li class=\"has-icon\"><span class=\"lk-list-icon\"><i style=\"color:#11223c;\" class=\"fa fa-check\"><\/i><\/span><span class=\"lk-list-title\" style=\"font-size:18px;font-weight:400;color:#ffffff;\">die Vision Ihrer Marke eine sehr bewusste und informierte Zielgruppe erreicht <\/span><\/li><li class=\"has-icon\"><span class=\"lk-list-icon\"><i style=\"color:#11223c;\" class=\"fa fa-check\"><\/i><\/span><span class=\"lk-list-title\" style=\"font-size:18px;font-weight:400;color:#ffffff;\">Sie mit lebendigen, fl\u00fcssigen und ansprechend zu lesenden Inhalten auf Italienisch ein frisches, modernes und professionelles Image Ihres Unternehmens vermitteln k\u00f6nnen<\/span><\/li><li class=\"has-icon\"><span class=\"lk-list-icon\"><i style=\"color:#11223c;\" class=\"fa fa-check\"><\/i><\/span><span class=\"lk-list-title\" style=\"font-size:18px;font-weight:400;color:#ffffff;\">Sie immer auf meine Hilfe oder meinen Rat z\u00e4hlen k\u00f6nnen, wenn Sie Fragen zur italienischen Lokalisierung Ihrer Texte haben <\/span><\/li><\/ul><\/div><\/div><\/div><\/div><\/p>\n","protected":false},"excerpt":{"rendered":"","protected":false},"author":1,"featured_media":0,"parent":1163,"menu_order":0,"comment_status":"closed","ping_status":"closed","template":"page-templates\/page-163.php","meta":[],"yoast_head":"<!-- This site is optimized with the Yoast SEO plugin v16.7 - https:\/\/yoast.com\/wordpress\/plugins\/seo\/ -->\n<title>Naturkosmetik - (Swiss) Italian Translations<\/title>\n<meta name=\"robots\" content=\"index, follow, max-snippet:-1, max-image-preview:large, max-video-preview:-1\" \/>\n<link rel=\"canonical\" href=\"https:\/\/www.ivanacalciano.com\/de\/leistungen\/naturkosmetik\/\" \/>\n<meta property=\"og:locale\" content=\"de_DE\" \/>\n<meta property=\"og:type\" content=\"article\" \/>\n<meta property=\"og:title\" content=\"Naturkosmetik - (Swiss) Italian Translations\" \/>\n<meta property=\"og:url\" content=\"https:\/\/www.ivanacalciano.com\/de\/leistungen\/naturkosmetik\/\" \/>\n<meta property=\"og:site_name\" content=\"(Swiss) Italian Translations\" \/>\n<meta property=\"article:modified_time\" content=\"2019-02-25T12:06:24+00:00\" \/>\n<meta name=\"twitter:card\" content=\"summary_large_image\" \/>\n<meta name=\"twitter:label1\" content=\"Gesch\u00e4tzte Lesezeit\" \/>\n\t<meta name=\"twitter:data1\" content=\"15\u00a0Minuten\" \/>\n<script type=\"application\/ld+json\" class=\"yoast-schema-graph\">{\"@context\":\"https:\/\/schema.org\",\"@graph\":[{\"@type\":\"WebSite\",\"@id\":\"https:\/\/www.ivanacalciano.com\/#website\",\"url\":\"https:\/\/www.ivanacalciano.com\/\",\"name\":\"(Swiss) Italian Translations\",\"description\":\"\",\"potentialAction\":[{\"@type\":\"SearchAction\",\"target\":{\"@type\":\"EntryPoint\",\"urlTemplate\":\"https:\/\/www.ivanacalciano.com\/?s={search_term_string}\"},\"query-input\":\"required name=search_term_string\"}],\"inLanguage\":\"de\"},{\"@type\":\"WebPage\",\"@id\":\"https:\/\/www.ivanacalciano.com\/de\/leistungen\/naturkosmetik\/#webpage\",\"url\":\"https:\/\/www.ivanacalciano.com\/de\/leistungen\/naturkosmetik\/\",\"name\":\"Naturkosmetik - (Swiss) Italian Translations\",\"isPartOf\":{\"@id\":\"https:\/\/www.ivanacalciano.com\/#website\"},\"datePublished\":\"2018-07-18T08:52:14+00:00\",\"dateModified\":\"2019-02-25T12:06:24+00:00\",\"breadcrumb\":{\"@id\":\"https:\/\/www.ivanacalciano.com\/de\/leistungen\/naturkosmetik\/#breadcrumb\"},\"inLanguage\":\"de\",\"potentialAction\":[{\"@type\":\"ReadAction\",\"target\":[\"https:\/\/www.ivanacalciano.com\/de\/leistungen\/naturkosmetik\/\"]}]},{\"@type\":\"BreadcrumbList\",\"@id\":\"https:\/\/www.ivanacalciano.com\/de\/leistungen\/naturkosmetik\/#breadcrumb\",\"itemListElement\":[{\"@type\":\"ListItem\",\"position\":1,\"name\":\"Home\",\"item\":\"https:\/\/www.ivanacalciano.com\/de\/\"},{\"@type\":\"ListItem\",\"position\":2,\"name\":\"Leistungen\",\"item\":\"https:\/\/www.ivanacalciano.com\/de\/leistungen\/\"},{\"@type\":\"ListItem\",\"position\":3,\"name\":\"Naturkosmetik\"}]}]}<\/script>\n<!-- \/ Yoast SEO plugin. -->","yoast_head_json":{"title":"Naturkosmetik - (Swiss) Italian Translations","robots":{"index":"index","follow":"follow","max-snippet":"max-snippet:-1","max-image-preview":"max-image-preview:large","max-video-preview":"max-video-preview:-1"},"canonical":"https:\/\/www.ivanacalciano.com\/de\/leistungen\/naturkosmetik\/","og_locale":"de_DE","og_type":"article","og_title":"Naturkosmetik - (Swiss) Italian Translations","og_url":"https:\/\/www.ivanacalciano.com\/de\/leistungen\/naturkosmetik\/","og_site_name":"(Swiss) Italian Translations","article_modified_time":"2019-02-25T12:06:24+00:00","twitter_card":"summary_large_image","twitter_misc":{"Gesch\u00e4tzte Lesezeit":"15\u00a0Minuten"},"schema":{"@context":"https:\/\/schema.org","@graph":[{"@type":"WebSite","@id":"https:\/\/www.ivanacalciano.com\/#website","url":"https:\/\/www.ivanacalciano.com\/","name":"(Swiss) Italian Translations","description":"","potentialAction":[{"@type":"SearchAction","target":{"@type":"EntryPoint","urlTemplate":"https:\/\/www.ivanacalciano.com\/?s={search_term_string}"},"query-input":"required name=search_term_string"}],"inLanguage":"de"},{"@type":"WebPage","@id":"https:\/\/www.ivanacalciano.com\/de\/leistungen\/naturkosmetik\/#webpage","url":"https:\/\/www.ivanacalciano.com\/de\/leistungen\/naturkosmetik\/","name":"Naturkosmetik - (Swiss) Italian Translations","isPartOf":{"@id":"https:\/\/www.ivanacalciano.com\/#website"},"datePublished":"2018-07-18T08:52:14+00:00","dateModified":"2019-02-25T12:06:24+00:00","breadcrumb":{"@id":"https:\/\/www.ivanacalciano.com\/de\/leistungen\/naturkosmetik\/#breadcrumb"},"inLanguage":"de","potentialAction":[{"@type":"ReadAction","target":["https:\/\/www.ivanacalciano.com\/de\/leistungen\/naturkosmetik\/"]}]},{"@type":"BreadcrumbList","@id":"https:\/\/www.ivanacalciano.com\/de\/leistungen\/naturkosmetik\/#breadcrumb","itemListElement":[{"@type":"ListItem","position":1,"name":"Home","item":"https:\/\/www.ivanacalciano.com\/de\/"},{"@type":"ListItem","position":2,"name":"Leistungen","item":"https:\/\/www.ivanacalciano.com\/de\/leistungen\/"},{"@type":"ListItem","position":3,"name":"Naturkosmetik"}]}]}},"_links":{"self":[{"href":"https:\/\/www.ivanacalciano.com\/de\/wp-json\/wp\/v2\/pages\/1171"}],"collection":[{"href":"https:\/\/www.ivanacalciano.com\/de\/wp-json\/wp\/v2\/pages"}],"about":[{"href":"https:\/\/www.ivanacalciano.com\/de\/wp-json\/wp\/v2\/types\/page"}],"author":[{"embeddable":true,"href":"https:\/\/www.ivanacalciano.com\/de\/wp-json\/wp\/v2\/users\/1"}],"replies":[{"embeddable":true,"href":"https:\/\/www.ivanacalciano.com\/de\/wp-json\/wp\/v2\/comments?post=1171"}],"version-history":[{"count":4,"href":"https:\/\/www.ivanacalciano.com\/de\/wp-json\/wp\/v2\/pages\/1171\/revisions"}],"predecessor-version":[{"id":1317,"href":"https:\/\/www.ivanacalciano.com\/de\/wp-json\/wp\/v2\/pages\/1171\/revisions\/1317"}],"up":[{"embeddable":true,"href":"https:\/\/www.ivanacalciano.com\/de\/wp-json\/wp\/v2\/pages\/1163"}],"wp:attachment":[{"href":"https:\/\/www.ivanacalciano.com\/de\/wp-json\/wp\/v2\/media?parent=1171"}],"curies":[{"name":"wp","href":"https:\/\/api.w.org\/{rel}","templated":true}]}}