{"id":1166,"date":"2018-07-18T08:51:11","date_gmt":"2018-07-18T08:51:11","guid":{"rendered":"https:\/\/www.ivanacalciano.com\/services\/business-marketing-translation\/"},"modified":"2020-04-07T22:54:44","modified_gmt":"2020-04-07T22:54:44","slug":"traduzioni-di-marketing-e-per-aziende","status":"publish","type":"page","link":"https:\/\/www.ivanacalciano.com\/it\/servizi\/traduzioni-di-marketing-e-per-aziende\/","title":{"rendered":"Traduzioni di marketing e per aziende"},"content":{"rendered":"<p><div class=\"fat-fullwidth fat-row-wrap fat-row-shrink\" ><div class=\"row bcg-fix has-bg-color has-bg-overlay\"  id=\"fat-pb-1561855d-6efc-1362-cad3-c7a0c4aa2966\" data-animation=\"none\" data-animation-delay=\"0\"  data-mute=\"1\" ><div class=\"lk-bg-overlay\"><\/div> <div class=\"fat-container\"> <div class=\"fat-col col-md-12 col-xs-12 col-sm-12\" data-animation=\"none\" data-animation-delay=\"0\" id=\"fat-pb-a3c8b9e3-59b0-adaa-c89b-dd65cd8a3851\"  data-mute=\"1\" data-fit-to-bg=\"0\"> <section class=\"page-title-container max-width-800 page-title-left\" id=\"fat-pb-49eed80c-12f1-81a0-3358-0ed140c4e5c9\">\n        <div class=\"container\">\n        <div class=\"row\">\n            <div class=\"col-md-12 lk-no-lh\">\n                <div class=\"page-title-inner\">\n                    <h1 class=\"page-title-heading fw-regular\">\n                        Traduzioni di marketing e per aziende                    <\/h1>\n                                        <div class=\"breadcrumbs\">\n                        <div class=\"breadcrumbs-inner\"><span class=\"breadcrumbs-part\"><a rel=\"prev\" href=\"https:\/\/www.ivanacalciano.com\/it\/\">Home<\/a><\/span> \/ <span class=\"current\">Pagina<\/span><\/div>                    <\/div>\n                <\/div>\n            <\/div>\n        <\/div>\n    <\/div>\n<\/section>\n<\/div> <\/div><\/div><\/div><div class=\"fat-fullwidth fat-row-wrap fat-row-shrink\" ><div class=\"row  has-bg-color\"  id=\"fat-pb-cbcb535a-18bc-4c5b-07a2-35da0a4537e8\" data-animation=\"none\" data-animation-delay=\"0\"  data-mute=\"1\" > <div class=\"fat-container\"> <div class=\"fat-col col-md-6 col-xs-12 col-sm-12\" data-animation=\"none\" data-animation-delay=\"0\" id=\"fat-pb-06ab5ecf-b1ec-6585-e125-2c0c9b29898c\"  data-mute=\"1\" data-fit-to-bg=\"0\"> \n<div class=\"lk-title-heading lk-heading-subtitle-title-excerpt text-left lk-heading-custom  lk-heading-medium \" id=\"fat-pb-2645b9c2-46d1-0945-fe06-ea29807cda60\">\n    <div class=\"\" data-animation=\"none\" data-animation-delay=\"0\">\n            <div class=\"lk-subtitle-heading fs-13 fw-bold c-main lk-lsp-005 text-upper\">\n            Traduzioni commerciali e di marketing e transcreazioni dal tedesco e dall\u2019inglese verso l\u2019italiano        <\/div>\n        <h2 class=\"lk-title c-dark lk-lsp-005 mg-bottom-0\">\n        Traduzioni che veicolano il tuo messaggio.            <\/h2>\n    <\/div>\n            <div class=\"lk-excerpt-heading \" data-animation=\"none\" data-animation-delay=\"150\">\n            <em>Del resto, \u00e8 dell\u2019identit\u00e0 del tuo brand che stiamo parlando<\/em>        <\/div>\n    <\/div><div class=\"fat-text mg-top-20 ff-main fw-regular\" id=\"fat-pb-725f20ee-dc47-6eea-11a1-23f2ed4ced12\" style=\"font-size:16px;color:inherit\" data-animation=\"none\" data-animation-delay=\"0\"><\/p>\n<p>La traduzione \u00e8 fondamentale per imprimere un\u2019immagine positiva dell\u2019azienda sul pubblico cui sono rivolti i suoi sforzi comunicativi. Parliamo, ad esempio, di fornitori, clienti, azionisti, media, collaboratori dell\u2019azienda, ecc. Le decisioni di acquisto e le scelte relative a collaborazioni e partnership dipendono fortemente dalla percezione che gli interessati hanno dell\u2019azienda.<\/p>\n<div class=\"lk-title-heading lk-heading-subtitle-title-excerpt text-left lk-heading-custom lk-heading-medium \">\n<div class=\"lk-excerpt-heading \" data-animation=\"none\" data-animation-delay=\"150\"><em>La percezione conta e i contenuti tradotti contribuiscono a plasmarla<\/em><\/div>\n<\/div>\n<p>\n<\/div><\/div><div class=\"fat-col col-md-6 col-xs-12 col-sm-12\" data-animation=\"none\" data-animation-delay=\"0\" id=\"fat-pb-0dcea590-5c69-d05b-37eb-908e65f261a4\"  data-mute=\"1\"> <div class=\"fat-text mg-top-20 ff-main fw-regular\" id=\"fat-pb-6c434110-6a70-4f1a-c8f4-18219c8de7af\" style=\"font-size:16px;color:inherit\" data-animation=\"none\" data-animation-delay=\"0\"><p><em>Queste sono alcune tra le tipologie testuali che traduco regolarmente per le aziende e in ambito marketing: comunicazioni interne ed esterne, presentazioni di strategie aziendali, contratti e accordi commerciali, policy e procedure, rapporti di gestione, materiali per la formazione, documenti sulla responsabilit\u00e0 sociale d\u2019impresa, siti web, cataloghi, presentazioni aziendali, comunicati stampa, newsletter, articoli di blog, volantini.<\/em><\/p>\n<\/div><\/div> <\/div><\/div><\/div><div class=\"fat-fullwidth fat-row-wrap\"><div class=\"row  has-bg-color\" id=\"fat-pb-98b0eb2a-2801-e029-bbc0-79b515e318a7\" data-animation=\"none\" data-animation-delay=\"0\"  data-column-equal-height=\"1\" data-mute=\"1\" > <div class=\"fat-col col-md-6 col-xs-12 col-sm-12\" data-animation=\"none\" data-animation-delay=\"0\" id=\"fat-pb-9c6252e5-747d-ea37-6d7d-e1fb0a50bc1b\"  data-mute=\"1\"> \n<div class=\"lk-title-heading lk-heading-subtitle-title text-left lk-heading-custom  lk-heading-small \" id=\"fat-pb-c59224ba-9946-c7cf-03a2-1074bcf454da\" data-animation=\"none\" data-animation-delay=\"0\">\n        <h2 class=\"lk-title c-dark lk-lsp-005 mg-bottom-0\">\n        Lavorando con me otterrai:            <\/h2>\n<\/div><div class=\"fat-list lk-list-inline\"><ul class=\"no-list-style\"><li class=\"has-icon\"><span class=\"lk-list-icon\"><i style=\"color:#11223c;\" class=\"fa fa-check\"><\/i><\/span><span class=\"lk-list-title\" style=\"font-size:16px;font-weight:400;\">una scrittura autentica e ben documentata<\/span><\/li><li class=\"has-icon\"><span class=\"lk-list-icon\"><i style=\"color:#11223c;\" class=\"fa fa-check\"><\/i><\/span><span class=\"lk-list-title\" style=\"font-size:16px;font-weight:400;\">flessibilit\u00e0 e adattabilit\u00e0<\/span><\/li><li class=\"has-icon\"><span class=\"lk-list-icon\"><i style=\"color:#11223c;\" class=\"fa fa-check\"><\/i><\/span><span class=\"lk-list-title\" style=\"font-size:16px;font-weight:400;\">un orecchio pronto ad ascoltare le tue esigenze<\/span><\/li><\/ul><\/div>\n<div class=\"lk-title-heading lk-heading-subtitle-title text-left lk-heading-custom mg-top-20  lk-heading-small \" id=\"fat-pb-205ba7c4-a4e7-43b4-4bfa-69c3964a0614\" data-animation=\"none\" data-animation-delay=\"0\">\n        <h2 class=\"lk-title c-dark lk-lsp-005 mg-bottom-0\">\n        Lavorer\u00f2 con te per permetterti di:            <\/h2>\n<\/div><div class=\"fat-list lk-list-inline\"><ul class=\"no-list-style\"><li class=\"has-icon\"><span class=\"lk-list-icon\"><i style=\"color:#11223c;\" class=\"fa fa-check\"><\/i><\/span><span class=\"lk-list-title\" style=\"font-size:16px;font-weight:400;\">veicolare efficacemente il messaggio racchiuso nei tuoi contenuti di marketing<\/span><\/li><li class=\"has-icon\"><span class=\"lk-list-icon\"><i style=\"color:#11223c;\" class=\"fa fa-check\"><\/i><\/span><span class=\"lk-list-title\" style=\"font-size:16px;font-weight:400;\">esibire, in italiano e italiano svizzero, testi freschi e chiari, accuratamente documentati, che conferiscono alla tua azienda un\u2019immagine seria e professionale. Va da se che utilizzer\u00f2 un registro sempre in linea con quello dell\u2019audience scelta, che siano i facoltosi ospiti di case di riposo di lusso o i pi\u00f9 provocatori lettori di Vibe<\/span><\/li><li class=\"has-icon\"><span class=\"lk-list-icon\"><i style=\"color:#11223c;\" class=\"fa fa-check\"><\/i><\/span><span class=\"lk-list-title\" style=\"font-size:16px;font-weight:400;\">evitare confusioni quando avrai a che fare con aspetti strettamente connessi con la cultura di un paese, sempre potenziale fonte di spiacevoli malintesi<\/span><\/li><li class=\"has-icon\"><span class=\"lk-list-icon\"><i style=\"color:#11223c;\" class=\"fa fa-check\"><\/i><\/span><span class=\"lk-list-title\" style=\"font-size:16px;font-weight:400;\">avere sempre qualcuno su cui contare per eventuali dubbi legati alla localizzazione dei tuoi testi in italiano<\/span><\/li><\/ul><\/div><\/div><div class=\"fat-col col-md-6 col-xs-12 col-sm-12\" data-animation=\"none\" data-animation-delay=\"0\" id=\"fat-pb-90f479e7-b95e-2235-5f9e-61d2487c8cd3\"  data-mute=\"1\"> <\/div><\/div><\/div><div class=\"fat-fullwidth fat-row-wrap fat-row-shrink\" ><div class=\"row  has-bg-color\"  id=\"fat-pb-802cb17b-6d5a-d4de-4981-d0ea2c476fb5\" data-animation=\"none\" data-animation-delay=\"0\"  data-mute=\"1\" > <div class=\"fat-container\"> <div class=\"fat-col col-md-12 col-xs-12 col-sm-12\" data-animation=\"none\" data-animation-delay=\"0\" id=\"fat-pb-e1e9062a-7c08-81b3-4ce9-51d2b390f7d8\"  data-mute=\"1\"> \n<div class=\"lk-title-heading lk-heading-subtitle-title text-center lk-heading-custom  lk-heading-medium vertical-line\" id=\"fat-pb-0894a5da-b52e-b168-2d75-6fa5f34c1bd5\" data-animation=\"none\" data-animation-delay=\"0\">\n        <h2 class=\"lk-title c-dark lk-lsp-005 mg-bottom-0\">\n        Ecco cosa dicono di me i miei clienti\u2026            <\/h2>\n<\/div><div class=\"lk-testimonial-container owl-carousel lk-bg-transparent lk-testimonial-style-03 text-center\" data-animation=\"none\" data-animation-delay=\"150\" data-owl-options='{\"items\":\"1\",\"margin\":0,\"loop\":true,\"dots\":false,\"nav\":true,\"autoHeight\":\"true\",\"autoplay\":true,\"autoplayTimeout\":15000,\"rtl\":false}' ><div class=\"lk-testimonial-item text-center\">\n    <div class=\"lk-testimonial-message fs-30 lk-italic fw-bold\" style=\"color:#282828\">\n        \u201cDal punto di vista dello stile, le Sue traduzioni sono impeccabili. Ne abbiamo rimarcato la straordinaria qualit\u00e0 gi\u00e0 dai primi test. Apprezziamo tantissimo la Sua notevole flessibilit\u00e0, perch\u00e9 lavoriamo in un contesto frenetico e spesso dobbiamo rispettare scadenze molto strette. Non \u00e8 facile fornire un prodotto di stile eccellente quando si lavora sotto pressione. Che Lei \u00e8 in grado di farlo ce lo ha dimostrato in pi\u00f9 e pi\u00f9 occasioni. \u201d\n    <\/div>\n            <div class=\"lk-testimonial-customer-avatar text-center\">\n            <img class=\"lk-small-avatar\" alt=\"Sig. Z.,\" src=\"\" width=\"100\" height=\"100\">\n        <\/div>\n        <div class=\"lk-testimonial-customer\">\n        <h4 class=\"text-upper lk-testimonial-customer-name fs-14 fw-semi lk-lsp-0 mg-bottom-0 mg-top-35\"\n            style=\"color:#282828\"\n        >Sig. Z.,<\/h4>\n        <span class=\"lk-testimonial-department fs-14 ff-second lk-italic lk-lsp-0\" style=\"color:#4edfb3\">Agenzia di traduzione, Svizzera<\/span>\n    <\/div>\n<\/div><div class=\"lk-testimonial-item text-center\">\n    <div class=\"lk-testimonial-message fs-30 lk-italic fw-bold\" style=\"color:#282828\">\n        \u201cIvana Calciano \u00e8 una collaboratrice motivata e versatile. Ha tradotto \u2013 con nostra grande soddisfazione \u2013 testi soprattutto nei settori: marketing, economia\/finanza, turismo e diritto. Si \u00e8 dimostrata molto impegnata sin dall\u2019inizio, distinguendosi anche per le sue eccellenti competenze stilistiche. \u00c8 puntuale e attenta ai dettagli e, anche in progetti difficili, ha sempre consegnato un prodotto di qualit\u00e0 che ha soddisfatto noi e i nostri clienti. Il lavoro di Ivana Calciano \u00e8 molto apprezzato sia internamente che esternamente.\u201d\n    <\/div>\n            <div class=\"lk-testimonial-customer-avatar text-center\">\n            <img class=\"lk-small-avatar\" alt=\"Dalibor Damjanovic,\" src=\"\" width=\"100\" height=\"100\">\n        <\/div>\n        <div class=\"lk-testimonial-customer\">\n        <h4 class=\"text-upper lk-testimonial-customer-name fs-14 fw-semi lk-lsp-0 mg-bottom-0 mg-top-35\"\n            style=\"color:#282828\"\n        >Dalibor Damjanovic,<\/h4>\n        <span class=\"lk-testimonial-department fs-14 ff-second lk-italic lk-lsp-0\" style=\"color:#4edfb3\">Responsabile Gestione della Qualit\u00e0, Translation Probst AG<\/span>\n    <\/div>\n<\/div><div class=\"lk-testimonial-item text-center\">\n    <div class=\"lk-testimonial-message fs-30 lk-italic fw-bold\" style=\"color:#282828\">\n        \u201cIvana Calciano traduce per me testi nei settori: diritto delle assicurazioni, marketing e linguistica, tra cui, ad esempio, documenti per corsi di e-learning, presentazioni di prodotti, materiale pubblicitario e trattazioni di linguistica. Le traduzioni di Ivana Calciano sono molto apprezzate dai miei clienti per l\u2019elevato livello di idiomaticit\u00e0, precisione e competenza in materia. E anch\u2019io mi affido volentieri a Ivana Calciano per l\u2019accuratezza, la seriet\u00e0 e la puntualit\u00e0 di cui ha dato prova. Cos\u00ec, con il suo supporto, ho sempre la certezza di poter offrire ai miei clienti traduzioni di ottima qualit\u00e0. Quando ho una richiesta pertinente, Ivana Calciano \u00e8 sempre la prima traduttrice cui mi rivolgo.\u201d\n    <\/div>\n            <div class=\"lk-testimonial-customer-avatar text-center\">\n            <img class=\"lk-small-avatar\" alt=\"Alessandra Savastano,\" src=\"\" width=\"100\" height=\"100\">\n        <\/div>\n        <div class=\"lk-testimonial-customer\">\n        <h4 class=\"text-upper lk-testimonial-customer-name fs-14 fw-semi lk-lsp-0 mg-bottom-0 mg-top-35\"\n            style=\"color:#282828\"\n        >Alessandra Savastano,<\/h4>\n        <span class=\"lk-testimonial-department fs-14 ff-second lk-italic lk-lsp-0\" style=\"color:#4edfb3\">Savastano \u00dcbersetzungsdienst<\/span>\n    <\/div>\n<\/div><div class=\"lk-testimonial-item text-center\">\n    <div class=\"lk-testimonial-message fs-30 lk-italic fw-bold\" style=\"color:#282828\">\n        \u201cIvana Calciano \u00e8 una traduttrice molto affidabile, lavora sempre con professionalit\u00e0 e possiede ottime conoscenze delle lingue tedesco, inglese e italiano. Rispetta sempre le scadenze e d\u00e0 prova di grande flessibilit\u00e0. La collaborazione con Ivana Calciano \u00e8 piacevole, propositiva e risolutiva. I testi tradotti pertengono perlopi\u00f9 agli ambiti: marketing, formazione, industria, comunicazione, turismo, settore energetico e moda. I progetti, consegnati sempre con puntualit\u00e0, soddisfano appieno i nostri requisiti di qualit\u00e0. \u201d\n    <\/div>\n            <div class=\"lk-testimonial-customer-avatar text-center\">\n            <img class=\"lk-small-avatar\" alt=\"Monica Grasso,\" src=\"\" width=\"100\" height=\"100\">\n        <\/div>\n        <div class=\"lk-testimonial-customer\">\n        <h4 class=\"text-upper lk-testimonial-customer-name fs-14 fw-semi lk-lsp-0 mg-bottom-0 mg-top-35\"\n            style=\"color:#282828\"\n        >Monica Grasso,<\/h4>\n        <span class=\"lk-testimonial-department fs-14 ff-second lk-italic lk-lsp-0\" style=\"color:#4edfb3\">Language Manager, Supertext Deutschland GmbH<\/span>\n    <\/div>\n<\/div><div class=\"lk-testimonial-item text-center\">\n    <div class=\"lk-testimonial-message fs-30 lk-italic fw-bold\" style=\"color:#282828\">\n        \u201cL\u2019Ufficio traduzioni di Allianz Suisse \u00e8 lieto di poter contare sulle competenze linguistiche di Ivana Calciano. Le sue traduzioni sono di elevata qualit\u00e0, e nel lavoro si dimostra sempre molto flessibile. Siamo molto soddisfatti di questa fruttuosa collaborazione.\u201d\n    <\/div>\n            <div class=\"lk-testimonial-customer-avatar text-center\">\n            <img class=\"lk-small-avatar\" alt=\"T. Questier,\" src=\"\" width=\"100\" height=\"100\">\n        <\/div>\n        <div class=\"lk-testimonial-customer\">\n        <h4 class=\"text-upper lk-testimonial-customer-name fs-14 fw-semi lk-lsp-0 mg-bottom-0 mg-top-35\"\n            style=\"color:#282828\"\n        >T. Questier,<\/h4>\n        <span class=\"lk-testimonial-department fs-14 ff-second lk-italic lk-lsp-0\" style=\"color:#4edfb3\">Responsabile dell\u2019Ufficio Traduzioni di Allianz Suisse<\/span>\n    <\/div>\n<\/div><\/div><\/div> <\/div><\/div><\/div><div class=\"fat-fullwidth fat-row-wrap fat-row-shrink\" ><div class=\"row  has-bg-color\"  id=\"fat-pb-eb288101-ce0d-24f6-8aa3-17ac9190592d\" data-animation=\"none\" data-animation-delay=\"0\"  data-mute=\"1\" > <div class=\"fat-container\"> <div class=\"fat-col col-md-12 col-xs-12 col-sm-12\" data-animation=\"none\" data-animation-delay=\"0\" id=\"fat-pb-10dac990-1113-b74c-6bc8-ac0777584ff4\"  data-mute=\"1\" data-fit-to-bg=\"0\"> \n<div class=\"lk-title-heading lk-heading-subtitle-title text-center lk-heading-custom  lk-heading-medium vertical-line\" id=\"fat-pb-6ac3a7c7-724d-e00f-f809-15afa1ead604\" data-animation=\"none\" data-animation-delay=\"0\">\n        <h2 class=\"lk-title c-dark lk-lsp-005 mg-bottom-0\">\n        Transcreazione\u2026 un\u2019altra espressione alla moda?            <\/h2>\n<\/div><div class=\"fat-text mg-top-20 ff-main fw-regular\" id=\"fat-pb-a1290b83-41a4-26d6-12bb-18b513504568\" style=\"font-size:16px;color:inherit\" data-animation=\"none\" data-animation-delay=\"0\"><\/p>\n<p style=\"text-align: center; color: #fff;\">S\u00ec e no! Pur non trovandomi d\u2019accordo con la comune definizione di transcreazione come una traduzione non letterale, idiomatica e orientata al target \u2013 perch\u00e9 credo che una traduzione letterale e non idiomatica sia semplicemente una cattiva traduzione! \u2013 \u00e8 anche vero che, per tradurre messaggi di marketing, possono rendersi necessari interventi anche radicali nel testo per far s\u00ec che il contenuto continui ad avere senso e possa far presa anche su un pubblico straniero. E poi, perch\u00e9 no, anche per evitare imbarazzanti gaffe cross-culturali! Non andare quindi nel panico se non riconosci pi\u00f9 il tuo testo: un messaggio e un tono di voce diversi potrebbero essere la scelta giusta per tradurre efficacemente la tua idea!<\/p>\n<p>\n<\/div><\/div> <\/div><\/div><\/div><\/p>\n","protected":false},"excerpt":{"rendered":"","protected":false},"author":1,"featured_media":0,"parent":1164,"menu_order":0,"comment_status":"closed","ping_status":"closed","template":"page-templates\/page-163.php","meta":[],"yoast_head":"<!-- This site is optimized with the Yoast SEO plugin v16.7 - https:\/\/yoast.com\/wordpress\/plugins\/seo\/ -->\n<title>Traduzioni di marketing e per aziende - (Swiss) Italian Translations<\/title>\n<meta name=\"robots\" content=\"index, follow, max-snippet:-1, max-image-preview:large, max-video-preview:-1\" \/>\n<link rel=\"canonical\" href=\"https:\/\/www.ivanacalciano.com\/it\/servizi\/traduzioni-di-marketing-e-per-aziende\/\" \/>\n<meta property=\"og:locale\" content=\"it_IT\" \/>\n<meta property=\"og:type\" content=\"article\" \/>\n<meta property=\"og:title\" content=\"Traduzioni di marketing e per aziende - (Swiss) Italian Translations\" \/>\n<meta property=\"og:url\" content=\"https:\/\/www.ivanacalciano.com\/it\/servizi\/traduzioni-di-marketing-e-per-aziende\/\" \/>\n<meta property=\"og:site_name\" content=\"(Swiss) Italian Translations\" \/>\n<meta property=\"article:modified_time\" content=\"2020-04-07T22:54:44+00:00\" \/>\n<meta name=\"twitter:card\" content=\"summary_large_image\" \/>\n<meta name=\"twitter:label1\" content=\"Tempo di lettura stimato\" \/>\n\t<meta name=\"twitter:data1\" content=\"17 minuti\" \/>\n<script type=\"application\/ld+json\" class=\"yoast-schema-graph\">{\"@context\":\"https:\/\/schema.org\",\"@graph\":[{\"@type\":\"WebSite\",\"@id\":\"https:\/\/www.ivanacalciano.com\/#website\",\"url\":\"https:\/\/www.ivanacalciano.com\/\",\"name\":\"(Swiss) Italian Translations\",\"description\":\"\",\"potentialAction\":[{\"@type\":\"SearchAction\",\"target\":{\"@type\":\"EntryPoint\",\"urlTemplate\":\"https:\/\/www.ivanacalciano.com\/?s={search_term_string}\"},\"query-input\":\"required name=search_term_string\"}],\"inLanguage\":\"it-IT\"},{\"@type\":\"WebPage\",\"@id\":\"https:\/\/www.ivanacalciano.com\/it\/servizi\/traduzioni-di-marketing-e-per-aziende\/#webpage\",\"url\":\"https:\/\/www.ivanacalciano.com\/it\/servizi\/traduzioni-di-marketing-e-per-aziende\/\",\"name\":\"Traduzioni di marketing e per aziende - (Swiss) Italian Translations\",\"isPartOf\":{\"@id\":\"https:\/\/www.ivanacalciano.com\/#website\"},\"datePublished\":\"2018-07-18T08:51:11+00:00\",\"dateModified\":\"2020-04-07T22:54:44+00:00\",\"breadcrumb\":{\"@id\":\"https:\/\/www.ivanacalciano.com\/it\/servizi\/traduzioni-di-marketing-e-per-aziende\/#breadcrumb\"},\"inLanguage\":\"it-IT\",\"potentialAction\":[{\"@type\":\"ReadAction\",\"target\":[\"https:\/\/www.ivanacalciano.com\/it\/servizi\/traduzioni-di-marketing-e-per-aziende\/\"]}]},{\"@type\":\"BreadcrumbList\",\"@id\":\"https:\/\/www.ivanacalciano.com\/it\/servizi\/traduzioni-di-marketing-e-per-aziende\/#breadcrumb\",\"itemListElement\":[{\"@type\":\"ListItem\",\"position\":1,\"name\":\"Home\",\"item\":\"https:\/\/www.ivanacalciano.com\/it\/\"},{\"@type\":\"ListItem\",\"position\":2,\"name\":\"Servizi\",\"item\":\"https:\/\/www.ivanacalciano.com\/it\/servizi\/\"},{\"@type\":\"ListItem\",\"position\":3,\"name\":\"Traduzioni di marketing e per aziende\"}]}]}<\/script>\n<!-- \/ Yoast SEO plugin. -->","yoast_head_json":{"title":"Traduzioni di marketing e per aziende - (Swiss) Italian Translations","robots":{"index":"index","follow":"follow","max-snippet":"max-snippet:-1","max-image-preview":"max-image-preview:large","max-video-preview":"max-video-preview:-1"},"canonical":"https:\/\/www.ivanacalciano.com\/it\/servizi\/traduzioni-di-marketing-e-per-aziende\/","og_locale":"it_IT","og_type":"article","og_title":"Traduzioni di marketing e per aziende - (Swiss) Italian Translations","og_url":"https:\/\/www.ivanacalciano.com\/it\/servizi\/traduzioni-di-marketing-e-per-aziende\/","og_site_name":"(Swiss) Italian Translations","article_modified_time":"2020-04-07T22:54:44+00:00","twitter_card":"summary_large_image","twitter_misc":{"Tempo di lettura stimato":"17 minuti"},"schema":{"@context":"https:\/\/schema.org","@graph":[{"@type":"WebSite","@id":"https:\/\/www.ivanacalciano.com\/#website","url":"https:\/\/www.ivanacalciano.com\/","name":"(Swiss) Italian Translations","description":"","potentialAction":[{"@type":"SearchAction","target":{"@type":"EntryPoint","urlTemplate":"https:\/\/www.ivanacalciano.com\/?s={search_term_string}"},"query-input":"required name=search_term_string"}],"inLanguage":"it-IT"},{"@type":"WebPage","@id":"https:\/\/www.ivanacalciano.com\/it\/servizi\/traduzioni-di-marketing-e-per-aziende\/#webpage","url":"https:\/\/www.ivanacalciano.com\/it\/servizi\/traduzioni-di-marketing-e-per-aziende\/","name":"Traduzioni di marketing e per aziende - (Swiss) Italian Translations","isPartOf":{"@id":"https:\/\/www.ivanacalciano.com\/#website"},"datePublished":"2018-07-18T08:51:11+00:00","dateModified":"2020-04-07T22:54:44+00:00","breadcrumb":{"@id":"https:\/\/www.ivanacalciano.com\/it\/servizi\/traduzioni-di-marketing-e-per-aziende\/#breadcrumb"},"inLanguage":"it-IT","potentialAction":[{"@type":"ReadAction","target":["https:\/\/www.ivanacalciano.com\/it\/servizi\/traduzioni-di-marketing-e-per-aziende\/"]}]},{"@type":"BreadcrumbList","@id":"https:\/\/www.ivanacalciano.com\/it\/servizi\/traduzioni-di-marketing-e-per-aziende\/#breadcrumb","itemListElement":[{"@type":"ListItem","position":1,"name":"Home","item":"https:\/\/www.ivanacalciano.com\/it\/"},{"@type":"ListItem","position":2,"name":"Servizi","item":"https:\/\/www.ivanacalciano.com\/it\/servizi\/"},{"@type":"ListItem","position":3,"name":"Traduzioni di marketing e per aziende"}]}]}},"_links":{"self":[{"href":"https:\/\/www.ivanacalciano.com\/it\/wp-json\/wp\/v2\/pages\/1166"}],"collection":[{"href":"https:\/\/www.ivanacalciano.com\/it\/wp-json\/wp\/v2\/pages"}],"about":[{"href":"https:\/\/www.ivanacalciano.com\/it\/wp-json\/wp\/v2\/types\/page"}],"author":[{"embeddable":true,"href":"https:\/\/www.ivanacalciano.com\/it\/wp-json\/wp\/v2\/users\/1"}],"replies":[{"embeddable":true,"href":"https:\/\/www.ivanacalciano.com\/it\/wp-json\/wp\/v2\/comments?post=1166"}],"version-history":[{"count":10,"href":"https:\/\/www.ivanacalciano.com\/it\/wp-json\/wp\/v2\/pages\/1166\/revisions"}],"predecessor-version":[{"id":1179,"href":"https:\/\/www.ivanacalciano.com\/it\/wp-json\/wp\/v2\/pages\/1166\/revisions\/1179"}],"up":[{"embeddable":true,"href":"https:\/\/www.ivanacalciano.com\/it\/wp-json\/wp\/v2\/pages\/1164"}],"wp:attachment":[{"href":"https:\/\/www.ivanacalciano.com\/it\/wp-json\/wp\/v2\/media?parent=1166"}],"curies":[{"name":"wp","href":"https:\/\/api.w.org\/{rel}","templated":true}]}}