{"id":1172,"date":"2018-07-18T08:52:14","date_gmt":"2018-07-18T08:52:14","guid":{"rendered":"https:\/\/www.ivanacalciano.com\/services\/natural-cosmetics\/"},"modified":"2019-02-21T15:37:50","modified_gmt":"2019-02-21T15:37:50","slug":"cosmesi-ecobio","status":"publish","type":"page","link":"https:\/\/www.ivanacalciano.com\/it\/servizi\/cosmesi-ecobio\/","title":{"rendered":"Cosmesi ecobio"},"content":{"rendered":"<p><div class=\"fat-fullwidth fat-row-wrap fat-row-shrink\" ><div class=\"row \"  id=\"fat-pb-1561855d-6efc-1362-cad3-c7a0c4aa2966\" data-animation=\"none\" data-animation-delay=\"0\"  data-stellar-background-ratio=\"0.5\" data-mute=\"1\" > <div class=\"fat-container\"> <div class=\"fat-col col-md-12 col-xs-12 col-sm-12\" data-animation=\"none\" data-animation-delay=\"0\" id=\"fat-pb-a3c8b9e3-59b0-adaa-c89b-dd65cd8a3851\"  data-mute=\"1\" data-fit-to-bg=\"0\"> <section class=\"page-title-container max-width-800 page-title-left\" id=\"fat-pb-49eed80c-12f1-81a0-3358-0ed140c4e5c9\">\n        <div class=\"container\">\n        <div class=\"row\">\n            <div class=\"col-md-12 lk-no-lh\">\n                <div class=\"page-title-inner\">\n                    <h1 class=\"page-title-heading fw-regular\">\n                        Cosmesi ecobio                    <\/h1>\n                                        <div class=\"breadcrumbs\">\n                        <div class=\"breadcrumbs-inner\"><span class=\"breadcrumbs-part\"><a rel=\"prev\" href=\"https:\/\/www.ivanacalciano.com\/it\/\">Home<\/a><\/span> \/ <span class=\"current\">Pagina<\/span><\/div>                    <\/div>\n                <\/div>\n            <\/div>\n        <\/div>\n    <\/div>\n<\/section>\n<\/div> <\/div><\/div><\/div><div class=\"fat-fullwidth fat-row-wrap fat-row-shrink\" ><div class=\"row  has-bg-color\"  id=\"fat-pb-cbcb535a-18bc-4c5b-07a2-35da0a4537e8\" data-animation=\"none\" data-animation-delay=\"0\"  data-mute=\"1\" > <div class=\"fat-container\"> <div class=\"fat-col col-md-6 col-xs-12 col-sm-12\" data-animation=\"none\" data-animation-delay=\"0\" id=\"fat-pb-06ab5ecf-b1ec-6585-e125-2c0c9b29898c\"  data-mute=\"1\" data-fit-to-bg=\"0\"> \n<div class=\"lk-title-heading lk-heading-subtitle-title-excerpt text-left lk-heading-custom  lk-heading-medium \" id=\"fat-pb-2645b9c2-46d1-0945-fe06-ea29807cda60\">\n    <div class=\"\" data-animation=\"none\" data-animation-delay=\"0\">\n            <div class=\"lk-subtitle-heading fs-13 fw-bold c-main lk-lsp-005 text-upper\">\n            Traduzioni per i marchi della cosmesi bioecologica        <\/div>\n        <h2 class=\"lk-title c-dark lk-lsp-005 mg-bottom-0\">\n        Contenuti che raccontano una visione            <\/h2>\n    <\/div>\n    <\/div><div class=\"fat-text mg-top-20 ff-main fw-regular\" id=\"fat-pb-725f20ee-dc47-6eea-11a1-23f2ed4ced12\" style=\"font-size:16px;color:inherit\" data-animation=\"none\" data-animation-delay=\"0\"><\/p>\n<p style=\"font-size: 24px; line-height: 43px;\"><em style=\"font-size: 24px; line-height: 43px;\">Chi lavora nel campo della cosmetica naturale tende anche ad abbracciare filosofie di produzione rispettose dell\u2019ambiente, a selezionare accuratamente ingredienti e imballaggi e in molti casi anche a condurre uno stile di vita sano basato su scelte consapevoli. <\/em><\/p>\n<p>\n<\/div><\/div><div class=\"fat-col col-md-6 col-xs-12 col-sm-12\" data-animation=\"none\" data-animation-delay=\"0\" id=\"fat-pb-0dcea590-5c69-d05b-37eb-908e65f261a4\"  data-mute=\"1\"> \n<div class=\"lk-title-heading lk-heading-subtitle-title text-left lk-heading-custom  lk-heading-small \" id=\"fat-pb-b5eca9c1-3d20-1639-e37b-82aff2f2ff60\" data-animation=\"none\" data-animation-delay=\"0\">\n        <h2 class=\"lk-title c-dark lk-lsp-005 mg-bottom-0\">\n        La visione e le energie che canalizzi nel tuo brand valgono la pena di essere condivise.             <\/h2>\n<\/div><div class=\"fat-text mg-top-20 ff-main fw-regular\" id=\"fat-pb-76b76ee5-4737-ff10-1c76-0d732d3950a7\" style=\"font-size:16px;color:inherit\" data-animation=\"none\" data-animation-delay=\"0\"><p>Con altrettanta energia e motivazione sar\u00f2 lieta di tradurre le tue idee per i consumatori di cosmetici di lingua italiana. Persone attente alla salute, alla bellezza, al loro aspetto, ma anche all\u2019ambiente \u2013 <em>proprio come me e te!<\/em> Grazie a Internet e ai social network quali strumenti di marketing, operare a livello globale non \u00e8 mai stato cos\u00ec facile. Anche le piccole realt\u00e0 hanno ora la possibilit\u00e0 concreta di avvicinarsi a una cerchia sempre pi\u00f9 ampia di amanti della cosmesi ecobio, con un mercato in Italia tra i pi\u00f9 vivaci d\u2019Europa. Racconta ai potenziali follower la tua storia nella loro lingua: solo cos\u00ec potranno davvero abbracciare la tua filosofia.<\/p>\n<\/div><a data-animation=\"none\" data-animation-delay=\"0\"\n   href=\"https:\/\/www.ivanacalciano.com\/it\/contattami\/\" target=\"_self\" class=\"fat-bt fat-bt-medium mg-top-25 fat-bt-no-border\" id=\"fat-pb-74717242-f464-ed3f-baf4-63c34be709f6\">\n   <span class=\"fat-bt-text\">Sar\u00e0 un piacere essere la prima ad ascoltarla<\/span>\n<\/a>\n<\/div> <\/div><\/div><\/div><div class=\"fat-fullwidth fat-row-wrap\"><div class=\"row nc-icons has-bg-color\" id=\"fat-pb-1e6c5507-1e49-6151-1002-3743c813e51e\" data-animation=\"none\" data-animation-delay=\"0\"  data-mute=\"1\" > <div class=\"fat-col col-md-12 col-xs-12 col-sm-12\" data-animation=\"none\" data-animation-delay=\"0\" id=\"fat-pb-4c359198-ae74-5c72-60cf-3b64288213ea\"  data-mute=\"1\"> \n<div class=\"lk-title-heading lk-heading-subtitle-title text-center lk-heading-custom  lk-heading-medium \" id=\"fat-pb-333942b8-f61f-d44c-2d91-77b347ac8aec\" data-animation=\"none\" data-animation-delay=\"0\">\n        <h2 class=\"lk-title c-dark lk-lsp-005 mg-bottom-0\">\n        Lavorando con me otterrai:            <\/h2>\n<\/div><\/div><div class=\"fat-col col-md-3 col-xs-12 col-sm-12\" data-animation=\"none\" data-animation-delay=\"0\" id=\"fat-pb-a5fd73ec-b30c-ae66-cdca-3893638764f4\"  data-mute=\"1\"> <div id=\"fat-pb-64a66b0e-3d1c-49b3-4539-45935252a881\" class=\"lk-icon-box icon-layout-02 lk-medium-icon    \"\n     data-animation=\"none\"\n     data-animation-delay=\"150\">\n    <div class=\"lk-icon-inner\">\n        <div class=\"lk-icon\">\n            <i class=\"fa fa-eye \"><\/i>\n        <\/div>\n        <div class=\"lk-icon-content-wrap\">\n            <div class=\"lk-icon-content\">\n                <h4 class=\"lk-icon-title lk-lsp-0 fw-extra\"><\/h4>\n                <div class=\"lk-icon-subtitle mg-top-5\"> uno stile di scrittura autentico ed efficace<\/div>\n            <\/div>\n        <\/div>\n    <\/div>\n<\/div>\n<\/div><div class=\"fat-col col-md-3 col-xs-12 col-sm-12\" data-animation=\"none\" data-animation-delay=\"0\" id=\"fat-pb-c8fd93dc-6232-a323-b3e8-ae2c803a9f45\"  data-mute=\"1\"> <div id=\"fat-pb-9feaef23-764b-e3b2-5988-4994444cbbfc\" class=\"lk-icon-box icon-layout-02 lk-medium-icon    \"\n     data-animation=\"none\"\n     data-animation-delay=\"150\">\n    <div class=\"lk-icon-inner\">\n        <div class=\"lk-icon\">\n            <i class=\"fa fa-bullseye \"><\/i>\n        <\/div>\n        <div class=\"lk-icon-content-wrap\">\n            <div class=\"lk-icon-content\">\n                <h4 class=\"lk-icon-title lk-lsp-0 fw-extra\"><\/h4>\n                <div class=\"lk-icon-subtitle mg-top-5\"> traduzioni accurate e ben documentate, sia che si tratti di testi di marketing che amministrativi <\/div>\n            <\/div>\n        <\/div>\n    <\/div>\n<\/div>\n<\/div><div class=\"fat-col col-md-3 col-xs-12 col-sm-12\" data-animation=\"none\" data-animation-delay=\"0\" id=\"fat-pb-39af7073-f3c3-0e29-1194-3b115907e050\"  data-mute=\"1\"> <div id=\"fat-pb-27ddaaa7-73f7-94fa-6139-c4aaf5532cf3\" class=\"lk-icon-box icon-layout-02 lk-medium-icon    \"\n     data-animation=\"none\"\n     data-animation-delay=\"150\">\n    <div class=\"lk-icon-inner\">\n        <div class=\"lk-icon\">\n            <i class=\"icon icon-heart \"><\/i>\n        <\/div>\n        <div class=\"lk-icon-content-wrap\">\n            <div class=\"lk-icon-content\">\n                <h4 class=\"lk-icon-title lk-lsp-0 fw-extra\"><\/h4>\n                <div class=\"lk-icon-subtitle mg-top-5\"> cordialit\u00e0 e dedizione <\/div>\n            <\/div>\n        <\/div>\n    <\/div>\n<\/div>\n<\/div><div class=\"fat-col col-md-3 col-xs-12 col-sm-12\" data-animation=\"none\" data-animation-delay=\"0\" id=\"fat-pb-81b1674e-39c0-b205-9a80-69c65848db11\"  data-mute=\"1\"> <div id=\"fat-pb-171f2f43-7edc-c069-db46-407d6af6bc26\" class=\"lk-icon-box icon-layout-02 lk-medium-icon    \"\n     data-animation=\"none\"\n     data-animation-delay=\"150\">\n    <div class=\"lk-icon-inner\">\n        <div class=\"lk-icon\">\n            <i class=\"fa fa-eyedropper \"><\/i>\n        <\/div>\n        <div class=\"lk-icon-content-wrap\">\n            <div class=\"lk-icon-content\">\n                <h4 class=\"lk-icon-title lk-lsp-0 fw-extra\"><\/h4>\n                <div class=\"lk-icon-subtitle mg-top-5\"> valore aggiunto derivante dalla conoscenza del mercato della cosmesi ecobio<\/div>\n            <\/div>\n        <\/div>\n    <\/div>\n<\/div>\n<\/div><div class=\"fat-col col-md-12 col-xs-12 col-sm-12\" data-animation=\"none\" data-animation-delay=\"0\" id=\"fat-pb-d6d222e1-fd05-6a96-8dc6-5e7b0851e460\"  data-mute=\"1\" data-fit-to-bg=\"0\"> \n<div class=\"lk-title-heading lk-heading-subtitle-title text-center lk-heading-custom mg-top-20 mg-bottom-20  lk-heading-medium \" id=\"fat-pb-20263db1-ad29-135b-b570-45b45e27b79c\" data-animation=\"none\" data-animation-delay=\"0\">\n        <h2 class=\"lk-title c-dark lk-lsp-005 mg-bottom-0\">\n        Lavorer\u00f2 con te per permetterti di:            <\/h2>\n<\/div><div class=\"fat-list lk-list-inline text-center list-second\"><ul class=\"no-list-style\"><li class=\"has-icon\"><span class=\"lk-list-icon\"><i style=\"color:#11223c;\" class=\"fa fa-check\"><\/i><\/span><span class=\"lk-list-title\" style=\"font-size:18px;font-weight:400;color:#ffffff;\">fare breccia nel cuore di un pubblico altamente informato e consapevole<\/span><\/li><li class=\"has-icon\"><span class=\"lk-list-icon\"><i style=\"color:#11223c;\" class=\"fa fa-check\"><\/i><\/span><span class=\"lk-list-title\" style=\"font-size:18px;font-weight:400;color:#ffffff;\">disporre in italiano di testi scorrevoli e vivaci, accuratamente e sapientemente ricercati, che conferiscono alla tua azienda un\u2019immagine fresca, moderna e professionale<\/span><\/li><li class=\"has-icon\"><span class=\"lk-list-icon\"><i style=\"color:#11223c;\" class=\"fa fa-check\"><\/i><\/span><span class=\"lk-list-title\" style=\"font-size:18px;font-weight:400;color:#ffffff;\">avere sempre qualcuno su cui contare per eventuali dubbi legati alla localizzazione dei tuoi testi in italiano<\/span><\/li><\/ul><\/div><\/div><\/div><\/div><\/p>\n","protected":false},"excerpt":{"rendered":"","protected":false},"author":1,"featured_media":0,"parent":1164,"menu_order":0,"comment_status":"closed","ping_status":"closed","template":"page-templates\/page-163.php","meta":[],"yoast_head":"<!-- This site is optimized with the Yoast SEO plugin v16.7 - https:\/\/yoast.com\/wordpress\/plugins\/seo\/ -->\n<title>Cosmesi ecobio - (Swiss) Italian Translations<\/title>\n<meta name=\"robots\" content=\"index, follow, max-snippet:-1, max-image-preview:large, max-video-preview:-1\" \/>\n<link rel=\"canonical\" href=\"https:\/\/www.ivanacalciano.com\/it\/servizi\/cosmesi-ecobio\/\" \/>\n<meta property=\"og:locale\" content=\"it_IT\" \/>\n<meta property=\"og:type\" content=\"article\" \/>\n<meta property=\"og:title\" content=\"Cosmesi ecobio - (Swiss) Italian Translations\" \/>\n<meta property=\"og:url\" content=\"https:\/\/www.ivanacalciano.com\/it\/servizi\/cosmesi-ecobio\/\" \/>\n<meta property=\"og:site_name\" content=\"(Swiss) Italian Translations\" \/>\n<meta property=\"article:modified_time\" content=\"2019-02-21T15:37:50+00:00\" \/>\n<meta name=\"twitter:card\" content=\"summary_large_image\" \/>\n<meta name=\"twitter:label1\" content=\"Tempo di lettura stimato\" \/>\n\t<meta name=\"twitter:data1\" content=\"15 minuti\" \/>\n<script type=\"application\/ld+json\" class=\"yoast-schema-graph\">{\"@context\":\"https:\/\/schema.org\",\"@graph\":[{\"@type\":\"WebSite\",\"@id\":\"https:\/\/www.ivanacalciano.com\/#website\",\"url\":\"https:\/\/www.ivanacalciano.com\/\",\"name\":\"(Swiss) Italian Translations\",\"description\":\"\",\"potentialAction\":[{\"@type\":\"SearchAction\",\"target\":{\"@type\":\"EntryPoint\",\"urlTemplate\":\"https:\/\/www.ivanacalciano.com\/?s={search_term_string}\"},\"query-input\":\"required name=search_term_string\"}],\"inLanguage\":\"it-IT\"},{\"@type\":\"WebPage\",\"@id\":\"https:\/\/www.ivanacalciano.com\/it\/servizi\/cosmesi-ecobio\/#webpage\",\"url\":\"https:\/\/www.ivanacalciano.com\/it\/servizi\/cosmesi-ecobio\/\",\"name\":\"Cosmesi ecobio - (Swiss) Italian Translations\",\"isPartOf\":{\"@id\":\"https:\/\/www.ivanacalciano.com\/#website\"},\"datePublished\":\"2018-07-18T08:52:14+00:00\",\"dateModified\":\"2019-02-21T15:37:50+00:00\",\"breadcrumb\":{\"@id\":\"https:\/\/www.ivanacalciano.com\/it\/servizi\/cosmesi-ecobio\/#breadcrumb\"},\"inLanguage\":\"it-IT\",\"potentialAction\":[{\"@type\":\"ReadAction\",\"target\":[\"https:\/\/www.ivanacalciano.com\/it\/servizi\/cosmesi-ecobio\/\"]}]},{\"@type\":\"BreadcrumbList\",\"@id\":\"https:\/\/www.ivanacalciano.com\/it\/servizi\/cosmesi-ecobio\/#breadcrumb\",\"itemListElement\":[{\"@type\":\"ListItem\",\"position\":1,\"name\":\"Home\",\"item\":\"https:\/\/www.ivanacalciano.com\/it\/\"},{\"@type\":\"ListItem\",\"position\":2,\"name\":\"Servizi\",\"item\":\"https:\/\/www.ivanacalciano.com\/it\/servizi\/\"},{\"@type\":\"ListItem\",\"position\":3,\"name\":\"Cosmesi ecobio\"}]}]}<\/script>\n<!-- \/ Yoast SEO plugin. -->","yoast_head_json":{"title":"Cosmesi ecobio - (Swiss) Italian Translations","robots":{"index":"index","follow":"follow","max-snippet":"max-snippet:-1","max-image-preview":"max-image-preview:large","max-video-preview":"max-video-preview:-1"},"canonical":"https:\/\/www.ivanacalciano.com\/it\/servizi\/cosmesi-ecobio\/","og_locale":"it_IT","og_type":"article","og_title":"Cosmesi ecobio - (Swiss) Italian Translations","og_url":"https:\/\/www.ivanacalciano.com\/it\/servizi\/cosmesi-ecobio\/","og_site_name":"(Swiss) Italian Translations","article_modified_time":"2019-02-21T15:37:50+00:00","twitter_card":"summary_large_image","twitter_misc":{"Tempo di lettura stimato":"15 minuti"},"schema":{"@context":"https:\/\/schema.org","@graph":[{"@type":"WebSite","@id":"https:\/\/www.ivanacalciano.com\/#website","url":"https:\/\/www.ivanacalciano.com\/","name":"(Swiss) Italian Translations","description":"","potentialAction":[{"@type":"SearchAction","target":{"@type":"EntryPoint","urlTemplate":"https:\/\/www.ivanacalciano.com\/?s={search_term_string}"},"query-input":"required name=search_term_string"}],"inLanguage":"it-IT"},{"@type":"WebPage","@id":"https:\/\/www.ivanacalciano.com\/it\/servizi\/cosmesi-ecobio\/#webpage","url":"https:\/\/www.ivanacalciano.com\/it\/servizi\/cosmesi-ecobio\/","name":"Cosmesi ecobio - (Swiss) Italian Translations","isPartOf":{"@id":"https:\/\/www.ivanacalciano.com\/#website"},"datePublished":"2018-07-18T08:52:14+00:00","dateModified":"2019-02-21T15:37:50+00:00","breadcrumb":{"@id":"https:\/\/www.ivanacalciano.com\/it\/servizi\/cosmesi-ecobio\/#breadcrumb"},"inLanguage":"it-IT","potentialAction":[{"@type":"ReadAction","target":["https:\/\/www.ivanacalciano.com\/it\/servizi\/cosmesi-ecobio\/"]}]},{"@type":"BreadcrumbList","@id":"https:\/\/www.ivanacalciano.com\/it\/servizi\/cosmesi-ecobio\/#breadcrumb","itemListElement":[{"@type":"ListItem","position":1,"name":"Home","item":"https:\/\/www.ivanacalciano.com\/it\/"},{"@type":"ListItem","position":2,"name":"Servizi","item":"https:\/\/www.ivanacalciano.com\/it\/servizi\/"},{"@type":"ListItem","position":3,"name":"Cosmesi ecobio"}]}]}},"_links":{"self":[{"href":"https:\/\/www.ivanacalciano.com\/it\/wp-json\/wp\/v2\/pages\/1172"}],"collection":[{"href":"https:\/\/www.ivanacalciano.com\/it\/wp-json\/wp\/v2\/pages"}],"about":[{"href":"https:\/\/www.ivanacalciano.com\/it\/wp-json\/wp\/v2\/types\/page"}],"author":[{"embeddable":true,"href":"https:\/\/www.ivanacalciano.com\/it\/wp-json\/wp\/v2\/users\/1"}],"replies":[{"embeddable":true,"href":"https:\/\/www.ivanacalciano.com\/it\/wp-json\/wp\/v2\/comments?post=1172"}],"version-history":[{"count":3,"href":"https:\/\/www.ivanacalciano.com\/it\/wp-json\/wp\/v2\/pages\/1172\/revisions"}],"predecessor-version":[{"id":1267,"href":"https:\/\/www.ivanacalciano.com\/it\/wp-json\/wp\/v2\/pages\/1172\/revisions\/1267"}],"up":[{"embeddable":true,"href":"https:\/\/www.ivanacalciano.com\/it\/wp-json\/wp\/v2\/pages\/1164"}],"wp:attachment":[{"href":"https:\/\/www.ivanacalciano.com\/it\/wp-json\/wp\/v2\/media?parent=1172"}],"curies":[{"name":"wp","href":"https:\/\/api.w.org\/{rel}","templated":true}]}}