{"id":1176,"date":"2018-07-18T08:51:59","date_gmt":"2018-07-18T08:51:59","guid":{"rendered":"https:\/\/www.ivanacalciano.com\/services\/swiss-market-targeting\/"},"modified":"2019-11-12T18:41:02","modified_gmt":"2019-11-12T18:41:02","slug":"traduzioni-mercato-svizzero","status":"publish","type":"page","link":"https:\/\/www.ivanacalciano.com\/it\/servizi\/traduzioni-mercato-svizzero\/","title":{"rendered":"Traduzioni mercato svizzero"},"content":{"rendered":"<p><div class=\"fat-fullwidth fat-row-wrap fat-row-shrink\" ><div class=\"row \"  id=\"fat-pb-1561855d-6efc-1362-cad3-c7a0c4aa2966\" data-animation=\"none\" data-animation-delay=\"0\"  data-stellar-background-ratio=\"0.5\" data-mute=\"1\" > <div class=\"fat-container\"> <div class=\"fat-col col-md-12 col-xs-12 col-sm-12\" data-animation=\"none\" data-animation-delay=\"0\" id=\"fat-pb-a3c8b9e3-59b0-adaa-c89b-dd65cd8a3851\"  data-mute=\"1\" data-fit-to-bg=\"0\"> <section class=\"page-title-container max-width-800 page-title-left\" id=\"fat-pb-49eed80c-12f1-81a0-3358-0ed140c4e5c9\">\n        <div class=\"container\">\n        <div class=\"row\">\n            <div class=\"col-md-12 lk-no-lh\">\n                <div class=\"page-title-inner\">\n                    <h1 class=\"page-title-heading fw-regular\">\n                        Traduzioni mercato svizzero                    <\/h1>\n                                        <div class=\"breadcrumbs\">\n                        <div class=\"breadcrumbs-inner\"><span class=\"breadcrumbs-part\"><a rel=\"prev\" href=\"https:\/\/www.ivanacalciano.com\/it\/\">Home<\/a><\/span> \/ <span class=\"current\">Pagina<\/span><\/div>                    <\/div>\n                <\/div>\n            <\/div>\n        <\/div>\n    <\/div>\n<\/section>\n<\/div> <\/div><\/div><\/div><div class=\"fat-fullwidth fat-row-wrap fat-row-shrink\" ><div class=\"row  has-bg-color\"  id=\"fat-pb-96b45eec-ff29-172f-7c58-a198ad53b704\" data-animation=\"none\" data-animation-delay=\"0\"  data-mute=\"1\" > <div class=\"fat-container\"> <div class=\"fat-col col-md-7 col-xs-12 col-sm-12\" data-animation=\"none\" data-animation-delay=\"0\" id=\"fat-pb-e72fbe2c-b996-69cb-949e-9c363efe9b79\"  data-mute=\"1\" data-fit-to-bg=\"0\"> \n<div class=\"lk-title-heading lk-heading-subtitle-title-excerpt text-left lk-heading-custom  lk-heading-medium \" id=\"fat-pb-925a39c4-65af-9b00-8be5-067c625d3aac\">\n    <div class=\"\" data-animation=\"none\" data-animation-delay=\"0\">\n        <h2 class=\"lk-title c-dark lk-lsp-005 mg-bottom-0\">\n        Traduzioni per il mercato <em>svizzero<\/em>            <\/h2>\n    <\/div>\n    <\/div><div class=\"fat-text mg-top-20 ff-main fw-regular\" id=\"fat-pb-5096298a-3519-bfa4-4482-7b1e68fe6aa7\" style=\"font-size:16px;color:inherit\" data-animation=\"none\" data-animation-delay=\"0\"><\/p>\n<p>La Svizzera, paese multilingue e multiculturale, vi offre la ghiotta opportunit\u00e0 di poter espandere il business senza dover varcare frontiere.<\/p>\n<p>Un\u2019opportunit\u00e0 ghiotta considerando anche che non dovete spendere risorse in costose ricerche in materia di diritto e fiscalit\u00e0 del paese straniero. C\u2019\u00e8 una barriera, per\u00f2, che potrebbe continuare a interporsi tra voi e un nuovo, pi\u00f9 ampio bacino di clienti: la <strong>lingua!<\/strong><\/p>\n<p>Potendo contare su diversi anni di esperienza nel mondo della traduzione \u2013 con un buon 80% dei progetti approdati sul mercato svizzero \u2013 potr\u00f2 dotarvi di testi adatti alla pubblicazione o anche a un uso interno e informativo.<\/p>\n<p>Le mie traduzioni si contraddistinguono per la naturalezza e fluidit\u00e0 dell\u2019espressione e il rispetto, allo stesso tempo, delle specificit\u00e0 dell\u2019italiano svizzero, in particolare della terminologia e delle norme vigenti nella Confederazione elvetica.<\/p>\n<p>E poi, diciamocelo pure, una volta che i contenuti della vostra azienda saranno gi\u00e0 disponibili in italiano, sar\u00e0 pi\u00f9 facile intessere relazioni commerciali anche con il mercato pi\u00f9 ampio del Belpaese.<\/p>\n<p>\n<\/div><a data-animation=\"none\" data-animation-delay=\"0\"\n   href=\"https:\/\/www.ivanacalciano.com\/it\/contattami\/\" target=\"_self\" class=\"fat-bt fat-bt-medium mg-top-25 mg-bottom-80 fat-bt-no-border\" id=\"fat-pb-ef102ec1-6ed5-0026-85cf-e79567fff33f\">\n   <span class=\"fat-bt-text\">Contattami per un preventivo<\/span>\n<\/a>\n<\/div><div class=\"fat-col col-md-5 col-xs-12 col-sm-12\" data-animation=\"none\" data-animation-delay=\"0\" id=\"fat-pb-e487e404-29e3-3951-be5b-23f3b543ff8e\"  data-mute=\"1\"> <div class=\"fat-text ff-main fw-regular\" id=\"fat-pb-bfceb592-3ca1-bf5b-ccdb-d1103a060311\" style=\"font-size:16px;color:inherit\" data-animation=\"none\" data-animation-delay=\"0\"><\/p>\n<p style=\"font-size: 24px; line-height: 43px;\"><em style=\"font-size: 24px; line-height: 43px;\">Localizzazione di testi aziendali, istituzionali, di marketing, assicurativi (malattia, vita e non vita), nel rispetto della terminologia della Confederazione e delle specificit\u00e0 della Svizzera e del suo impianto normativo.<\/em><\/p>\n<p>\n<\/div>\n<div class=\"lk-title-heading lk-heading-subtitle-title text-left lk-heading-custom mg-top-20  lk-heading-small \" id=\"fat-pb-00e467ad-d9d6-d5a3-9f12-6e7a08aa5bc9\" data-animation=\"none\" data-animation-delay=\"0\">\n        <h2 class=\"lk-title c-dark lk-lsp-005 mg-bottom-0\">\n        Le mie traduzioni in italiano svizzero coprono principalmente i seguenti ambiti:            <\/h2>\n<\/div><div class=\"fat-list lk-list-inline mg-bottom-80\"><ul class=\"no-list-style\"><li class=\"has-icon\"><span class=\"lk-list-icon\"><i style=\"color:#11223c;\" class=\"fa fa-check\"><\/i><\/span><span class=\"lk-list-title\" style=\"font-size:16px;font-weight:400;\">marketing e comunicazione aziendale<\/span><\/li><li class=\"has-icon\"><span class=\"lk-list-icon\"><i style=\"color:#11223c;\" class=\"fa fa-check\"><\/i><\/span><span class=\"lk-list-title\" style=\"font-size:16px;font-weight:400;\">assicurazioni<\/span><\/li><li class=\"has-icon\"><span class=\"lk-list-icon\"><i style=\"color:#11223c;\" class=\"fa fa-check\"><\/i><\/span><span class=\"lk-list-title\" style=\"font-size:16px;font-weight:400;\">istituzioni pubbliche e associazioni professionali<\/span><\/li><li class=\"has-icon\"><span class=\"lk-list-icon\"><i style=\"color:#11223c;\" class=\"fa fa-check\"><\/i><\/span><span class=\"lk-list-title\" style=\"font-size:16px;font-weight:400;\">turismo<\/span><\/li><\/ul><\/div><\/div> <\/div><\/div><\/div><div class=\"container\" ><div  class=\"row  has-bg-color\"  id=\"fat-pb-02f1a813-e55f-8900-0dbf-3d3f37d070e7\" data-animation=\"none\" data-animation-delay=\"0\"  data-mute=\"1\" > <div class=\"fat-col col-md-12 col-xs-12 col-sm-12\" data-animation=\"none\" data-animation-delay=\"0\" id=\"fat-pb-db592ca6-081e-7a65-f5be-bd6b27f611cd\"  data-mute=\"1\"> \n<div class=\"lk-title-heading lk-heading-subtitle-title text-center lk-heading-custom mg-top-20  lk-heading-small \" id=\"fat-pb-c86f97a8-4672-7c4e-8a96-50734dc764b4\" data-animation=\"none\" data-animation-delay=\"0\">\n        <h2 class=\"lk-title c-dark lk-lsp-005 mg-bottom-0\">\n        Curiosi di sapere cosa pensano i clienti dei miei servizi?            <\/h2>\n<\/div><\/div><div class=\"fat-col col-md-4 col-xs-12 col-sm-12\" data-animation=\"none\" data-animation-delay=\"0\" id=\"fat-pb-d35867a7-8b98-12ed-8960-cfd8b02c8b94\"  data-mute=\"1\"> <div class=\"fat-text ff-main fw-regular\" id=\"fat-pb-95bea064-1801-6874-13dd-1ce51ae9d574\" style=\"font-size:16px;color:inherit\" data-animation=\"none\" data-animation-delay=\"0\"><\/p>\n<p style=\"font-size: 20px; font-weight: 600; font-style: italic; line-height: 26.6px; text-align: center;\">\u201cIn terms of style, your Italian translations are excellent. They stood out even in the first tests. We particularly appreciate your high degree of flexibility, because we work in a hectic environment and often need to meet tight delivery deadlines. It is not easy to consistently deliver stylistically high-quality texts under time pressure \u2013 you have proven to us time and again that you can do just that.\u201d<\/p>\n<div class=\"lk-testimonial-customer\">\n<h4 class=\"text-upper lk-testimonial-customer-name fs-14 fw-semi lk-lsp-0 mg-bottom-0 mg-top-35\" style=\"color: #282828; text-align: center; margin-bottom: 0px;\">Mr. Z.<\/h4>\n<p style=\"text-align: center;\"><span class=\"lk-testimonial-department fs-14 ff-second lk-italic lk-lsp-0\" style=\"color: #4edfb3;\">translation agency, Switzerland<\/span><\/p>\n<\/div>\n<p>\n<\/div><\/div><div class=\"fat-col col-md-4 col-xs-12 col-sm-12\" data-animation=\"none\" data-animation-delay=\"0\" id=\"fat-pb-51f56972-4cf9-91e0-2d6f-cfab44aacf4c\"  data-mute=\"1\"> <div class=\"fat-text ff-main fw-regular\" id=\"fat-pb-ddf3d2e7-ab71-00ac-72e1-85f59e145e26\" style=\"font-size:16px;color:inherit\" data-animation=\"none\" data-animation-delay=\"0\"><\/p>\n<p style=\"font-size: 20px; font-weight: 600; font-style: italic; line-height: 26.6px; text-align: center;\">\u201cMs. Calciano is a multi-talented and motivated worker. She has translated and proofread texts mainly in the fields of marketing, economy\/finance, tourism and law to our complete satisfaction. From the beginning, she has been very committed and also displayed excellent stylistic ability. Her strengths include punctuality and attention to detail. Even with difficult jobs, Ms. Calciano has always delivered a good product with which our customers were also satisfied. Ms. Calciano\u2019s work is highly valued, both in-house and externally.\u201d<\/p>\n<div class=\"lk-testimonial-customer\">\n<h4 class=\"text-upper lk-testimonial-customer-name fs-14 fw-semi lk-lsp-0 mg-bottom-0 mg-top-35\" style=\"color: #282828; text-align: center; margin-bottom: 0px;\">Dalibor Damjanovic<\/h4>\n<p style=\"text-align: center;\"><span class=\"lk-testimonial-department fs-14 ff-second lk-italic lk-lsp-0\" style=\"color: #4edfb3;\">Head of Quality Management, Translation Probst AG<\/span><\/p>\n<\/div>\n<p>\n<\/div><\/div><div class=\"fat-col col-md-4 col-xs-12 col-sm-12\" data-animation=\"none\" data-animation-delay=\"0\" id=\"fat-pb-0e75645a-1b5c-172f-f179-a48faf571358\"  data-mute=\"1\"> <div class=\"fat-text ff-main fw-regular\" id=\"fat-pb-9f42334f-953a-c476-4454-c0cf95c3583c\" style=\"font-size:16px;color:inherit\" data-animation=\"none\" data-animation-delay=\"0\"><\/p>\n<p style=\"font-size: 20px; font-weight: 600; font-style: italic; line-height: 26.6px; text-align: center;\">\u201cL\u2019Ufficio traduzioni di Allianz Suisse \u00e8 lieto di poter contare sulle competenze linguistiche di Ivana Calciano. Le sue traduzioni sono di elevata qualit\u00e0, e nel lavoro si dimostra sempre molto flessibile. Siamo molto soddisfatti di questa fruttuosa collaborazione.\u201d<\/p>\n<div class=\"lk-testimonial-customer\">\n<h4 class=\"text-upper lk-testimonial-customer-name fs-14 fw-semi lk-lsp-0 mg-bottom-0 mg-top-35\" style=\"color: #282828; text-align: center; margin-bottom: 0px;\">T. Questier<\/h4>\n<p style=\"text-align: center;\"><span class=\"lk-testimonial-department fs-14 ff-second lk-italic lk-lsp-0\" style=\"color: #4edfb3;\">Responsabile dell\u2019Ufficio traduzioni di Allianz Suisse<br \/>\n<\/span><\/p>\n<\/div>\n<p>\n<\/div><\/div> <\/div><\/div><\/p>\n","protected":false},"excerpt":{"rendered":"","protected":false},"author":1,"featured_media":0,"parent":1164,"menu_order":0,"comment_status":"closed","ping_status":"closed","template":"page-templates\/page-163.php","meta":[],"yoast_head":"<!-- This site is optimized with the Yoast SEO plugin v16.7 - https:\/\/yoast.com\/wordpress\/plugins\/seo\/ -->\n<title>Traduzioni mercato svizzero - (Swiss) Italian Translations<\/title>\n<meta name=\"robots\" content=\"index, follow, max-snippet:-1, max-image-preview:large, max-video-preview:-1\" \/>\n<link rel=\"canonical\" href=\"https:\/\/www.ivanacalciano.com\/it\/servizi\/traduzioni-mercato-svizzero\/\" \/>\n<meta property=\"og:locale\" content=\"it_IT\" \/>\n<meta property=\"og:type\" content=\"article\" \/>\n<meta property=\"og:title\" content=\"Traduzioni mercato svizzero - (Swiss) Italian Translations\" \/>\n<meta property=\"og:url\" content=\"https:\/\/www.ivanacalciano.com\/it\/servizi\/traduzioni-mercato-svizzero\/\" \/>\n<meta property=\"og:site_name\" content=\"(Swiss) Italian Translations\" \/>\n<meta property=\"article:modified_time\" content=\"2019-11-12T18:41:02+00:00\" \/>\n<meta name=\"twitter:card\" content=\"summary_large_image\" \/>\n<meta name=\"twitter:label1\" content=\"Tempo di lettura stimato\" \/>\n\t<meta name=\"twitter:data1\" content=\"13 minuti\" \/>\n<script type=\"application\/ld+json\" class=\"yoast-schema-graph\">{\"@context\":\"https:\/\/schema.org\",\"@graph\":[{\"@type\":\"WebSite\",\"@id\":\"https:\/\/www.ivanacalciano.com\/#website\",\"url\":\"https:\/\/www.ivanacalciano.com\/\",\"name\":\"(Swiss) Italian Translations\",\"description\":\"\",\"potentialAction\":[{\"@type\":\"SearchAction\",\"target\":{\"@type\":\"EntryPoint\",\"urlTemplate\":\"https:\/\/www.ivanacalciano.com\/?s={search_term_string}\"},\"query-input\":\"required name=search_term_string\"}],\"inLanguage\":\"it-IT\"},{\"@type\":\"WebPage\",\"@id\":\"https:\/\/www.ivanacalciano.com\/it\/servizi\/traduzioni-mercato-svizzero\/#webpage\",\"url\":\"https:\/\/www.ivanacalciano.com\/it\/servizi\/traduzioni-mercato-svizzero\/\",\"name\":\"Traduzioni mercato svizzero - (Swiss) Italian Translations\",\"isPartOf\":{\"@id\":\"https:\/\/www.ivanacalciano.com\/#website\"},\"datePublished\":\"2018-07-18T08:51:59+00:00\",\"dateModified\":\"2019-11-12T18:41:02+00:00\",\"breadcrumb\":{\"@id\":\"https:\/\/www.ivanacalciano.com\/it\/servizi\/traduzioni-mercato-svizzero\/#breadcrumb\"},\"inLanguage\":\"it-IT\",\"potentialAction\":[{\"@type\":\"ReadAction\",\"target\":[\"https:\/\/www.ivanacalciano.com\/it\/servizi\/traduzioni-mercato-svizzero\/\"]}]},{\"@type\":\"BreadcrumbList\",\"@id\":\"https:\/\/www.ivanacalciano.com\/it\/servizi\/traduzioni-mercato-svizzero\/#breadcrumb\",\"itemListElement\":[{\"@type\":\"ListItem\",\"position\":1,\"name\":\"Home\",\"item\":\"https:\/\/www.ivanacalciano.com\/it\/\"},{\"@type\":\"ListItem\",\"position\":2,\"name\":\"Servizi\",\"item\":\"https:\/\/www.ivanacalciano.com\/it\/servizi\/\"},{\"@type\":\"ListItem\",\"position\":3,\"name\":\"Traduzioni mercato svizzero\"}]}]}<\/script>\n<!-- \/ Yoast SEO plugin. -->","yoast_head_json":{"title":"Traduzioni mercato svizzero - (Swiss) Italian Translations","robots":{"index":"index","follow":"follow","max-snippet":"max-snippet:-1","max-image-preview":"max-image-preview:large","max-video-preview":"max-video-preview:-1"},"canonical":"https:\/\/www.ivanacalciano.com\/it\/servizi\/traduzioni-mercato-svizzero\/","og_locale":"it_IT","og_type":"article","og_title":"Traduzioni mercato svizzero - (Swiss) Italian Translations","og_url":"https:\/\/www.ivanacalciano.com\/it\/servizi\/traduzioni-mercato-svizzero\/","og_site_name":"(Swiss) Italian Translations","article_modified_time":"2019-11-12T18:41:02+00:00","twitter_card":"summary_large_image","twitter_misc":{"Tempo di lettura stimato":"13 minuti"},"schema":{"@context":"https:\/\/schema.org","@graph":[{"@type":"WebSite","@id":"https:\/\/www.ivanacalciano.com\/#website","url":"https:\/\/www.ivanacalciano.com\/","name":"(Swiss) Italian Translations","description":"","potentialAction":[{"@type":"SearchAction","target":{"@type":"EntryPoint","urlTemplate":"https:\/\/www.ivanacalciano.com\/?s={search_term_string}"},"query-input":"required name=search_term_string"}],"inLanguage":"it-IT"},{"@type":"WebPage","@id":"https:\/\/www.ivanacalciano.com\/it\/servizi\/traduzioni-mercato-svizzero\/#webpage","url":"https:\/\/www.ivanacalciano.com\/it\/servizi\/traduzioni-mercato-svizzero\/","name":"Traduzioni mercato svizzero - (Swiss) Italian Translations","isPartOf":{"@id":"https:\/\/www.ivanacalciano.com\/#website"},"datePublished":"2018-07-18T08:51:59+00:00","dateModified":"2019-11-12T18:41:02+00:00","breadcrumb":{"@id":"https:\/\/www.ivanacalciano.com\/it\/servizi\/traduzioni-mercato-svizzero\/#breadcrumb"},"inLanguage":"it-IT","potentialAction":[{"@type":"ReadAction","target":["https:\/\/www.ivanacalciano.com\/it\/servizi\/traduzioni-mercato-svizzero\/"]}]},{"@type":"BreadcrumbList","@id":"https:\/\/www.ivanacalciano.com\/it\/servizi\/traduzioni-mercato-svizzero\/#breadcrumb","itemListElement":[{"@type":"ListItem","position":1,"name":"Home","item":"https:\/\/www.ivanacalciano.com\/it\/"},{"@type":"ListItem","position":2,"name":"Servizi","item":"https:\/\/www.ivanacalciano.com\/it\/servizi\/"},{"@type":"ListItem","position":3,"name":"Traduzioni mercato svizzero"}]}]}},"_links":{"self":[{"href":"https:\/\/www.ivanacalciano.com\/it\/wp-json\/wp\/v2\/pages\/1176"}],"collection":[{"href":"https:\/\/www.ivanacalciano.com\/it\/wp-json\/wp\/v2\/pages"}],"about":[{"href":"https:\/\/www.ivanacalciano.com\/it\/wp-json\/wp\/v2\/types\/page"}],"author":[{"embeddable":true,"href":"https:\/\/www.ivanacalciano.com\/it\/wp-json\/wp\/v2\/users\/1"}],"replies":[{"embeddable":true,"href":"https:\/\/www.ivanacalciano.com\/it\/wp-json\/wp\/v2\/comments?post=1176"}],"version-history":[{"count":3,"href":"https:\/\/www.ivanacalciano.com\/it\/wp-json\/wp\/v2\/pages\/1176\/revisions"}],"predecessor-version":[{"id":1472,"href":"https:\/\/www.ivanacalciano.com\/it\/wp-json\/wp\/v2\/pages\/1176\/revisions\/1472"}],"up":[{"embeddable":true,"href":"https:\/\/www.ivanacalciano.com\/it\/wp-json\/wp\/v2\/pages\/1164"}],"wp:attachment":[{"href":"https:\/\/www.ivanacalciano.com\/it\/wp-json\/wp\/v2\/media?parent=1176"}],"curies":[{"name":"wp","href":"https:\/\/api.w.org\/{rel}","templated":true}]}}